{"id":94,"date":"2019-06-28T10:36:44","date_gmt":"2019-06-28T08:36:44","guid":{"rendered":"http:\/\/si-franconville.fr\/?page_id=94"},"modified":"2022-09-25T19:57:45","modified_gmt":"2022-09-25T17:57:45","slug":"documentation","status":"publish","type":"page","link":"https:\/\/www.si-franconville.fr\/index.php\/documentation\/","title":{"rendered":"Documentation"},"content":{"rendered":"<p>&nbsp;<\/p>\n<p><span style=\"font-size: 14pt; background-color: #ff9900; color: #000000;\"><a style=\"background-color: #ff9900; color: #000000;\" href=\"http:\/\/si-franconville.fr\/wp-content\/uploads\/2019\/09\/Documentation-sur-Franconville.docx\"><span style=\"font-family: arial, helvetica, sans-serif;\">\u00a0Documentations \u00e9tudes sur Franconville\u00a0<\/span><\/a><\/span><\/p>\n<p><span style=\"font-family: arial, helvetica, sans-serif; background-color: #ffffff;\">Comprend la liste des registres notari\u00e9s relatif aux sources, pour la r\u00e9f\u00e9rence se reporter \u00e0 la date dans le document.<\/span><\/p>\n<p><img loading=\"lazy\" decoding=\"async\" class=\"alignnone wp-image-3851 size-full\" src=\"https:\/\/www.si-franconville.fr\/wp-content\/uploads\/2022\/09\/Documentations-sur-Franconville_001.jpg\" alt=\"\" width=\"793\" height=\"1122\" srcset=\"https:\/\/www.si-franconville.fr\/wp-content\/uploads\/2022\/09\/Documentations-sur-Franconville_001.jpg 793w, https:\/\/www.si-franconville.fr\/wp-content\/uploads\/2022\/09\/Documentations-sur-Franconville_001-212x300.jpg 212w, https:\/\/www.si-franconville.fr\/wp-content\/uploads\/2022\/09\/Documentations-sur-Franconville_001-424x600.jpg 424w, https:\/\/www.si-franconville.fr\/wp-content\/uploads\/2022\/09\/Documentations-sur-Franconville_001-768x1087.jpg 768w, https:\/\/www.si-franconville.fr\/wp-content\/uploads\/2022\/09\/Documentations-sur-Franconville_001-620x877.jpg 620w\" sizes=\"auto, (max-width: 793px) 100vw, 793px\" \/><\/p>\n<p><img loading=\"lazy\" decoding=\"async\" class=\"alignnone wp-image-3852 size-full\" src=\"https:\/\/www.si-franconville.fr\/wp-content\/uploads\/2022\/09\/Documentations-sur-Franconville_002.jpg\" alt=\"\" width=\"793\" height=\"1122\" srcset=\"https:\/\/www.si-franconville.fr\/wp-content\/uploads\/2022\/09\/Documentations-sur-Franconville_002.jpg 793w, https:\/\/www.si-franconville.fr\/wp-content\/uploads\/2022\/09\/Documentations-sur-Franconville_002-212x300.jpg 212w, https:\/\/www.si-franconville.fr\/wp-content\/uploads\/2022\/09\/Documentations-sur-Franconville_002-424x600.jpg 424w, https:\/\/www.si-franconville.fr\/wp-content\/uploads\/2022\/09\/Documentations-sur-Franconville_002-768x1087.jpg 768w, https:\/\/www.si-franconville.fr\/wp-content\/uploads\/2022\/09\/Documentations-sur-Franconville_002-620x877.jpg 620w\" sizes=\"auto, (max-width: 793px) 100vw, 793px\" \/><\/p>\n<p><img loading=\"lazy\" decoding=\"async\" class=\"alignnone wp-image-3853 size-full\" src=\"https:\/\/www.si-franconville.fr\/wp-content\/uploads\/2022\/09\/Documentations-sur-Franconville_003.jpg\" alt=\"\" width=\"793\" height=\"1122\" srcset=\"https:\/\/www.si-franconville.fr\/wp-content\/uploads\/2022\/09\/Documentations-sur-Franconville_003.jpg 793w, https:\/\/www.si-franconville.fr\/wp-content\/uploads\/2022\/09\/Documentations-sur-Franconville_003-212x300.jpg 212w, https:\/\/www.si-franconville.fr\/wp-content\/uploads\/2022\/09\/Documentations-sur-Franconville_003-424x600.jpg 424w, https:\/\/www.si-franconville.fr\/wp-content\/uploads\/2022\/09\/Documentations-sur-Franconville_003-768x1087.jpg 768w, https:\/\/www.si-franconville.fr\/wp-content\/uploads\/2022\/09\/Documentations-sur-Franconville_003-620x877.jpg 620w\" sizes=\"auto, (max-width: 793px) 100vw, 793px\" \/><\/p>\n<p>Registres notari\u00e9s<\/p>\n<p><img loading=\"lazy\" decoding=\"async\" class=\"alignnone wp-image-3856 size-full\" src=\"https:\/\/www.si-franconville.fr\/wp-content\/uploads\/2022\/09\/Registre-Notaires-site_001.jpg\" alt=\"\" width=\"793\" height=\"1122\" srcset=\"https:\/\/www.si-franconville.fr\/wp-content\/uploads\/2022\/09\/Registre-Notaires-site_001.jpg 793w, https:\/\/www.si-franconville.fr\/wp-content\/uploads\/2022\/09\/Registre-Notaires-site_001-212x300.jpg 212w, https:\/\/www.si-franconville.fr\/wp-content\/uploads\/2022\/09\/Registre-Notaires-site_001-424x600.jpg 424w, https:\/\/www.si-franconville.fr\/wp-content\/uploads\/2022\/09\/Registre-Notaires-site_001-768x1087.jpg 768w, https:\/\/www.si-franconville.fr\/wp-content\/uploads\/2022\/09\/Registre-Notaires-site_001-620x877.jpg 620w\" sizes=\"auto, (max-width: 793px) 100vw, 793px\" \/><\/p>\n<p><img loading=\"lazy\" decoding=\"async\" class=\"alignnone wp-image-3854 size-full\" src=\"https:\/\/www.si-franconville.fr\/wp-content\/uploads\/2022\/09\/Registre-Notaires-site_002.jpg\" alt=\"\" width=\"793\" height=\"1122\" srcset=\"https:\/\/www.si-franconville.fr\/wp-content\/uploads\/2022\/09\/Registre-Notaires-site_002.jpg 793w, https:\/\/www.si-franconville.fr\/wp-content\/uploads\/2022\/09\/Registre-Notaires-site_002-212x300.jpg 212w, https:\/\/www.si-franconville.fr\/wp-content\/uploads\/2022\/09\/Registre-Notaires-site_002-424x600.jpg 424w, https:\/\/www.si-franconville.fr\/wp-content\/uploads\/2022\/09\/Registre-Notaires-site_002-768x1087.jpg 768w, https:\/\/www.si-franconville.fr\/wp-content\/uploads\/2022\/09\/Registre-Notaires-site_002-620x877.jpg 620w\" sizes=\"auto, (max-width: 793px) 100vw, 793px\" \/><\/p>\n<p><img loading=\"lazy\" decoding=\"async\" class=\"alignnone wp-image-3855 size-full\" src=\"https:\/\/www.si-franconville.fr\/wp-content\/uploads\/2022\/09\/Registre-Notaires-site_003.jpg\" alt=\"\" width=\"793\" height=\"1122\" srcset=\"https:\/\/www.si-franconville.fr\/wp-content\/uploads\/2022\/09\/Registre-Notaires-site_003.jpg 793w, https:\/\/www.si-franconville.fr\/wp-content\/uploads\/2022\/09\/Registre-Notaires-site_003-212x300.jpg 212w, https:\/\/www.si-franconville.fr\/wp-content\/uploads\/2022\/09\/Registre-Notaires-site_003-424x600.jpg 424w, https:\/\/www.si-franconville.fr\/wp-content\/uploads\/2022\/09\/Registre-Notaires-site_003-768x1087.jpg 768w, https:\/\/www.si-franconville.fr\/wp-content\/uploads\/2022\/09\/Registre-Notaires-site_003-620x877.jpg 620w\" sizes=\"auto, (max-width: 793px) 100vw, 793px\" \/><\/p>\n<p>&nbsp;<\/p>\n<p>&nbsp;<\/p>\n<p>&nbsp;<\/p>\n","protected":false},"excerpt":{"rendered":"<p>&nbsp; \u00a0Documentations \u00e9tudes sur Franconville\u00a0 Comprend la liste des registres notari\u00e9s relatif aux sources, pour la r\u00e9f\u00e9rence se reporter \u00e0 la date dans le document. Registres notari\u00e9s &nbsp; &nbsp; &nbsp;<\/p>\n","protected":false},"author":1,"featured_media":0,"parent":0,"menu_order":0,"comment_status":"closed","ping_status":"closed","template":"","meta":{"_monsterinsights_skip_tracking":false,"_monsterinsights_sitenote_active":false,"_monsterinsights_sitenote_note":"","_monsterinsights_sitenote_category":0,"footnotes":""},"class_list":["post-94","page","type-page","status-publish","hentry"],"aioseo_notices":[],"_links":{"self":[{"href":"https:\/\/www.si-franconville.fr\/index.php\/wp-json\/wp\/v2\/pages\/94","targetHints":{"allow":["GET"]}}],"collection":[{"href":"https:\/\/www.si-franconville.fr\/index.php\/wp-json\/wp\/v2\/pages"}],"about":[{"href":"https:\/\/www.si-franconville.fr\/index.php\/wp-json\/wp\/v2\/types\/page"}],"author":[{"embeddable":true,"href":"https:\/\/www.si-franconville.fr\/index.php\/wp-json\/wp\/v2\/users\/1"}],"replies":[{"embeddable":true,"href":"https:\/\/www.si-franconville.fr\/index.php\/wp-json\/wp\/v2\/comments?post=94"}],"version-history":[{"count":11,"href":"https:\/\/www.si-franconville.fr\/index.php\/wp-json\/wp\/v2\/pages\/94\/revisions"}],"predecessor-version":[{"id":3857,"href":"https:\/\/www.si-franconville.fr\/index.php\/wp-json\/wp\/v2\/pages\/94\/revisions\/3857"}],"wp:attachment":[{"href":"https:\/\/www.si-franconville.fr\/index.php\/wp-json\/wp\/v2\/media?parent=94"}],"curies":[{"name":"wp","href":"https:\/\/api.w.org\/{rel}","templated":true}]}}