{"id":793,"date":"2019-09-17T13:59:30","date_gmt":"2019-09-17T11:59:30","guid":{"rendered":"http:\/\/si-franconville.fr\/?page_id=793"},"modified":"2022-09-28T13:25:53","modified_gmt":"2022-09-28T11:25:53","slug":"a-propos-3","status":"publish","type":"page","link":"https:\/\/www.si-franconville.fr\/index.php\/a-propos-3\/","title":{"rendered":"A propos Personnages"},"content":{"rendered":"<table style=\"border-collapse: collapse; width: 80.5679%;\">\n<tbody>\n<tr>\n<td style=\"width: 100%;\"><span style=\"font-family: arial, helvetica, sans-serif; font-size: 14pt; background-color: #ff9900;\">\u00a0Vaste programme si nous voulons \u00e9tudier les personnages qui ont v\u00e9cu \u00e0 Franconville<br \/>\n<\/span><\/td>\n<\/tr>\n<\/tbody>\n<\/table>\n<p><span style=\"font-family: arial, helvetica, sans-serif; font-size: 18pt;\">\u00a0<\/span><span style=\"font-family: arial, helvetica, sans-serif; font-size: 18pt;\"><br \/>\n<\/span><\/p>\n<table style=\"border-collapse: collapse; width: 0%; height: 44px;\">\n<tbody>\n<tr style=\"height: 24px;\">\n<td style=\"width: 100%; height: 24px;\"><\/td>\n<\/tr>\n<\/tbody>\n<\/table>\n<p>&nbsp;<\/p>\n<p><img loading=\"lazy\" decoding=\"async\" class=\"alignnone wp-image-795 size-full\" src=\"http:\/\/si-franconville.fr\/wp-content\/uploads\/2019\/09\/A-propos-des-personnages.jpg\" alt=\"\" width=\"793\" height=\"1122\" srcset=\"https:\/\/www.si-franconville.fr\/wp-content\/uploads\/2019\/09\/A-propos-des-personnages.jpg 793w, https:\/\/www.si-franconville.fr\/wp-content\/uploads\/2019\/09\/A-propos-des-personnages-212x300.jpg 212w, https:\/\/www.si-franconville.fr\/wp-content\/uploads\/2019\/09\/A-propos-des-personnages-768x1087.jpg 768w, https:\/\/www.si-franconville.fr\/wp-content\/uploads\/2019\/09\/A-propos-des-personnages-424x600.jpg 424w, https:\/\/www.si-franconville.fr\/wp-content\/uploads\/2019\/09\/A-propos-des-personnages-620x877.jpg 620w\" sizes=\"auto, (max-width: 793px) 100vw, 793px\" \/><\/p>\n","protected":false},"excerpt":{"rendered":"<p>\u00a0Vaste programme si nous voulons \u00e9tudier les personnages qui ont v\u00e9cu \u00e0 Franconville \u00a0 &nbsp;<\/p>\n","protected":false},"author":1,"featured_media":0,"parent":0,"menu_order":0,"comment_status":"closed","ping_status":"closed","template":"","meta":{"_monsterinsights_skip_tracking":false,"_monsterinsights_sitenote_active":false,"_monsterinsights_sitenote_note":"","_monsterinsights_sitenote_category":0,"footnotes":""},"class_list":["post-793","page","type-page","status-publish","hentry"],"aioseo_notices":[],"_links":{"self":[{"href":"https:\/\/www.si-franconville.fr\/index.php\/wp-json\/wp\/v2\/pages\/793","targetHints":{"allow":["GET"]}}],"collection":[{"href":"https:\/\/www.si-franconville.fr\/index.php\/wp-json\/wp\/v2\/pages"}],"about":[{"href":"https:\/\/www.si-franconville.fr\/index.php\/wp-json\/wp\/v2\/types\/page"}],"author":[{"embeddable":true,"href":"https:\/\/www.si-franconville.fr\/index.php\/wp-json\/wp\/v2\/users\/1"}],"replies":[{"embeddable":true,"href":"https:\/\/www.si-franconville.fr\/index.php\/wp-json\/wp\/v2\/comments?post=793"}],"version-history":[{"count":14,"href":"https:\/\/www.si-franconville.fr\/index.php\/wp-json\/wp\/v2\/pages\/793\/revisions"}],"predecessor-version":[{"id":3940,"href":"https:\/\/www.si-franconville.fr\/index.php\/wp-json\/wp\/v2\/pages\/793\/revisions\/3940"}],"wp:attachment":[{"href":"https:\/\/www.si-franconville.fr\/index.php\/wp-json\/wp\/v2\/media?parent=793"}],"curies":[{"name":"wp","href":"https:\/\/api.w.org\/{rel}","templated":true}]}}