{"id":4143,"date":"2023-02-13T16:50:35","date_gmt":"2023-02-13T15:50:35","guid":{"rendered":"https:\/\/www.si-franconville.fr\/?page_id=4143"},"modified":"2023-02-13T16:54:00","modified_gmt":"2023-02-13T15:54:00","slug":"rue-de-paris-en-1954","status":"publish","type":"page","link":"https:\/\/www.si-franconville.fr\/index.php\/rue-de-paris-en-1954\/","title":{"rendered":"Rue de Paris en 1954"},"content":{"rendered":"<p><span style=\"font-family: arial, helvetica, sans-serif; font-size: 14pt;\"> <span style=\"background-color: #ff9900;\">Sur les cartes postales de l&rsquo;\u00e9poque visualisation des commerces de la rue du g\u00e9n\u00e9ral Leclerc .<\/span><\/span><\/p>\n<p><img loading=\"lazy\" decoding=\"async\" class=\"alignnone wp-image-4144 size-full\" src=\"https:\/\/www.si-franconville.fr\/wp-content\/uploads\/2023\/02\/RP-29-a-57-.jpg\" alt=\"\" width=\"1122\" height=\"793\" srcset=\"https:\/\/www.si-franconville.fr\/wp-content\/uploads\/2023\/02\/RP-29-a-57-.jpg 1122w, https:\/\/www.si-franconville.fr\/wp-content\/uploads\/2023\/02\/RP-29-a-57--300x212.jpg 300w, https:\/\/www.si-franconville.fr\/wp-content\/uploads\/2023\/02\/RP-29-a-57--800x565.jpg 800w, https:\/\/www.si-franconville.fr\/wp-content\/uploads\/2023\/02\/RP-29-a-57--768x543.jpg 768w, https:\/\/www.si-franconville.fr\/wp-content\/uploads\/2023\/02\/RP-29-a-57--620x438.jpg 620w\" sizes=\"auto, (max-width: 1122px) 100vw, 1122px\" \/><\/p>\n<p><img loading=\"lazy\" decoding=\"async\" class=\"alignnone wp-image-4147 size-full\" src=\"https:\/\/www.si-franconville.fr\/wp-content\/uploads\/2023\/02\/RP-67-a-85-.jpg\" alt=\"\" width=\"1122\" height=\"793\" srcset=\"https:\/\/www.si-franconville.fr\/wp-content\/uploads\/2023\/02\/RP-67-a-85-.jpg 1122w, https:\/\/www.si-franconville.fr\/wp-content\/uploads\/2023\/02\/RP-67-a-85--300x212.jpg 300w, https:\/\/www.si-franconville.fr\/wp-content\/uploads\/2023\/02\/RP-67-a-85--800x565.jpg 800w, https:\/\/www.si-franconville.fr\/wp-content\/uploads\/2023\/02\/RP-67-a-85--768x543.jpg 768w, https:\/\/www.si-franconville.fr\/wp-content\/uploads\/2023\/02\/RP-67-a-85--620x438.jpg 620w\" sizes=\"auto, (max-width: 1122px) 100vw, 1122px\" \/><\/p>\n<p><img loading=\"lazy\" decoding=\"async\" class=\"alignnone wp-image-4148 size-full\" src=\"https:\/\/www.si-franconville.fr\/wp-content\/uploads\/2023\/02\/RP-75-a-91.jpg\" alt=\"\" width=\"1122\" height=\"793\" srcset=\"https:\/\/www.si-franconville.fr\/wp-content\/uploads\/2023\/02\/RP-75-a-91.jpg 1122w, https:\/\/www.si-franconville.fr\/wp-content\/uploads\/2023\/02\/RP-75-a-91-300x212.jpg 300w, https:\/\/www.si-franconville.fr\/wp-content\/uploads\/2023\/02\/RP-75-a-91-800x565.jpg 800w, https:\/\/www.si-franconville.fr\/wp-content\/uploads\/2023\/02\/RP-75-a-91-768x543.jpg 768w, https:\/\/www.si-franconville.fr\/wp-content\/uploads\/2023\/02\/RP-75-a-91-620x438.jpg 620w\" sizes=\"auto, (max-width: 1122px) 100vw, 1122px\" \/><\/p>\n<p><img loading=\"lazy\" decoding=\"async\" class=\"alignnone wp-image-4145 size-full\" src=\"https:\/\/www.si-franconville.fr\/wp-content\/uploads\/2023\/02\/RP-48-a-52.jpg\" alt=\"\" width=\"1122\" height=\"793\" srcset=\"https:\/\/www.si-franconville.fr\/wp-content\/uploads\/2023\/02\/RP-48-a-52.jpg 1122w, https:\/\/www.si-franconville.fr\/wp-content\/uploads\/2023\/02\/RP-48-a-52-300x212.jpg 300w, https:\/\/www.si-franconville.fr\/wp-content\/uploads\/2023\/02\/RP-48-a-52-800x565.jpg 800w, https:\/\/www.si-franconville.fr\/wp-content\/uploads\/2023\/02\/RP-48-a-52-768x543.jpg 768w, https:\/\/www.si-franconville.fr\/wp-content\/uploads\/2023\/02\/RP-48-a-52-620x438.jpg 620w\" sizes=\"auto, (max-width: 1122px) 100vw, 1122px\" \/><\/p>\n<p><img loading=\"lazy\" decoding=\"async\" class=\"alignnone wp-image-4146 size-full\" src=\"https:\/\/www.si-franconville.fr\/wp-content\/uploads\/2023\/02\/RP-52-a-68.jpg\" alt=\"\" width=\"1122\" height=\"793\" srcset=\"https:\/\/www.si-franconville.fr\/wp-content\/uploads\/2023\/02\/RP-52-a-68.jpg 1122w, https:\/\/www.si-franconville.fr\/wp-content\/uploads\/2023\/02\/RP-52-a-68-300x212.jpg 300w, https:\/\/www.si-franconville.fr\/wp-content\/uploads\/2023\/02\/RP-52-a-68-800x565.jpg 800w, https:\/\/www.si-franconville.fr\/wp-content\/uploads\/2023\/02\/RP-52-a-68-768x543.jpg 768w, https:\/\/www.si-franconville.fr\/wp-content\/uploads\/2023\/02\/RP-52-a-68-620x438.jpg 620w\" sizes=\"auto, (max-width: 1122px) 100vw, 1122px\" \/><\/p>\n","protected":false},"excerpt":{"rendered":"<p>Sur les cartes postales de l&rsquo;\u00e9poque visualisation des commerces de la rue du g\u00e9n\u00e9ral Leclerc .<\/p>\n","protected":false},"author":1,"featured_media":0,"parent":0,"menu_order":0,"comment_status":"closed","ping_status":"closed","template":"","meta":{"_monsterinsights_skip_tracking":false,"_monsterinsights_sitenote_active":false,"_monsterinsights_sitenote_note":"","_monsterinsights_sitenote_category":0,"footnotes":""},"class_list":["post-4143","page","type-page","status-publish","hentry"],"aioseo_notices":[],"_links":{"self":[{"href":"https:\/\/www.si-franconville.fr\/index.php\/wp-json\/wp\/v2\/pages\/4143","targetHints":{"allow":["GET"]}}],"collection":[{"href":"https:\/\/www.si-franconville.fr\/index.php\/wp-json\/wp\/v2\/pages"}],"about":[{"href":"https:\/\/www.si-franconville.fr\/index.php\/wp-json\/wp\/v2\/types\/page"}],"author":[{"embeddable":true,"href":"https:\/\/www.si-franconville.fr\/index.php\/wp-json\/wp\/v2\/users\/1"}],"replies":[{"embeddable":true,"href":"https:\/\/www.si-franconville.fr\/index.php\/wp-json\/wp\/v2\/comments?post=4143"}],"version-history":[{"count":1,"href":"https:\/\/www.si-franconville.fr\/index.php\/wp-json\/wp\/v2\/pages\/4143\/revisions"}],"predecessor-version":[{"id":4149,"href":"https:\/\/www.si-franconville.fr\/index.php\/wp-json\/wp\/v2\/pages\/4143\/revisions\/4149"}],"wp:attachment":[{"href":"https:\/\/www.si-franconville.fr\/index.php\/wp-json\/wp\/v2\/media?parent=4143"}],"curies":[{"name":"wp","href":"https:\/\/api.w.org\/{rel}","templated":true}]}}