{"id":4111,"date":"2023-02-07T11:14:58","date_gmt":"2023-02-07T10:14:58","guid":{"rendered":"https:\/\/www.si-franconville.fr\/?page_id=4111"},"modified":"2023-02-07T11:50:09","modified_gmt":"2023-02-07T10:50:09","slug":"recensements-1946-1968","status":"publish","type":"page","link":"https:\/\/www.si-franconville.fr\/index.php\/recensements-1946-1968\/","title":{"rendered":"Recensements 1946-1968"},"content":{"rendered":"<p><span style=\"font-family: arial, helvetica, sans-serif; font-size: 14pt; background-color: #ff9900; color: #000000;\">\u00a0Recensement de la rue de Paris puis g\u00e9n\u00e9ral Leclerc de 1946 \u00e0 1968<\/span><\/p>\n<p><span style=\"font-family: arial, helvetica, sans-serif; background-color: #ffff99;\">Suivant les ann\u00e9es de recensements la correspondance entre les anciens et nouveaux num\u00e9ros n&rsquo;est pas \u00e9vidente, j&rsquo;ai fait correspondre ceux qui \u00e9taient s\u00fbrs dans la mesure ou tous les num\u00e9ros n\u2019existent pas.<\/span><\/p>\n<p><img loading=\"lazy\" decoding=\"async\" class=\"alignnone wp-image-4126 size-full\" src=\"https:\/\/www.si-franconville.fr\/wp-content\/uploads\/2023\/02\/Recen-1946-1968-regr-RP3_001.jpg\" alt=\"\" width=\"1122\" height=\"793\" srcset=\"https:\/\/www.si-franconville.fr\/wp-content\/uploads\/2023\/02\/Recen-1946-1968-regr-RP3_001.jpg 1122w, https:\/\/www.si-franconville.fr\/wp-content\/uploads\/2023\/02\/Recen-1946-1968-regr-RP3_001-300x212.jpg 300w, https:\/\/www.si-franconville.fr\/wp-content\/uploads\/2023\/02\/Recen-1946-1968-regr-RP3_001-800x565.jpg 800w, https:\/\/www.si-franconville.fr\/wp-content\/uploads\/2023\/02\/Recen-1946-1968-regr-RP3_001-768x543.jpg 768w, https:\/\/www.si-franconville.fr\/wp-content\/uploads\/2023\/02\/Recen-1946-1968-regr-RP3_001-620x438.jpg 620w\" sizes=\"auto, (max-width: 1122px) 100vw, 1122px\" \/><\/p>\n<p><img loading=\"lazy\" decoding=\"async\" class=\"alignnone wp-image-4127 size-full\" src=\"https:\/\/www.si-franconville.fr\/wp-content\/uploads\/2023\/02\/Recen-1946-1968-regr-RP3_002.jpg\" alt=\"\" width=\"1122\" height=\"793\" srcset=\"https:\/\/www.si-franconville.fr\/wp-content\/uploads\/2023\/02\/Recen-1946-1968-regr-RP3_002.jpg 1122w, https:\/\/www.si-franconville.fr\/wp-content\/uploads\/2023\/02\/Recen-1946-1968-regr-RP3_002-300x212.jpg 300w, https:\/\/www.si-franconville.fr\/wp-content\/uploads\/2023\/02\/Recen-1946-1968-regr-RP3_002-800x565.jpg 800w, https:\/\/www.si-franconville.fr\/wp-content\/uploads\/2023\/02\/Recen-1946-1968-regr-RP3_002-768x543.jpg 768w, https:\/\/www.si-franconville.fr\/wp-content\/uploads\/2023\/02\/Recen-1946-1968-regr-RP3_002-620x438.jpg 620w\" sizes=\"auto, (max-width: 1122px) 100vw, 1122px\" \/><\/p>\n<p><img loading=\"lazy\" decoding=\"async\" class=\"alignnone wp-image-4128 size-full\" src=\"https:\/\/www.si-franconville.fr\/wp-content\/uploads\/2023\/02\/Recen-1946-1968-regr-RP3_003.jpg\" alt=\"\" width=\"1122\" height=\"793\" srcset=\"https:\/\/www.si-franconville.fr\/wp-content\/uploads\/2023\/02\/Recen-1946-1968-regr-RP3_003.jpg 1122w, https:\/\/www.si-franconville.fr\/wp-content\/uploads\/2023\/02\/Recen-1946-1968-regr-RP3_003-300x212.jpg 300w, https:\/\/www.si-franconville.fr\/wp-content\/uploads\/2023\/02\/Recen-1946-1968-regr-RP3_003-800x565.jpg 800w, https:\/\/www.si-franconville.fr\/wp-content\/uploads\/2023\/02\/Recen-1946-1968-regr-RP3_003-768x543.jpg 768w, https:\/\/www.si-franconville.fr\/wp-content\/uploads\/2023\/02\/Recen-1946-1968-regr-RP3_003-620x438.jpg 620w\" sizes=\"auto, (max-width: 1122px) 100vw, 1122px\" \/><\/p>\n<p><img loading=\"lazy\" decoding=\"async\" class=\"alignnone wp-image-4129 size-full\" src=\"https:\/\/www.si-franconville.fr\/wp-content\/uploads\/2023\/02\/Recen-1946-1968-regr-RP3_004.jpg\" alt=\"\" width=\"1122\" height=\"793\" srcset=\"https:\/\/www.si-franconville.fr\/wp-content\/uploads\/2023\/02\/Recen-1946-1968-regr-RP3_004.jpg 1122w, https:\/\/www.si-franconville.fr\/wp-content\/uploads\/2023\/02\/Recen-1946-1968-regr-RP3_004-300x212.jpg 300w, https:\/\/www.si-franconville.fr\/wp-content\/uploads\/2023\/02\/Recen-1946-1968-regr-RP3_004-800x565.jpg 800w, https:\/\/www.si-franconville.fr\/wp-content\/uploads\/2023\/02\/Recen-1946-1968-regr-RP3_004-768x543.jpg 768w, https:\/\/www.si-franconville.fr\/wp-content\/uploads\/2023\/02\/Recen-1946-1968-regr-RP3_004-620x438.jpg 620w\" sizes=\"auto, (max-width: 1122px) 100vw, 1122px\" \/><\/p>\n<p><img loading=\"lazy\" decoding=\"async\" class=\"alignnone wp-image-4130 size-full\" src=\"https:\/\/www.si-franconville.fr\/wp-content\/uploads\/2023\/02\/Recen-1946-1968-regr-RP3_005.jpg\" alt=\"\" width=\"1122\" height=\"793\" srcset=\"https:\/\/www.si-franconville.fr\/wp-content\/uploads\/2023\/02\/Recen-1946-1968-regr-RP3_005.jpg 1122w, https:\/\/www.si-franconville.fr\/wp-content\/uploads\/2023\/02\/Recen-1946-1968-regr-RP3_005-300x212.jpg 300w, https:\/\/www.si-franconville.fr\/wp-content\/uploads\/2023\/02\/Recen-1946-1968-regr-RP3_005-800x565.jpg 800w, https:\/\/www.si-franconville.fr\/wp-content\/uploads\/2023\/02\/Recen-1946-1968-regr-RP3_005-768x543.jpg 768w, https:\/\/www.si-franconville.fr\/wp-content\/uploads\/2023\/02\/Recen-1946-1968-regr-RP3_005-620x438.jpg 620w\" sizes=\"auto, (max-width: 1122px) 100vw, 1122px\" \/><\/p>\n<p><img loading=\"lazy\" decoding=\"async\" class=\"alignnone wp-image-4123 size-full\" src=\"https:\/\/www.si-franconville.fr\/wp-content\/uploads\/2023\/02\/Recen-1946-1968-regr-RP3_006.jpg\" alt=\"\" width=\"1122\" height=\"793\" srcset=\"https:\/\/www.si-franconville.fr\/wp-content\/uploads\/2023\/02\/Recen-1946-1968-regr-RP3_006.jpg 1122w, https:\/\/www.si-franconville.fr\/wp-content\/uploads\/2023\/02\/Recen-1946-1968-regr-RP3_006-300x212.jpg 300w, https:\/\/www.si-franconville.fr\/wp-content\/uploads\/2023\/02\/Recen-1946-1968-regr-RP3_006-800x565.jpg 800w, https:\/\/www.si-franconville.fr\/wp-content\/uploads\/2023\/02\/Recen-1946-1968-regr-RP3_006-768x543.jpg 768w, https:\/\/www.si-franconville.fr\/wp-content\/uploads\/2023\/02\/Recen-1946-1968-regr-RP3_006-620x438.jpg 620w\" sizes=\"auto, (max-width: 1122px) 100vw, 1122px\" \/><\/p>\n<p><img loading=\"lazy\" decoding=\"async\" class=\"alignnone wp-image-4124 size-full\" src=\"https:\/\/www.si-franconville.fr\/wp-content\/uploads\/2023\/02\/Recen-1946-1968-regr-RP3_007.jpg\" alt=\"\" width=\"1122\" height=\"793\" srcset=\"https:\/\/www.si-franconville.fr\/wp-content\/uploads\/2023\/02\/Recen-1946-1968-regr-RP3_007.jpg 1122w, https:\/\/www.si-franconville.fr\/wp-content\/uploads\/2023\/02\/Recen-1946-1968-regr-RP3_007-300x212.jpg 300w, https:\/\/www.si-franconville.fr\/wp-content\/uploads\/2023\/02\/Recen-1946-1968-regr-RP3_007-800x565.jpg 800w, https:\/\/www.si-franconville.fr\/wp-content\/uploads\/2023\/02\/Recen-1946-1968-regr-RP3_007-768x543.jpg 768w, https:\/\/www.si-franconville.fr\/wp-content\/uploads\/2023\/02\/Recen-1946-1968-regr-RP3_007-620x438.jpg 620w\" sizes=\"auto, (max-width: 1122px) 100vw, 1122px\" \/><\/p>\n<p><img loading=\"lazy\" decoding=\"async\" class=\"alignnone wp-image-4125 size-full\" src=\"https:\/\/www.si-franconville.fr\/wp-content\/uploads\/2023\/02\/Recen-1946-1968-regr-RP3_008.jpg\" alt=\"\" width=\"1122\" height=\"793\" srcset=\"https:\/\/www.si-franconville.fr\/wp-content\/uploads\/2023\/02\/Recen-1946-1968-regr-RP3_008.jpg 1122w, https:\/\/www.si-franconville.fr\/wp-content\/uploads\/2023\/02\/Recen-1946-1968-regr-RP3_008-300x212.jpg 300w, https:\/\/www.si-franconville.fr\/wp-content\/uploads\/2023\/02\/Recen-1946-1968-regr-RP3_008-800x565.jpg 800w, https:\/\/www.si-franconville.fr\/wp-content\/uploads\/2023\/02\/Recen-1946-1968-regr-RP3_008-768x543.jpg 768w, https:\/\/www.si-franconville.fr\/wp-content\/uploads\/2023\/02\/Recen-1946-1968-regr-RP3_008-620x438.jpg 620w\" sizes=\"auto, (max-width: 1122px) 100vw, 1122px\" \/><\/p>\n<p>&nbsp;<\/p>\n<p>&nbsp;<\/p>\n<p>&nbsp;<\/p>\n<p>&nbsp;<\/p>\n<p>&nbsp;<\/p>\n","protected":false},"excerpt":{"rendered":"<p>\u00a0Recensement de la rue de Paris puis g\u00e9n\u00e9ral Leclerc de 1946 \u00e0 1968 Suivant les ann\u00e9es de recensements la correspondance entre les anciens et nouveaux num\u00e9ros n&rsquo;est pas \u00e9vidente, j&rsquo;ai fait correspondre ceux qui \u00e9taient s\u00fbrs dans la mesure ou tous les num\u00e9ros n\u2019existent pas. &nbsp; &nbsp; &nbsp; &nbsp; &nbsp;<\/p>\n","protected":false},"author":1,"featured_media":0,"parent":0,"menu_order":0,"comment_status":"closed","ping_status":"closed","template":"","meta":{"_monsterinsights_skip_tracking":false,"_monsterinsights_sitenote_active":false,"_monsterinsights_sitenote_note":"","_monsterinsights_sitenote_category":0,"footnotes":""},"class_list":["post-4111","page","type-page","status-publish","hentry"],"aioseo_notices":[],"_links":{"self":[{"href":"https:\/\/www.si-franconville.fr\/index.php\/wp-json\/wp\/v2\/pages\/4111","targetHints":{"allow":["GET"]}}],"collection":[{"href":"https:\/\/www.si-franconville.fr\/index.php\/wp-json\/wp\/v2\/pages"}],"about":[{"href":"https:\/\/www.si-franconville.fr\/index.php\/wp-json\/wp\/v2\/types\/page"}],"author":[{"embeddable":true,"href":"https:\/\/www.si-franconville.fr\/index.php\/wp-json\/wp\/v2\/users\/1"}],"replies":[{"embeddable":true,"href":"https:\/\/www.si-franconville.fr\/index.php\/wp-json\/wp\/v2\/comments?post=4111"}],"version-history":[{"count":10,"href":"https:\/\/www.si-franconville.fr\/index.php\/wp-json\/wp\/v2\/pages\/4111\/revisions"}],"predecessor-version":[{"id":4118,"href":"https:\/\/www.si-franconville.fr\/index.php\/wp-json\/wp\/v2\/pages\/4111\/revisions\/4118"}],"wp:attachment":[{"href":"https:\/\/www.si-franconville.fr\/index.php\/wp-json\/wp\/v2\/media?parent=4111"}],"curies":[{"name":"wp","href":"https:\/\/api.w.org\/{rel}","templated":true}]}}