{"id":4075,"date":"2023-01-04T17:19:17","date_gmt":"2023-01-04T16:19:17","guid":{"rendered":"https:\/\/www.si-franconville.fr\/?page_id=4075"},"modified":"2023-01-13T09:33:13","modified_gmt":"2023-01-13T08:33:13","slug":"le-livre-des-rues","status":"publish","type":"page","link":"https:\/\/www.si-franconville.fr\/index.php\/le-livre-des-rues\/","title":{"rendered":"Le livre des rues"},"content":{"rendered":"<table style=\"width: 100%; border-collapse: collapse; background-color: #f7f2f2;\">\n<tbody>\n<tr>\n<td style=\"width: 100%;\"><span style=\"font-family: arial, helvetica, sans-serif; font-size: 14pt;\">A propos du livre des rues<\/span><\/p>\n<p><span style=\"font-family: arial, helvetica, sans-serif; font-size: 14pt;\"><em>A c\u00f4t\u00e9 de moi qui travaille, il y a trop souvent un autre moi qui examine, raisonne, critique\u2026<\/em><\/span><\/p>\n<p><span style=\"font-family: arial, helvetica, sans-serif; font-size: 14pt;\">Donc j\u2019ai repris ce livre et j\u2019ai tout relu. Il en ressort que si l\u2019ouvrage pouvait faire suite du livre \u00ab\u00a0En Passant par Franconville\u00a0\u00bb, celui-ci n\u2019a pas eu les bonnes personnes pour en faire un livre historique des rues pour une simple raison, personne ne s\u2019est pench\u00e9 sur son histoire pensant peut-\u00eatre recueillir des renseignements dans les ouvrages existants, malheureusement il fallait faire beaucoup de recherches. Le livre \u00ab\u00a0En Passant par Franconville\u00a0\u00bb c\u2019est fait en gros sur deux ans avec des anciens de Franconville, le livre des rues il a fallu dix ans avec une grande majorit\u00e9 de nouveaux\u2026<\/span><\/p>\n<p><span style=\"font-family: arial, helvetica, sans-serif; font-size: 14pt;\">Je ne vais pas rentrer dans le d\u00e9tail complet que je pourrais avoir sur les rues je vais juste m\u2019attacher \u00e0 quelques erreurs et si je me trompe n\u2019h\u00e9sitez pas me fournir les preuves.<\/span><\/p>\n<p><span style=\"font-family: arial, helvetica, sans-serif; font-size: 14pt;\">Je ne sais pas quel est le plan qui a servi pour faire ce livre car certaines voies n\u2019existaient plus et d\u2019autres habit\u00e9es ne sont pas mentionn\u00e9es, le plan g\u00e9n\u00e9ral du livre n\u2019est pas complet.<\/span><\/p>\n<p><span style=\"font-family: arial, helvetica, sans-serif; font-size: 14pt;\">L\u2019origine des rues de <strong>l\u2019Epine Guyon<\/strong> en grande partie n\u2019existe pas, et pourtant ce n\u2019est pas bien vieux\u2026 de plus quelques rues semblaient trop simples, et les erreurs furent commises.<\/span><\/p>\n<p><span style=\"font-family: arial, helvetica, sans-serif; font-size: 14pt;\">Page 28. La rue du Gros Ch\u00eane ne fait pas r\u00e9f\u00e9rence \u00e0 un arbre de Franconville mais de la for\u00eat de l\u2019Isle Adam.<\/span><\/p>\n<p><span style=\"font-family: arial, helvetica, sans-serif; font-size: 14pt;\">Page 30. La rue des Hauts Buis est un lieudit de la for\u00eat de l\u2019Isle Adam<\/span><\/p>\n<p><span style=\"font-family: arial, helvetica, sans-serif; font-size: 14pt;\">Page 33. La rue du Pav\u00e9 de Chauvry n\u2019a rien \u00e0 voir avec un fromage, mais un lieudit de la commune de Baillet en France.<\/span><\/p>\n<p><span style=\"font-family: arial, helvetica, sans-serif; font-size: 14pt;\">Et bien d\u2019autres qui n\u2019ont rien \u00e0 voir avec la description du livre. Voir sur mon site.<\/span><\/p>\n<p>&nbsp;<\/p>\n<p><span style=\"font-family: arial, helvetica, sans-serif; font-size: 14pt;\"><strong>Quartier des Fontaines<\/strong> est l\u2019un de ceux qui comporte le plus d\u2019Histoire.<\/span><\/p>\n<p>&nbsp;<\/p>\n<p><span style=\"font-family: arial, helvetica, sans-serif; font-size: 14pt;\">Les rues des \u00ab\u00a0Belles-vues, des Coteaux, Soldini, Philippe, et Bonne\u00a0\u00bb ont \u00e9t\u00e9 cr\u00e9\u00e9es par Mr Philippe en 1868 lors du lotissement du parc seigneurial en soixante-dix lots.<\/span><\/p>\n<p><span style=\"font-family: arial, helvetica, sans-serif; font-size: 14pt;\">Page 50. L\u2019impasse du Belv\u00e9d\u00e8re est toute r\u00e9cente, est tr\u00e8s loin de l\u2019ancien cimeti\u00e8re\u2026<\/span><\/p>\n<p><span style=\"font-family: arial, helvetica, sans-serif; font-size: 14pt;\">Page 51. La rue Gabriel Bertin doit son nom \u00e0 un adjoint au maire d\u00e9but du XX\u00e8me et non celui de la r\u00e9volution (voir mon site)<\/span><\/p>\n<p><span style=\"font-family: arial, helvetica, sans-serif; font-size: 14pt;\">Page 52. L\u2019avenue des Bois, d\u00e9nomination lors de la r\u00e9novation du chemin de derri\u00e8re l\u2019Eglise.<\/span><\/p>\n<p><span style=\"font-family: arial, helvetica, sans-serif; font-size: 14pt;\">Page 53. Rue Claude Bonne, ce n\u2019est pas sous son mandat que fut construite l\u2019Eglise Sainte-Madeleine, lors de sa cr\u00e9ation s\u2019appelait \u00ab\u00a0rue Napol\u00e9on Saint-Leu\u00a0\u00bb<\/span><\/p>\n<p><span style=\"font-family: arial, helvetica, sans-serif; font-size: 14pt;\">Page 55. Rue du chemin neuf est une des plus vieilles rues, elle partait du carrefour de la Croix Rouge pour aller \u00e0 Cormeilles, donc pas ouverte au XX\u00e8me.<\/span><\/p>\n<p><span style=\"font-family: arial, helvetica, sans-serif; font-size: 14pt;\">Page 57. Rue du Clos Monnier, rien \u00e0 voir avec une famille de Franconville, au XII\u00e8me si\u00e8cle nous avons \u00ab\u00a0L\u2019aum\u00f4nier de Saint-Denis\u00a0\u00bb qui avait des terres \u00e0 Franconville et qui les louait, dans les terres de Mr Le P\u00e8re de Popin il est mentionn\u00e9 aussi \u00ab\u00a0l\u2019Aum\u00f4nier\u00a0\u00bb.<\/span><\/p>\n<p><span style=\"font-family: arial, helvetica, sans-serif; font-size: 14pt;\">Page 60. Rue des Cotillons n\u2019existe pas mais c\u2019est chemin des Cotillons, j\u2019ai moi-m\u00eame \u00e9t\u00e9 surpris qu\u2019une partie de cette voie ne soit pas une rue, son autre nom que l\u2019on trouve chez les notaires est \u00ab\u00a0Coquillon\u00a0\u00bb.<\/span><\/p>\n<p><span style=\"font-family: arial, helvetica, sans-serif; font-size: 14pt;\">Page 61. Chemin de la Croix-Rouge, origine et remarques fausses, cette voie avait 2m\u00e8tre de large et 315 m de long en 1885, elle fut \u00e9largie ensuite pour l\u2019agrandissement du cimeti\u00e8re, de plus il n\u2019y a jamais eu de croix- rouge \u00e0 cet emplacement, amalgame des Croix.<\/span><\/p>\n<p><span style=\"font-family: arial, helvetica, sans-serif; font-size: 14pt;\">Page 63. Rue de l\u2019Eglise, cr\u00e9\u00e9e \u00e0 la r\u00e9novation, les remarques sont \u00e0 revoir.<\/span><\/p>\n<p><span style=\"font-family: arial, helvetica, sans-serif; font-size: 14pt;\">Page 64. Chemin et sente de la Fond\u00e9e, n\u2019existe plus depuis la cr\u00e9ation de l\u2019autoroute\u2026sans objet dans le livre.<\/span><\/p>\n<p><span style=\"font-family: arial, helvetica, sans-serif; font-size: 14pt;\">Page 66. All\u00e9e du Lavoir, photo non contractuelle, devrait y figurer la fontaine des Bertin, n\u2019a rien \u00e0 voir avec le lavoir de la Fontaine des Boulangers, remarques inappropri\u00e9es.<\/span><\/p>\n<p><span style=\"font-family: arial, helvetica, sans-serif; font-size: 14pt;\">Page 67. Rue Jean Leblond, l\u2019origine est \u00e0 d\u00e9battre dans la mesure ou le nom d\u2019une personne n\u2019\u00e9tait pas donn\u00e9 \u00e0 une voie mais un nom qui rappelait quelque chose aux habitants. Nous trouvons dans les textes anciens \u00ab\u00a0geneblond, genneblond\u00a0\u00bb.<\/span><\/p>\n<p><span style=\"font-family: arial, helvetica, sans-serif; font-size: 14pt;\">Page 69. Rue de Paris, trop d\u2019histoire\u2026 pour en faire un r\u00e9sum\u00e9.<\/span><\/p>\n<p><span style=\"font-family: arial, helvetica, sans-serif; font-size: 14pt;\">Page 71. Rue Philippe, la carte repr\u00e9sente plus la rue Claude Bonne que la rue Philippe\u2026<\/span><\/p>\n<p><span style=\"font-family: arial, helvetica, sans-serif; font-size: 14pt;\">Page 72. Chemin du Puits de la Barre, n\u2019est pas un chemin qui menait de Saint-Denis \u00e0 Pontoise\u2026Signification \u00ab\u00a0plan de vigne\u00a0\u00bb \u00e0 d\u00e9montrer, l\u2019illustration pas bonne.<\/span><\/p>\n<p><span style=\"font-family: arial, helvetica, sans-serif; font-size: 14pt;\">Page 73. Chemin sous les Regards, n\u2019a rien \u00e0 voir avec une notion de vue, vient qu\u2019il existait des regards pour contr\u00f4ler et entretenir une canalisation d\u2019eau alimentant des fontaines.<\/span><\/p>\n<p><span style=\"font-family: arial, helvetica, sans-serif; font-size: 14pt;\">Page 74. Rue de la Sabli\u00e8re, son origine tient d\u2019une sabli\u00e8re (carri\u00e8re) qui existait dans ce lieu.<\/span><\/p>\n<p><span style=\"font-family: arial, helvetica, sans-serif; font-size: 14pt;\">Page 75. Rue Jean Baptiste Soldini, la plaque de rue ne comporte pas de pr\u00e9noms\u2026s\u2019il fallait mentionner les pr\u00e9noms il fallait tous les mettre \u00ab\u00a0Jean Baptiste Fran\u00e7ois Dominique Soldini\u00a0\u00bb son acte de d\u00e9c\u00e8s mentionne pour nom \u00ab\u00a0Soldiny\u00a0\u00bb.<\/span><\/p>\n<p><span style=\"font-family: arial, helvetica, sans-serif; font-size: 14pt;\">Page 76. Sente des Terres Rouges, nom du lieudit, d\u00e9but rue de la Tuilerie et non rue de Paris.<\/span><\/p>\n<p><span style=\"font-family: arial, helvetica, sans-serif; font-size: 14pt;\">Page 76. Rue de la Tuilerie, fin bd Gambetta \u00e0 Sannois, n\u2019a rien \u00e0 voir avec la tuilerie qui existait \u00e0 l\u2019autre bout de Franconville pr\u00e8s de Montigny, cette rue mitoyenne avec Sannois fait r\u00e9f\u00e9rence \u00e0 une tuilerie qui existait \u00e0 Sannois pratiquement en face de cette rue.<\/span><\/p>\n<p><span style=\"font-family: arial, helvetica, sans-serif; font-size: 14pt;\">Page 77. All\u00e9e de la Voute, ne fait pas r\u00e9f\u00e9rence \u00e0 une ferme, l\u2019illustration montre l\u2019entr\u00e9e de la Grande-Cour, c\u2019est-\u00e0-dire que cette cour \u00e9tait entour\u00e9e de maisons d\u2019habitations.<\/span><\/p>\n<p>&nbsp;<\/p>\n<p><span style=\"font-family: arial, helvetica, sans-serif; font-size: 14pt;\"><strong>Quartier de l\u2019H\u00f4tel de ville<\/strong><\/span><\/p>\n<p>&nbsp;<\/p>\n<p><span style=\"font-family: arial, helvetica, sans-serif; font-size: 14pt;\">Page 81. Boulevard Maurice Berteaux, si figure sous bd de la Mairie en 1933 ce ne peux \u00eatre qu\u2019une erreur du plan puisque celui-ci fut renomm\u00e9 \u00a0en \u00ab\u00a0Maurice Berteaux en 1922\u00a0\u00bb, revoir les anciens noms de ce boulevard, en 1922 n\u2019a jamais \u00e9t\u00e9 la rue des \u00e9coles\u2026<\/span><\/p>\n<p><span style=\"font-family: arial, helvetica, sans-serif; font-size: 14pt;\">Page 84. La rue du Centre n\u2019a jamais \u00e9t\u00e9 dans la propri\u00e9t\u00e9 Hamelin mais en bordure.<\/span><\/p>\n<p><span style=\"font-family: arial, helvetica, sans-serif; font-size: 14pt;\">Page 84. Impasse du Clos Milon, le clos Milon n\u2019\u00e9tait pas \u00e0 cet emplacement mais du c\u00f4t\u00e9 de la rue des Onze Arpents, son nom d\u00e9coule d\u2019un lieudit pas d\u2019un habitant.<\/span><\/p>\n<p><span style=\"font-family: arial, helvetica, sans-serif; font-size: 14pt;\">Page 85. Rue des Closeaux, rue pr\u00eatant \u00e0 confusion si nous n\u2019avons pas les bons documents, c\u2019est \u00e0 revoir en totalit\u00e9, il y avait la rue des Closeaux et la sente des Closeaux qui ne sont pas la m\u00eame chose.<\/span><\/p>\n<p><span style=\"font-family: arial, helvetica, sans-serif; font-size: 14pt;\">Page 86. Square de l\u2019Ermitage\u00a0: n\u2019est pas une rue mais un ensemble de b\u00e2timents le long de la rue du Saut du Loup et non pas de la rue des Pavillons qui est \u00e0 Sannois.<\/span><\/p>\n<p><span style=\"font-family: arial, helvetica, sans-serif; font-size: 14pt;\">Page 89. Rue Albert Valentin Gokelaere, n\u2019a jamais \u00e9t\u00e9 la rue du Lavoir<\/span><\/p>\n<p><span style=\"font-family: arial, helvetica, sans-serif; font-size: 14pt;\">Page 90. Rue Hamelin, ce n\u2019est pas son neveu qui h\u00e9rite, voir le document sur mon site.<\/span><\/p>\n<p><span style=\"font-family: arial, helvetica, sans-serif; font-size: 14pt;\">Page 100. Rue du Plessis-Bouchard\u00a0: noms successifs \u00e0 revoir,<\/span><\/p>\n<p><span style=\"font-family: arial, helvetica, sans-serif; font-size: 14pt;\">Page 103. Rue du Saut du Loup, illustration pas bonne ne correspond pas Franconville.<\/span><\/p>\n<p><span style=\"font-family: arial, helvetica, sans-serif; font-size: 14pt;\">Page 105. Rue de la Station, nomm\u00e9e lors de la cr\u00e9ation de la gare\u2026<\/span><\/p>\n<p><span style=\"font-family: arial, helvetica, sans-serif; font-size: 14pt;\">Page 106. Rue de Taverny, revoir l\u2019ordre des noms successifs et de la procession.<\/span><\/p>\n<p><span style=\"font-family: arial, helvetica, sans-serif; font-size: 14pt;\">Page 108. Bd Toussaint Lucas, ce boulevard n\u2019a jamais \u00e9t\u00e9 \u00e0 la gare<\/span><\/p>\n<p>&nbsp;<\/p>\n<p><span style=\"font-family: arial, helvetica, sans-serif; font-size: 14pt;\">\u00a0<strong>Quartier Jean Monnet<\/strong><\/span><\/p>\n<p>&nbsp;<\/p>\n<p><span style=\"font-family: arial, helvetica, sans-serif; font-size: 14pt;\">Page 114. Chemin et sente du bas des Rinvals, anecdotes \u00e0 confirmer,<\/span><\/p>\n<p><span style=\"font-family: arial, helvetica, sans-serif; font-size: 14pt;\">Page 120. Ruelle de la Fontaine des Boulangers, n\u2019a jamais chang\u00e9 de nom, date d\u2019avant 1783,<\/span><\/p>\n<p><span style=\"font-family: arial, helvetica, sans-serif; font-size: 14pt;\">Page 121. Rue Pierre Fossati, anecdotes, pas le parc de C\u00e9sar Fran\u00e7ois de Cassini, fait construire une maison pas ch\u00e2teau.<\/span><\/p>\n<p><span style=\"font-family: arial, helvetica, sans-serif; font-size: 14pt;\">Page 123. Chemin Vert des Grattes-b\u0153ufs, facile de cr\u00e9er une l\u00e9gende quand on manque de documents\u2026 pour le moment, m\u00eame Mr Vaquier, n\u2019a trouv\u00e9 un sens \u00e0 \u00ab\u00a0gratte-b\u0153ufs\u00a0\u00bb sinon, gratter, travailler la terre avec des b\u0153ufs, dans les bois de Saint-Marc se trouvait \u00ab\u00a0les grattes-chaudi\u00e8res\u00a0\u00bb\u00a0?<\/span><\/p>\n<p><span style=\"font-family: arial, helvetica, sans-serif; font-size: 14pt;\">Page 124. Sente du Haut-Pav\u00e9, dans le lieudit du Haut-Pav\u00e9, origine sans rapport, existait avant qu\u2019il y e\u00fbt des trottoirs\u2026<\/span><\/p>\n<p><span style=\"font-family: arial, helvetica, sans-serif; font-size: 14pt;\">Page 125. Sente du Lavoir, le ru ne descendait pas de la colline, mais venait d\u2019une source au-dessus de la Fontaine des Boulangers.<\/span><\/p>\n<p><span style=\"font-family: arial, helvetica, sans-serif; font-size: 14pt;\">Page 126. Rue Jean Leredu\u00a0: Mr Leredu n\u2019a jamais habit\u00e9 la maison construite par Mr Cassini, celle-ci fut d\u00e9truite avant d\u2019\u00eatre reconstruite et habit\u00e9e par Mr Leredu, le parc n\u2019ayant jamais \u00e9t\u00e9 jusqu\u2019au haut de la colline\u2026<\/span><\/p>\n<p><span style=\"font-family: arial, helvetica, sans-serif; font-size: 14pt;\">Page 127. Chemin de la Mare Epineuse, cette mare existait \u00e0 Montigny pas \u00e0 Franconville.<\/span><\/p>\n<p><span style=\"font-family: arial, helvetica, sans-serif; font-size: 14pt;\">Page 129. Chemin des onze Arpents\u00a0: ici ce n\u2019est pas une unit\u00e9 de longueur mais de surface, il valait 100 perches et une perche 34,17 m\u00b2 soit 3417m\u00b2 bien loin des 71,46 m\u00b2 mentionn\u00e9s.<\/span><\/p>\n<p><span style=\"font-family: arial, helvetica, sans-serif; font-size: 14pt;\">Page 130. Sente du Paradis\u00a0: rien \u00e0 voir avec la religion, ici c\u2019est un terrain pas du spirituel\u00a0! voulait dire que le terrain \u00e9tait agr\u00e9able a travailler et que les r\u00e9coltes \u00e9taient faciles et bonnes, c\u2019\u00e9tait un \u00ab\u00a0paradis\u00a0\u00bb pour la culture.<\/span><\/p>\n<p>&nbsp;<\/p>\n<p><span style=\"font-family: arial, helvetica, sans-serif; font-size: 14pt;\"><strong>Quartier des Noyers de St-Edme<\/strong><\/span><\/p>\n<p>&nbsp;<\/p>\n<p><span style=\"font-family: arial, helvetica, sans-serif; font-size: 14pt;\">Rien \u00e0 remarquer, il n\u2019est mentionn\u00e9 des personnages sur des rues nouvellement cr\u00e9\u00e9es donc sans histoire propre \u00e0 la ville.<\/span><\/p>\n<p><span style=\"font-family: arial, helvetica, sans-serif; font-size: 14pt;\"><strong>Quartier du S\u00e9quoia de la Gare<\/strong>\u00a0:<\/span><\/p>\n<p><span style=\"font-family: arial, helvetica, sans-serif; font-size: 14pt;\">Hormis les dates de cr\u00e9ation de ces rues il y a peu de remarque, sinon changement de nom et les illustrations\u00a0:<\/span><\/p>\n<p><span style=\"font-family: arial, helvetica, sans-serif; font-size: 14pt;\">Page 148. All\u00e9e Cassini dommage qu\u2019elle soit bien loin de son domaine \u00e0 Franconville.<\/span><\/p>\n<p><span style=\"font-family: arial, helvetica, sans-serif; font-size: 14pt;\">Page 153. Rue de la Justice, plut\u00f4t All\u00e9e de la Justice part de la rue de la Station et se termine avenue Chanzy, est \u00e0 l\u2019int\u00e9rieure d\u2019une r\u00e9sidence, cette voie est nouvelle et n\u2019a rien \u00e0 voir avec la premi\u00e8re rue de la Justice qui est devenue la rue du Sergent Hurteau, en cons\u00e9quence les illustrations ne sont pas valables.<\/span><\/p>\n<p>&nbsp;<\/p>\n<p><span style=\"font-family: arial, helvetica, sans-serif; font-size: 14pt;\"><strong>Quartier du Stade<\/strong><\/span><\/p>\n<p>&nbsp;<\/p>\n<p><span style=\"font-family: arial, helvetica, sans-serif; font-size: 14pt;\">Comme le quartier pr\u00e9c\u00e9dent les remarques ne sont pas nombreuses si je ne rentre pas dans la viabilit\u00e9 et les dates de cr\u00e9ations.<\/span><\/p>\n<p><span style=\"font-family: arial, helvetica, sans-serif; font-size: 14pt;\">Page 160. Rue d\u2019Albon comme celle de Cassini se trouve loin de son parc.<\/span><\/p>\n<p>&nbsp;<\/p>\n<p><span style=\"font-family: arial, helvetica, sans-serif; font-size: 14pt;\"><strong>Quartier du vieux March\u00e9<\/strong><\/span><\/p>\n<p>&nbsp;<\/p>\n<p><span style=\"font-family: arial, helvetica, sans-serif; font-size: 14pt;\">Page 182. Rue Albert Baratier\u00a0: c\u2019est le lotisseur qui a donn\u00e9 ce nom \u00e0 la rue, la maison des cinq \u00e9tages a son entr\u00e9e rue du Plessis-Bouchard.<\/span><\/p>\n<p><span style=\"font-family: arial, helvetica, sans-serif; font-size: 14pt;\">Page 184. Rue Cadet de Vaux, voir mon site, Mr Cadet de Vaux n\u2019a jamais cr\u00e9\u00e9 de panneaux indicateurs de vitesse cela n\u2019avait aucun sens par contre il a cr\u00e9\u00e9 des panneaux indicateurs de direction pour retrouver son chemin. (Panneaux indicateurs actuels).<\/span><\/p>\n<p><span style=\"font-family: arial, helvetica, sans-serif; font-size: 14pt;\">Page 191. Rue Alexandre Dumas, n\u2019est pas en impasse\u2026<\/span><\/p>\n<p><span style=\"font-family: arial, helvetica, sans-serif; font-size: 14pt;\">Page 199. All\u00e9e Jules Lassouche, cette voie appartient en moiti\u00e9 aux riverains.<\/span><\/p>\n<p><span style=\"font-family: arial, helvetica, sans-serif; font-size: 14pt;\">Page 208. Avenue Louis Pasteur, la plaque de rue ne comporte pas de pr\u00e9nom<\/span><\/p>\n<p><span style=\"font-family: arial, helvetica, sans-serif; font-size: 14pt;\">Page 211. Place de la R\u00e9publique\u00a0: voir plus sur mon site, c\u2019est en 1896 que cette place prend le nom de \u00ab\u00a0R\u00e9publique\u00a0\u00bb bien apr\u00e8s la cr\u00e9ation de gare.<\/span><\/p>\n<p><span style=\"font-family: arial, helvetica, sans-serif; font-size: 14pt;\">Page 213. Rue Louis S\u00e9billon\u00a0: Mr Grosdemange n\u2019a pas \u00e9t\u00e9 maire de 1919 \u00e0 1950.<\/span><\/p>\n<p>&nbsp;<\/p>\n<p><span style=\"font-family: arial, helvetica, sans-serif; font-size: 14pt;\">Ceci est un r\u00e9sum\u00e9 des anomalies dont quelques-unes auraient pu \u00eatre \u00e9vit\u00e9es.<\/span><\/p>\n<p><span style=\"font-family: arial, helvetica, sans-serif; font-size: 14pt;\">Le chemin des Rommes n\u2019est pas mentionn\u00e9 et il existe des habitants, de m\u00eame pour la sente du bois des Monts Frais<\/span><\/p>\n<p><span style=\"font-family: arial, helvetica, sans-serif; font-size: 14pt;\">Je n\u2019ai pas compris toutes les viabilit\u00e9s, p\u00e9riode de cr\u00e9ation ou autres que je poss\u00e8de, consulter mon site il se peut que vous ayez des r\u00e9ponses plus compl\u00e8tes.<\/span><\/p>\n<p><span style=\"font-family: arial, helvetica, sans-serif; font-size: 14pt;\">En gros cela fait une cinquantaine de remarques\u2026<\/span><\/p>\n<p>&nbsp;<\/p>\n<p><span style=\"font-family: arial, helvetica, sans-serif; font-size: 14pt;\">Sources puis\u00e9es dans mes recherches aux ADVO et autres\u2026Ywan Kutelmach \u00a9 28\/12\/20<\/span><\/td>\n<\/tr>\n<\/tbody>\n<\/table>\n","protected":false},"excerpt":{"rendered":"<p>A propos du livre des rues A c\u00f4t\u00e9 de moi qui travaille, il y a trop souvent un autre moi qui examine, raisonne, critique\u2026 Donc j\u2019ai repris ce livre et j\u2019ai tout relu. Il en ressort que si l\u2019ouvrage pouvait faire suite du livre \u00ab\u00a0En Passant par Franconville\u00a0\u00bb, celui-ci n\u2019a pas eu les bonnes personnes [&hellip;]<\/p>\n","protected":false},"author":1,"featured_media":0,"parent":0,"menu_order":0,"comment_status":"closed","ping_status":"closed","template":"","meta":{"_monsterinsights_skip_tracking":false,"_monsterinsights_sitenote_active":false,"_monsterinsights_sitenote_note":"","_monsterinsights_sitenote_category":0,"footnotes":""},"class_list":["post-4075","page","type-page","status-publish","hentry"],"aioseo_notices":[],"_links":{"self":[{"href":"https:\/\/www.si-franconville.fr\/index.php\/wp-json\/wp\/v2\/pages\/4075","targetHints":{"allow":["GET"]}}],"collection":[{"href":"https:\/\/www.si-franconville.fr\/index.php\/wp-json\/wp\/v2\/pages"}],"about":[{"href":"https:\/\/www.si-franconville.fr\/index.php\/wp-json\/wp\/v2\/types\/page"}],"author":[{"embeddable":true,"href":"https:\/\/www.si-franconville.fr\/index.php\/wp-json\/wp\/v2\/users\/1"}],"replies":[{"embeddable":true,"href":"https:\/\/www.si-franconville.fr\/index.php\/wp-json\/wp\/v2\/comments?post=4075"}],"version-history":[{"count":8,"href":"https:\/\/www.si-franconville.fr\/index.php\/wp-json\/wp\/v2\/pages\/4075\/revisions"}],"predecessor-version":[{"id":4097,"href":"https:\/\/www.si-franconville.fr\/index.php\/wp-json\/wp\/v2\/pages\/4075\/revisions\/4097"}],"wp:attachment":[{"href":"https:\/\/www.si-franconville.fr\/index.php\/wp-json\/wp\/v2\/media?parent=4075"}],"curies":[{"name":"wp","href":"https:\/\/api.w.org\/{rel}","templated":true}]}}