{"id":4051,"date":"2022-12-05T14:13:39","date_gmt":"2022-12-05T13:13:39","guid":{"rendered":"https:\/\/www.si-franconville.fr\/?page_id=4051"},"modified":"2022-12-05T14:13:39","modified_gmt":"2022-12-05T13:13:39","slug":"les-maires-avant-1900","status":"publish","type":"page","link":"https:\/\/www.si-franconville.fr\/index.php\/les-maires-avant-1900\/","title":{"rendered":"Les Maires avant 1900"},"content":{"rendered":"<p><span style=\"font-family: arial, helvetica, sans-serif; font-size: 14pt; background-color: #ff9900;\">\u00a0Les maires de Franconville depuis la r\u00e9volution jusqu&rsquo;en 1904 .<\/span><\/p>\n<p><img loading=\"lazy\" decoding=\"async\" class=\"alignnone wp-image-4053 size-full\" src=\"https:\/\/www.si-franconville.fr\/wp-content\/uploads\/2022\/12\/La-Saga-des-maires-site_001.jpg\" alt=\"\" width=\"793\" height=\"1122\" srcset=\"https:\/\/www.si-franconville.fr\/wp-content\/uploads\/2022\/12\/La-Saga-des-maires-site_001.jpg 793w, https:\/\/www.si-franconville.fr\/wp-content\/uploads\/2022\/12\/La-Saga-des-maires-site_001-212x300.jpg 212w, https:\/\/www.si-franconville.fr\/wp-content\/uploads\/2022\/12\/La-Saga-des-maires-site_001-424x600.jpg 424w, https:\/\/www.si-franconville.fr\/wp-content\/uploads\/2022\/12\/La-Saga-des-maires-site_001-768x1087.jpg 768w, https:\/\/www.si-franconville.fr\/wp-content\/uploads\/2022\/12\/La-Saga-des-maires-site_001-620x877.jpg 620w\" sizes=\"auto, (max-width: 793px) 100vw, 793px\" \/><\/p>\n<p><img loading=\"lazy\" decoding=\"async\" class=\"alignnone wp-image-4054 size-full\" src=\"https:\/\/www.si-franconville.fr\/wp-content\/uploads\/2022\/12\/La-Saga-des-maires-site_002.jpg\" alt=\"\" width=\"793\" height=\"1122\" srcset=\"https:\/\/www.si-franconville.fr\/wp-content\/uploads\/2022\/12\/La-Saga-des-maires-site_002.jpg 793w, https:\/\/www.si-franconville.fr\/wp-content\/uploads\/2022\/12\/La-Saga-des-maires-site_002-212x300.jpg 212w, https:\/\/www.si-franconville.fr\/wp-content\/uploads\/2022\/12\/La-Saga-des-maires-site_002-424x600.jpg 424w, https:\/\/www.si-franconville.fr\/wp-content\/uploads\/2022\/12\/La-Saga-des-maires-site_002-768x1087.jpg 768w, https:\/\/www.si-franconville.fr\/wp-content\/uploads\/2022\/12\/La-Saga-des-maires-site_002-620x877.jpg 620w\" sizes=\"auto, (max-width: 793px) 100vw, 793px\" \/><\/p>\n<p><img loading=\"lazy\" decoding=\"async\" class=\"alignnone wp-image-4055 size-full\" src=\"https:\/\/www.si-franconville.fr\/wp-content\/uploads\/2022\/12\/La-Saga-des-maires-site_003.jpg\" alt=\"\" width=\"793\" height=\"1122\" srcset=\"https:\/\/www.si-franconville.fr\/wp-content\/uploads\/2022\/12\/La-Saga-des-maires-site_003.jpg 793w, https:\/\/www.si-franconville.fr\/wp-content\/uploads\/2022\/12\/La-Saga-des-maires-site_003-212x300.jpg 212w, https:\/\/www.si-franconville.fr\/wp-content\/uploads\/2022\/12\/La-Saga-des-maires-site_003-424x600.jpg 424w, https:\/\/www.si-franconville.fr\/wp-content\/uploads\/2022\/12\/La-Saga-des-maires-site_003-768x1087.jpg 768w, https:\/\/www.si-franconville.fr\/wp-content\/uploads\/2022\/12\/La-Saga-des-maires-site_003-620x877.jpg 620w\" sizes=\"auto, (max-width: 793px) 100vw, 793px\" \/><\/p>\n<p><img loading=\"lazy\" decoding=\"async\" class=\"alignnone wp-image-4056 size-full\" src=\"https:\/\/www.si-franconville.fr\/wp-content\/uploads\/2022\/12\/La-Saga-des-maires-site_004.jpg\" alt=\"\" width=\"793\" height=\"1122\" srcset=\"https:\/\/www.si-franconville.fr\/wp-content\/uploads\/2022\/12\/La-Saga-des-maires-site_004.jpg 793w, https:\/\/www.si-franconville.fr\/wp-content\/uploads\/2022\/12\/La-Saga-des-maires-site_004-212x300.jpg 212w, https:\/\/www.si-franconville.fr\/wp-content\/uploads\/2022\/12\/La-Saga-des-maires-site_004-424x600.jpg 424w, https:\/\/www.si-franconville.fr\/wp-content\/uploads\/2022\/12\/La-Saga-des-maires-site_004-768x1087.jpg 768w, https:\/\/www.si-franconville.fr\/wp-content\/uploads\/2022\/12\/La-Saga-des-maires-site_004-620x877.jpg 620w\" sizes=\"auto, (max-width: 793px) 100vw, 793px\" \/><\/p>\n<p><img loading=\"lazy\" decoding=\"async\" class=\"alignnone wp-image-4057 size-full\" src=\"https:\/\/www.si-franconville.fr\/wp-content\/uploads\/2022\/12\/La-Saga-des-maires-site_006.jpg\" alt=\"\" width=\"793\" height=\"1122\" srcset=\"https:\/\/www.si-franconville.fr\/wp-content\/uploads\/2022\/12\/La-Saga-des-maires-site_006.jpg 793w, https:\/\/www.si-franconville.fr\/wp-content\/uploads\/2022\/12\/La-Saga-des-maires-site_006-212x300.jpg 212w, https:\/\/www.si-franconville.fr\/wp-content\/uploads\/2022\/12\/La-Saga-des-maires-site_006-424x600.jpg 424w, https:\/\/www.si-franconville.fr\/wp-content\/uploads\/2022\/12\/La-Saga-des-maires-site_006-768x1087.jpg 768w, https:\/\/www.si-franconville.fr\/wp-content\/uploads\/2022\/12\/La-Saga-des-maires-site_006-620x877.jpg 620w\" sizes=\"auto, (max-width: 793px) 100vw, 793px\" \/><\/p>\n<p><img loading=\"lazy\" decoding=\"async\" class=\"alignnone wp-image-4058 size-full\" src=\"https:\/\/www.si-franconville.fr\/wp-content\/uploads\/2022\/12\/La-Saga-des-maires-site_007.jpg\" alt=\"\" width=\"793\" height=\"1122\" srcset=\"https:\/\/www.si-franconville.fr\/wp-content\/uploads\/2022\/12\/La-Saga-des-maires-site_007.jpg 793w, https:\/\/www.si-franconville.fr\/wp-content\/uploads\/2022\/12\/La-Saga-des-maires-site_007-212x300.jpg 212w, https:\/\/www.si-franconville.fr\/wp-content\/uploads\/2022\/12\/La-Saga-des-maires-site_007-424x600.jpg 424w, https:\/\/www.si-franconville.fr\/wp-content\/uploads\/2022\/12\/La-Saga-des-maires-site_007-768x1087.jpg 768w, https:\/\/www.si-franconville.fr\/wp-content\/uploads\/2022\/12\/La-Saga-des-maires-site_007-620x877.jpg 620w\" sizes=\"auto, (max-width: 793px) 100vw, 793px\" \/><\/p>\n<p><img loading=\"lazy\" decoding=\"async\" class=\"alignnone wp-image-4059 size-full\" src=\"https:\/\/www.si-franconville.fr\/wp-content\/uploads\/2022\/12\/La-Saga-des-maires-site_008.jpg\" alt=\"\" width=\"793\" height=\"1122\" srcset=\"https:\/\/www.si-franconville.fr\/wp-content\/uploads\/2022\/12\/La-Saga-des-maires-site_008.jpg 793w, https:\/\/www.si-franconville.fr\/wp-content\/uploads\/2022\/12\/La-Saga-des-maires-site_008-212x300.jpg 212w, https:\/\/www.si-franconville.fr\/wp-content\/uploads\/2022\/12\/La-Saga-des-maires-site_008-424x600.jpg 424w, https:\/\/www.si-franconville.fr\/wp-content\/uploads\/2022\/12\/La-Saga-des-maires-site_008-768x1087.jpg 768w, https:\/\/www.si-franconville.fr\/wp-content\/uploads\/2022\/12\/La-Saga-des-maires-site_008-620x877.jpg 620w\" sizes=\"auto, (max-width: 793px) 100vw, 793px\" \/><\/p>\n<p><img loading=\"lazy\" decoding=\"async\" class=\"alignnone wp-image-4060 size-full\" src=\"https:\/\/www.si-franconville.fr\/wp-content\/uploads\/2022\/12\/La-Saga-des-maires-site_009.jpg\" alt=\"\" width=\"793\" height=\"1122\" srcset=\"https:\/\/www.si-franconville.fr\/wp-content\/uploads\/2022\/12\/La-Saga-des-maires-site_009.jpg 793w, https:\/\/www.si-franconville.fr\/wp-content\/uploads\/2022\/12\/La-Saga-des-maires-site_009-212x300.jpg 212w, https:\/\/www.si-franconville.fr\/wp-content\/uploads\/2022\/12\/La-Saga-des-maires-site_009-424x600.jpg 424w, https:\/\/www.si-franconville.fr\/wp-content\/uploads\/2022\/12\/La-Saga-des-maires-site_009-768x1087.jpg 768w, https:\/\/www.si-franconville.fr\/wp-content\/uploads\/2022\/12\/La-Saga-des-maires-site_009-620x877.jpg 620w\" sizes=\"auto, (max-width: 793px) 100vw, 793px\" \/><\/p>\n<p><span style=\"font-family: arial, helvetica, sans-serif;\">Bertin Gabriel, Bertin Pierre Antoine, Leboucq Antoine, Guichard Jean Baptiste, Bouju Guillaume Robert, Leclerc Louis Philippe, Hamelin Jacques F\u00e9lix Emmanuel, Faucon Louis Placide Nativit\u00e9 Faucon, Jugier Antoine Fran\u00e7ois, Bertin Jean Cortez, de Parthuis Emile, Chenel\u00a0 Fran\u00e7ois, Vedy Nicolas, Deribaucourt Louis Charles F\u00e9lix, Baudier Louis Auguste, Lucas Toussaint, Bonne Claude C\u00e9lestin. Leredu Georges.<\/span><\/p>\n","protected":false},"excerpt":{"rendered":"<p>\u00a0Les maires de Franconville depuis la r\u00e9volution jusqu&rsquo;en 1904 . Bertin Gabriel, Bertin Pierre Antoine, Leboucq Antoine, Guichard Jean Baptiste, Bouju Guillaume Robert, Leclerc Louis Philippe, Hamelin Jacques F\u00e9lix Emmanuel, Faucon Louis Placide Nativit\u00e9 Faucon, Jugier Antoine Fran\u00e7ois, Bertin Jean Cortez, de Parthuis Emile, Chenel\u00a0 Fran\u00e7ois, Vedy Nicolas, Deribaucourt Louis Charles F\u00e9lix, Baudier Louis Auguste, [&hellip;]<\/p>\n","protected":false},"author":1,"featured_media":0,"parent":0,"menu_order":0,"comment_status":"closed","ping_status":"closed","template":"","meta":{"_monsterinsights_skip_tracking":false,"_monsterinsights_sitenote_active":false,"_monsterinsights_sitenote_note":"","_monsterinsights_sitenote_category":0,"footnotes":""},"class_list":["post-4051","page","type-page","status-publish","hentry"],"aioseo_notices":[],"_links":{"self":[{"href":"https:\/\/www.si-franconville.fr\/index.php\/wp-json\/wp\/v2\/pages\/4051","targetHints":{"allow":["GET"]}}],"collection":[{"href":"https:\/\/www.si-franconville.fr\/index.php\/wp-json\/wp\/v2\/pages"}],"about":[{"href":"https:\/\/www.si-franconville.fr\/index.php\/wp-json\/wp\/v2\/types\/page"}],"author":[{"embeddable":true,"href":"https:\/\/www.si-franconville.fr\/index.php\/wp-json\/wp\/v2\/users\/1"}],"replies":[{"embeddable":true,"href":"https:\/\/www.si-franconville.fr\/index.php\/wp-json\/wp\/v2\/comments?post=4051"}],"version-history":[{"count":2,"href":"https:\/\/www.si-franconville.fr\/index.php\/wp-json\/wp\/v2\/pages\/4051\/revisions"}],"predecessor-version":[{"id":4062,"href":"https:\/\/www.si-franconville.fr\/index.php\/wp-json\/wp\/v2\/pages\/4051\/revisions\/4062"}],"wp:attachment":[{"href":"https:\/\/www.si-franconville.fr\/index.php\/wp-json\/wp\/v2\/media?parent=4051"}],"curies":[{"name":"wp","href":"https:\/\/api.w.org\/{rel}","templated":true}]}}