{"id":3988,"date":"2022-11-15T08:51:34","date_gmt":"2022-11-15T07:51:34","guid":{"rendered":"https:\/\/www.si-franconville.fr\/?page_id=3988"},"modified":"2022-11-15T08:51:34","modified_gmt":"2022-11-15T07:51:34","slug":"rue-de-paris-87","status":"publish","type":"page","link":"https:\/\/www.si-franconville.fr\/index.php\/rue-de-paris-87\/","title":{"rendered":"Rue de Paris 87"},"content":{"rendered":"<p><span style=\"font-family: arial, helvetica, sans-serif; font-size: 14pt;\">\u00a0Un endroit m\u00e9connu la cave m\u00e9di\u00e9vale .<\/span><\/p>\n<p><img loading=\"lazy\" decoding=\"async\" class=\"alignnone wp-image-3989 size-full\" src=\"https:\/\/www.si-franconville.fr\/wp-content\/uploads\/2022\/11\/Rue-de-Paris-N\u00b0-87_001.jpg\" alt=\"\" width=\"793\" height=\"1122\" srcset=\"https:\/\/www.si-franconville.fr\/wp-content\/uploads\/2022\/11\/Rue-de-Paris-N\u00b0-87_001.jpg 793w, https:\/\/www.si-franconville.fr\/wp-content\/uploads\/2022\/11\/Rue-de-Paris-N\u00b0-87_001-212x300.jpg 212w, https:\/\/www.si-franconville.fr\/wp-content\/uploads\/2022\/11\/Rue-de-Paris-N\u00b0-87_001-424x600.jpg 424w, https:\/\/www.si-franconville.fr\/wp-content\/uploads\/2022\/11\/Rue-de-Paris-N\u00b0-87_001-768x1087.jpg 768w, https:\/\/www.si-franconville.fr\/wp-content\/uploads\/2022\/11\/Rue-de-Paris-N\u00b0-87_001-620x877.jpg 620w\" sizes=\"auto, (max-width: 793px) 100vw, 793px\" \/><\/p>\n<p><img loading=\"lazy\" decoding=\"async\" class=\"alignnone wp-image-3990 size-full\" src=\"https:\/\/www.si-franconville.fr\/wp-content\/uploads\/2022\/11\/Rue-de-Paris-N\u00b0-87_002.jpg\" alt=\"\" width=\"793\" height=\"1122\" srcset=\"https:\/\/www.si-franconville.fr\/wp-content\/uploads\/2022\/11\/Rue-de-Paris-N\u00b0-87_002.jpg 793w, https:\/\/www.si-franconville.fr\/wp-content\/uploads\/2022\/11\/Rue-de-Paris-N\u00b0-87_002-212x300.jpg 212w, https:\/\/www.si-franconville.fr\/wp-content\/uploads\/2022\/11\/Rue-de-Paris-N\u00b0-87_002-424x600.jpg 424w, https:\/\/www.si-franconville.fr\/wp-content\/uploads\/2022\/11\/Rue-de-Paris-N\u00b0-87_002-768x1087.jpg 768w, https:\/\/www.si-franconville.fr\/wp-content\/uploads\/2022\/11\/Rue-de-Paris-N\u00b0-87_002-620x877.jpg 620w\" sizes=\"auto, (max-width: 793px) 100vw, 793px\" \/><\/p>\n<p><img loading=\"lazy\" decoding=\"async\" class=\"alignnone wp-image-3991 size-full\" src=\"https:\/\/www.si-franconville.fr\/wp-content\/uploads\/2022\/11\/Rue-de-Paris-N\u00b0-87_003.jpg\" alt=\"\" width=\"793\" height=\"1122\" srcset=\"https:\/\/www.si-franconville.fr\/wp-content\/uploads\/2022\/11\/Rue-de-Paris-N\u00b0-87_003.jpg 793w, https:\/\/www.si-franconville.fr\/wp-content\/uploads\/2022\/11\/Rue-de-Paris-N\u00b0-87_003-212x300.jpg 212w, https:\/\/www.si-franconville.fr\/wp-content\/uploads\/2022\/11\/Rue-de-Paris-N\u00b0-87_003-424x600.jpg 424w, https:\/\/www.si-franconville.fr\/wp-content\/uploads\/2022\/11\/Rue-de-Paris-N\u00b0-87_003-768x1087.jpg 768w, https:\/\/www.si-franconville.fr\/wp-content\/uploads\/2022\/11\/Rue-de-Paris-N\u00b0-87_003-620x877.jpg 620w\" sizes=\"auto, (max-width: 793px) 100vw, 793px\" \/><\/p>\n<p><img loading=\"lazy\" decoding=\"async\" class=\"alignnone wp-image-3992 size-full\" src=\"https:\/\/www.si-franconville.fr\/wp-content\/uploads\/2022\/11\/Rue-de-Paris-N\u00b0-87_004.jpg\" alt=\"\" width=\"793\" height=\"1122\" srcset=\"https:\/\/www.si-franconville.fr\/wp-content\/uploads\/2022\/11\/Rue-de-Paris-N\u00b0-87_004.jpg 793w, https:\/\/www.si-franconville.fr\/wp-content\/uploads\/2022\/11\/Rue-de-Paris-N\u00b0-87_004-212x300.jpg 212w, https:\/\/www.si-franconville.fr\/wp-content\/uploads\/2022\/11\/Rue-de-Paris-N\u00b0-87_004-424x600.jpg 424w, https:\/\/www.si-franconville.fr\/wp-content\/uploads\/2022\/11\/Rue-de-Paris-N\u00b0-87_004-768x1087.jpg 768w, https:\/\/www.si-franconville.fr\/wp-content\/uploads\/2022\/11\/Rue-de-Paris-N\u00b0-87_004-620x877.jpg 620w\" sizes=\"auto, (max-width: 793px) 100vw, 793px\" \/><\/p>\n","protected":false},"excerpt":{"rendered":"<p>\u00a0Un endroit m\u00e9connu la cave m\u00e9di\u00e9vale .<\/p>\n","protected":false},"author":1,"featured_media":0,"parent":0,"menu_order":0,"comment_status":"closed","ping_status":"closed","template":"","meta":{"_monsterinsights_skip_tracking":false,"_monsterinsights_sitenote_active":false,"_monsterinsights_sitenote_note":"","_monsterinsights_sitenote_category":0,"footnotes":""},"class_list":["post-3988","page","type-page","status-publish","hentry"],"aioseo_notices":[],"_links":{"self":[{"href":"https:\/\/www.si-franconville.fr\/index.php\/wp-json\/wp\/v2\/pages\/3988","targetHints":{"allow":["GET"]}}],"collection":[{"href":"https:\/\/www.si-franconville.fr\/index.php\/wp-json\/wp\/v2\/pages"}],"about":[{"href":"https:\/\/www.si-franconville.fr\/index.php\/wp-json\/wp\/v2\/types\/page"}],"author":[{"embeddable":true,"href":"https:\/\/www.si-franconville.fr\/index.php\/wp-json\/wp\/v2\/users\/1"}],"replies":[{"embeddable":true,"href":"https:\/\/www.si-franconville.fr\/index.php\/wp-json\/wp\/v2\/comments?post=3988"}],"version-history":[{"count":1,"href":"https:\/\/www.si-franconville.fr\/index.php\/wp-json\/wp\/v2\/pages\/3988\/revisions"}],"predecessor-version":[{"id":3993,"href":"https:\/\/www.si-franconville.fr\/index.php\/wp-json\/wp\/v2\/pages\/3988\/revisions\/3993"}],"wp:attachment":[{"href":"https:\/\/www.si-franconville.fr\/index.php\/wp-json\/wp\/v2\/media?parent=3988"}],"curies":[{"name":"wp","href":"https:\/\/api.w.org\/{rel}","templated":true}]}}