{"id":3744,"date":"2022-06-28T10:03:18","date_gmt":"2022-06-28T08:03:18","guid":{"rendered":"https:\/\/www.si-franconville.fr\/?page_id=3744"},"modified":"2022-06-28T10:03:18","modified_gmt":"2022-06-28T08:03:18","slug":"velut-de-la-croniere","status":"publish","type":"page","link":"https:\/\/www.si-franconville.fr\/index.php\/velut-de-la-croniere\/","title":{"rendered":"Velut de la Croni\u00e8re"},"content":{"rendered":"<p><span style=\"font-family: arial, helvetica, sans-serif; font-size: 14pt; color: #ff9900;\"><span style=\"color: #000000; background-color: #ff9900;\">Velut de la Croni\u00e8re, Velut de la Crosni\u00e8re<\/span><\/span><\/p>\n<p><img loading=\"lazy\" decoding=\"async\" class=\"alignnone wp-image-3745 size-full\" src=\"https:\/\/www.si-franconville.fr\/wp-content\/uploads\/2022\/06\/Etude-De-la-Crosniere_001.jpg\" alt=\"\" width=\"793\" height=\"1122\" srcset=\"https:\/\/www.si-franconville.fr\/wp-content\/uploads\/2022\/06\/Etude-De-la-Crosniere_001.jpg 793w, https:\/\/www.si-franconville.fr\/wp-content\/uploads\/2022\/06\/Etude-De-la-Crosniere_001-212x300.jpg 212w, https:\/\/www.si-franconville.fr\/wp-content\/uploads\/2022\/06\/Etude-De-la-Crosniere_001-424x600.jpg 424w, https:\/\/www.si-franconville.fr\/wp-content\/uploads\/2022\/06\/Etude-De-la-Crosniere_001-768x1087.jpg 768w, https:\/\/www.si-franconville.fr\/wp-content\/uploads\/2022\/06\/Etude-De-la-Crosniere_001-620x877.jpg 620w\" sizes=\"auto, (max-width: 793px) 100vw, 793px\" \/><\/p>\n<p><img loading=\"lazy\" decoding=\"async\" class=\"alignnone wp-image-3746 size-full\" src=\"https:\/\/www.si-franconville.fr\/wp-content\/uploads\/2022\/06\/Etude-De-la-Crosniere_002.jpg\" alt=\"\" width=\"793\" height=\"1122\" srcset=\"https:\/\/www.si-franconville.fr\/wp-content\/uploads\/2022\/06\/Etude-De-la-Crosniere_002.jpg 793w, https:\/\/www.si-franconville.fr\/wp-content\/uploads\/2022\/06\/Etude-De-la-Crosniere_002-212x300.jpg 212w, https:\/\/www.si-franconville.fr\/wp-content\/uploads\/2022\/06\/Etude-De-la-Crosniere_002-424x600.jpg 424w, https:\/\/www.si-franconville.fr\/wp-content\/uploads\/2022\/06\/Etude-De-la-Crosniere_002-768x1087.jpg 768w, https:\/\/www.si-franconville.fr\/wp-content\/uploads\/2022\/06\/Etude-De-la-Crosniere_002-620x877.jpg 620w\" sizes=\"auto, (max-width: 793px) 100vw, 793px\" \/><\/p>\n<p><img loading=\"lazy\" decoding=\"async\" class=\"alignnone wp-image-3747 size-full\" src=\"https:\/\/www.si-franconville.fr\/wp-content\/uploads\/2022\/06\/Etude-De-la-Crosniere_003.jpg\" alt=\"\" width=\"793\" height=\"1122\" srcset=\"https:\/\/www.si-franconville.fr\/wp-content\/uploads\/2022\/06\/Etude-De-la-Crosniere_003.jpg 793w, https:\/\/www.si-franconville.fr\/wp-content\/uploads\/2022\/06\/Etude-De-la-Crosniere_003-212x300.jpg 212w, https:\/\/www.si-franconville.fr\/wp-content\/uploads\/2022\/06\/Etude-De-la-Crosniere_003-424x600.jpg 424w, https:\/\/www.si-franconville.fr\/wp-content\/uploads\/2022\/06\/Etude-De-la-Crosniere_003-768x1087.jpg 768w, https:\/\/www.si-franconville.fr\/wp-content\/uploads\/2022\/06\/Etude-De-la-Crosniere_003-620x877.jpg 620w\" sizes=\"auto, (max-width: 793px) 100vw, 793px\" \/><\/p>\n<p><img loading=\"lazy\" decoding=\"async\" class=\"alignnone wp-image-3748 size-full\" src=\"https:\/\/www.si-franconville.fr\/wp-content\/uploads\/2022\/06\/Etude-De-la-Crosniere_004.jpg\" alt=\"\" width=\"793\" height=\"1122\" srcset=\"https:\/\/www.si-franconville.fr\/wp-content\/uploads\/2022\/06\/Etude-De-la-Crosniere_004.jpg 793w, https:\/\/www.si-franconville.fr\/wp-content\/uploads\/2022\/06\/Etude-De-la-Crosniere_004-212x300.jpg 212w, https:\/\/www.si-franconville.fr\/wp-content\/uploads\/2022\/06\/Etude-De-la-Crosniere_004-424x600.jpg 424w, https:\/\/www.si-franconville.fr\/wp-content\/uploads\/2022\/06\/Etude-De-la-Crosniere_004-768x1087.jpg 768w, https:\/\/www.si-franconville.fr\/wp-content\/uploads\/2022\/06\/Etude-De-la-Crosniere_004-620x877.jpg 620w\" sizes=\"auto, (max-width: 793px) 100vw, 793px\" \/><\/p>\n<p><img loading=\"lazy\" decoding=\"async\" class=\"alignnone wp-image-3749 size-full\" src=\"https:\/\/www.si-franconville.fr\/wp-content\/uploads\/2022\/06\/Etude-De-la-Crosniere_005.jpg\" alt=\"\" width=\"793\" height=\"1122\" srcset=\"https:\/\/www.si-franconville.fr\/wp-content\/uploads\/2022\/06\/Etude-De-la-Crosniere_005.jpg 793w, https:\/\/www.si-franconville.fr\/wp-content\/uploads\/2022\/06\/Etude-De-la-Crosniere_005-212x300.jpg 212w, https:\/\/www.si-franconville.fr\/wp-content\/uploads\/2022\/06\/Etude-De-la-Crosniere_005-424x600.jpg 424w, https:\/\/www.si-franconville.fr\/wp-content\/uploads\/2022\/06\/Etude-De-la-Crosniere_005-768x1087.jpg 768w, https:\/\/www.si-franconville.fr\/wp-content\/uploads\/2022\/06\/Etude-De-la-Crosniere_005-620x877.jpg 620w\" sizes=\"auto, (max-width: 793px) 100vw, 793px\" \/><\/p>\n<p><img loading=\"lazy\" decoding=\"async\" class=\"alignnone wp-image-3750 size-full\" src=\"https:\/\/www.si-franconville.fr\/wp-content\/uploads\/2022\/06\/Etude-De-la-Crosniere_006.jpg\" alt=\"\" width=\"793\" height=\"1122\" srcset=\"https:\/\/www.si-franconville.fr\/wp-content\/uploads\/2022\/06\/Etude-De-la-Crosniere_006.jpg 793w, https:\/\/www.si-franconville.fr\/wp-content\/uploads\/2022\/06\/Etude-De-la-Crosniere_006-212x300.jpg 212w, https:\/\/www.si-franconville.fr\/wp-content\/uploads\/2022\/06\/Etude-De-la-Crosniere_006-424x600.jpg 424w, https:\/\/www.si-franconville.fr\/wp-content\/uploads\/2022\/06\/Etude-De-la-Crosniere_006-768x1087.jpg 768w, https:\/\/www.si-franconville.fr\/wp-content\/uploads\/2022\/06\/Etude-De-la-Crosniere_006-620x877.jpg 620w\" sizes=\"auto, (max-width: 793px) 100vw, 793px\" \/><\/p>\n<p><img loading=\"lazy\" decoding=\"async\" class=\"alignnone wp-image-3751 size-full\" src=\"https:\/\/www.si-franconville.fr\/wp-content\/uploads\/2022\/06\/Etude-De-la-Crosniere_007.jpg\" alt=\"\" width=\"793\" height=\"1122\" srcset=\"https:\/\/www.si-franconville.fr\/wp-content\/uploads\/2022\/06\/Etude-De-la-Crosniere_007.jpg 793w, https:\/\/www.si-franconville.fr\/wp-content\/uploads\/2022\/06\/Etude-De-la-Crosniere_007-212x300.jpg 212w, https:\/\/www.si-franconville.fr\/wp-content\/uploads\/2022\/06\/Etude-De-la-Crosniere_007-424x600.jpg 424w, https:\/\/www.si-franconville.fr\/wp-content\/uploads\/2022\/06\/Etude-De-la-Crosniere_007-768x1087.jpg 768w, https:\/\/www.si-franconville.fr\/wp-content\/uploads\/2022\/06\/Etude-De-la-Crosniere_007-620x877.jpg 620w\" sizes=\"auto, (max-width: 793px) 100vw, 793px\" \/><\/p>\n<p><img loading=\"lazy\" decoding=\"async\" class=\"alignnone wp-image-3752 size-full\" src=\"https:\/\/www.si-franconville.fr\/wp-content\/uploads\/2022\/06\/Etude-De-la-Crosniere_008.jpg\" alt=\"\" width=\"793\" height=\"1122\" srcset=\"https:\/\/www.si-franconville.fr\/wp-content\/uploads\/2022\/06\/Etude-De-la-Crosniere_008.jpg 793w, https:\/\/www.si-franconville.fr\/wp-content\/uploads\/2022\/06\/Etude-De-la-Crosniere_008-212x300.jpg 212w, https:\/\/www.si-franconville.fr\/wp-content\/uploads\/2022\/06\/Etude-De-la-Crosniere_008-424x600.jpg 424w, https:\/\/www.si-franconville.fr\/wp-content\/uploads\/2022\/06\/Etude-De-la-Crosniere_008-768x1087.jpg 768w, https:\/\/www.si-franconville.fr\/wp-content\/uploads\/2022\/06\/Etude-De-la-Crosniere_008-620x877.jpg 620w\" sizes=\"auto, (max-width: 793px) 100vw, 793px\" \/><\/p>\n<p><img loading=\"lazy\" decoding=\"async\" class=\"alignnone wp-image-3753 size-full\" src=\"https:\/\/www.si-franconville.fr\/wp-content\/uploads\/2022\/06\/Etude-De-la-Crosniere_009.jpg\" alt=\"\" width=\"793\" height=\"1122\" srcset=\"https:\/\/www.si-franconville.fr\/wp-content\/uploads\/2022\/06\/Etude-De-la-Crosniere_009.jpg 793w, https:\/\/www.si-franconville.fr\/wp-content\/uploads\/2022\/06\/Etude-De-la-Crosniere_009-212x300.jpg 212w, https:\/\/www.si-franconville.fr\/wp-content\/uploads\/2022\/06\/Etude-De-la-Crosniere_009-424x600.jpg 424w, https:\/\/www.si-franconville.fr\/wp-content\/uploads\/2022\/06\/Etude-De-la-Crosniere_009-768x1087.jpg 768w, https:\/\/www.si-franconville.fr\/wp-content\/uploads\/2022\/06\/Etude-De-la-Crosniere_009-620x877.jpg 620w\" sizes=\"auto, (max-width: 793px) 100vw, 793px\" \/><\/p>\n<p><img loading=\"lazy\" decoding=\"async\" class=\"alignnone wp-image-3754 size-full\" src=\"https:\/\/www.si-franconville.fr\/wp-content\/uploads\/2022\/06\/Etude-De-la-Crosniere_010.jpg\" alt=\"\" width=\"793\" height=\"1122\" srcset=\"https:\/\/www.si-franconville.fr\/wp-content\/uploads\/2022\/06\/Etude-De-la-Crosniere_010.jpg 793w, https:\/\/www.si-franconville.fr\/wp-content\/uploads\/2022\/06\/Etude-De-la-Crosniere_010-212x300.jpg 212w, https:\/\/www.si-franconville.fr\/wp-content\/uploads\/2022\/06\/Etude-De-la-Crosniere_010-424x600.jpg 424w, https:\/\/www.si-franconville.fr\/wp-content\/uploads\/2022\/06\/Etude-De-la-Crosniere_010-768x1087.jpg 768w, https:\/\/www.si-franconville.fr\/wp-content\/uploads\/2022\/06\/Etude-De-la-Crosniere_010-620x877.jpg 620w\" sizes=\"auto, (max-width: 793px) 100vw, 793px\" \/><\/p>\n<p>Augustin Denis Velut de la Croni\u00e8re, Fran\u00e7oise Madeleine Velut de la Croni\u00e8re, Agn\u00e8s Fran\u00e7oise Velut de la Croni\u00e8re,Claude Fran\u00e7ois de la Croni\u00e8re, Fran\u00e7oise Jeanne Le P\u00e8re de Popin, Guillaume Le P\u00e8re de popin<\/p>\n","protected":false},"excerpt":{"rendered":"<p>Velut de la Croni\u00e8re, Velut de la Crosni\u00e8re Augustin Denis Velut de la Croni\u00e8re, Fran\u00e7oise Madeleine Velut de la Croni\u00e8re, Agn\u00e8s Fran\u00e7oise Velut de la Croni\u00e8re,Claude Fran\u00e7ois de la Croni\u00e8re, Fran\u00e7oise Jeanne Le P\u00e8re de Popin, Guillaume Le P\u00e8re de popin<\/p>\n","protected":false},"author":1,"featured_media":0,"parent":0,"menu_order":0,"comment_status":"closed","ping_status":"closed","template":"","meta":{"_monsterinsights_skip_tracking":false,"_monsterinsights_sitenote_active":false,"_monsterinsights_sitenote_note":"","_monsterinsights_sitenote_category":0,"footnotes":""},"class_list":["post-3744","page","type-page","status-publish","hentry"],"aioseo_notices":[],"_links":{"self":[{"href":"https:\/\/www.si-franconville.fr\/index.php\/wp-json\/wp\/v2\/pages\/3744","targetHints":{"allow":["GET"]}}],"collection":[{"href":"https:\/\/www.si-franconville.fr\/index.php\/wp-json\/wp\/v2\/pages"}],"about":[{"href":"https:\/\/www.si-franconville.fr\/index.php\/wp-json\/wp\/v2\/types\/page"}],"author":[{"embeddable":true,"href":"https:\/\/www.si-franconville.fr\/index.php\/wp-json\/wp\/v2\/users\/1"}],"replies":[{"embeddable":true,"href":"https:\/\/www.si-franconville.fr\/index.php\/wp-json\/wp\/v2\/comments?post=3744"}],"version-history":[{"count":1,"href":"https:\/\/www.si-franconville.fr\/index.php\/wp-json\/wp\/v2\/pages\/3744\/revisions"}],"predecessor-version":[{"id":3755,"href":"https:\/\/www.si-franconville.fr\/index.php\/wp-json\/wp\/v2\/pages\/3744\/revisions\/3755"}],"wp:attachment":[{"href":"https:\/\/www.si-franconville.fr\/index.php\/wp-json\/wp\/v2\/media?parent=3744"}],"curies":[{"name":"wp","href":"https:\/\/api.w.org\/{rel}","templated":true}]}}