{"id":372,"date":"2019-07-06T15:10:46","date_gmt":"2019-07-06T13:10:46","guid":{"rendered":"http:\/\/si-franconville.fr\/?page_id=372"},"modified":"2022-05-11T13:22:02","modified_gmt":"2022-05-11T11:22:02","slug":"comte-dalbon","status":"publish","type":"page","link":"https:\/\/www.si-franconville.fr\/index.php\/comte-dalbon\/","title":{"rendered":"Comte d&rsquo;Albon"},"content":{"rendered":"<table style=\"border-collapse: collapse; width: 85.33%;\">\n<tbody>\n<tr>\n<td style=\"width: 100%;\"><span style=\"font-family: arial, helvetica, sans-serif; font-size: 18pt; background-color: #ff9900;\">\u00a0Le comte Claude Camille Fran\u00e7ois d&rsquo;Albon \u00e0 Franconville de 1781 \u00e0 1789<br \/>\n<\/span><\/td>\n<\/tr>\n<\/tbody>\n<\/table>\n<p><span style=\"font-family: arial, helvetica, sans-serif; font-size: 18pt;\">\u00a0<\/span><\/p>\n<p><img loading=\"lazy\" decoding=\"async\" class=\"alignnone wp-image-911 size-full\" src=\"http:\/\/si-franconville.fr\/wp-content\/uploads\/2019\/09\/Site2b-comte-dAlbon.jpg\" alt=\"\" width=\"793\" height=\"1122\" srcset=\"https:\/\/www.si-franconville.fr\/wp-content\/uploads\/2019\/09\/Site2b-comte-dAlbon.jpg 793w, https:\/\/www.si-franconville.fr\/wp-content\/uploads\/2019\/09\/Site2b-comte-dAlbon-212x300.jpg 212w, https:\/\/www.si-franconville.fr\/wp-content\/uploads\/2019\/09\/Site2b-comte-dAlbon-768x1087.jpg 768w, https:\/\/www.si-franconville.fr\/wp-content\/uploads\/2019\/09\/Site2b-comte-dAlbon-424x600.jpg 424w, https:\/\/www.si-franconville.fr\/wp-content\/uploads\/2019\/09\/Site2b-comte-dAlbon-620x877.jpg 620w\" sizes=\"auto, (max-width: 793px) 100vw, 793px\" \/><\/p>\n<p><img loading=\"lazy\" decoding=\"async\" class=\"alignnone wp-image-2598 size-full\" src=\"https:\/\/www.si-franconville.fr\/wp-content\/uploads\/2021\/01\/Site2c-comte-dAlbon_001.jpg\" alt=\"\" width=\"793\" height=\"1122\" srcset=\"https:\/\/www.si-franconville.fr\/wp-content\/uploads\/2021\/01\/Site2c-comte-dAlbon_001.jpg 793w, https:\/\/www.si-franconville.fr\/wp-content\/uploads\/2021\/01\/Site2c-comte-dAlbon_001-212x300.jpg 212w, https:\/\/www.si-franconville.fr\/wp-content\/uploads\/2021\/01\/Site2c-comte-dAlbon_001-424x600.jpg 424w, https:\/\/www.si-franconville.fr\/wp-content\/uploads\/2021\/01\/Site2c-comte-dAlbon_001-768x1087.jpg 768w, https:\/\/www.si-franconville.fr\/wp-content\/uploads\/2021\/01\/Site2c-comte-dAlbon_001-620x877.jpg 620w\" sizes=\"auto, (max-width: 793px) 100vw, 793px\" \/><\/p>\n<p>&nbsp;<\/p>\n<p><img loading=\"lazy\" decoding=\"async\" class=\"alignnone wp-image-913 size-full\" src=\"http:\/\/si-franconville.fr\/wp-content\/uploads\/2019\/09\/Site2c-comte-dAlbon_002.jpg\" alt=\"\" width=\"793\" height=\"1122\" srcset=\"https:\/\/www.si-franconville.fr\/wp-content\/uploads\/2019\/09\/Site2c-comte-dAlbon_002.jpg 793w, https:\/\/www.si-franconville.fr\/wp-content\/uploads\/2019\/09\/Site2c-comte-dAlbon_002-212x300.jpg 212w, https:\/\/www.si-franconville.fr\/wp-content\/uploads\/2019\/09\/Site2c-comte-dAlbon_002-768x1087.jpg 768w, https:\/\/www.si-franconville.fr\/wp-content\/uploads\/2019\/09\/Site2c-comte-dAlbon_002-424x600.jpg 424w, https:\/\/www.si-franconville.fr\/wp-content\/uploads\/2019\/09\/Site2c-comte-dAlbon_002-620x877.jpg 620w\" sizes=\"auto, (max-width: 793px) 100vw, 793px\" \/><\/p>\n<p><img loading=\"lazy\" decoding=\"async\" class=\"alignnone wp-image-914 size-full\" src=\"http:\/\/si-franconville.fr\/wp-content\/uploads\/2019\/09\/Site2c-comte-dAlbon_003.jpg\" alt=\"\" width=\"793\" height=\"1122\" srcset=\"https:\/\/www.si-franconville.fr\/wp-content\/uploads\/2019\/09\/Site2c-comte-dAlbon_003.jpg 793w, https:\/\/www.si-franconville.fr\/wp-content\/uploads\/2019\/09\/Site2c-comte-dAlbon_003-212x300.jpg 212w, https:\/\/www.si-franconville.fr\/wp-content\/uploads\/2019\/09\/Site2c-comte-dAlbon_003-768x1087.jpg 768w, https:\/\/www.si-franconville.fr\/wp-content\/uploads\/2019\/09\/Site2c-comte-dAlbon_003-424x600.jpg 424w, https:\/\/www.si-franconville.fr\/wp-content\/uploads\/2019\/09\/Site2c-comte-dAlbon_003-620x877.jpg 620w\" sizes=\"auto, (max-width: 793px) 100vw, 793px\" \/><\/p>\n<table style=\"border-collapse: collapse; width: 100%;\">\n<tbody>\n<tr>\n<td style=\"width: 100%;\"><\/td>\n<\/tr>\n<\/tbody>\n<\/table>\n<table style=\"border-collapse: collapse; width: 99.2976%; height: 13px;\">\n<tbody>\n<tr>\n<td style=\"width: 100%;\"><\/td>\n<\/tr>\n<\/tbody>\n<\/table>\n<p>&nbsp;<\/p>\n<table style=\"border-collapse: collapse; width: 79.4202%;\">\n<tbody>\n<tr>\n<td style=\"width: 92.8843%;\"><span style=\"font-family: arial, helvetica, sans-serif; background-color: #ffffff;\">\u00a0l&rsquo;\u00e9tude sur le ballon du comte est \u00e0 part<br \/>\n<\/span><\/td>\n<td style=\"width: 7.95133%;\"><\/td>\n<\/tr>\n<\/tbody>\n<\/table>\n<p>&nbsp;<\/p>\n<p><img loading=\"lazy\" decoding=\"async\" class=\"alignnone wp-image-916 size-full\" src=\"http:\/\/si-franconville.fr\/wp-content\/uploads\/2019\/09\/Site2c-comte-dAlbon_005.jpg\" alt=\"\" width=\"793\" height=\"1122\" srcset=\"https:\/\/www.si-franconville.fr\/wp-content\/uploads\/2019\/09\/Site2c-comte-dAlbon_005.jpg 793w, https:\/\/www.si-franconville.fr\/wp-content\/uploads\/2019\/09\/Site2c-comte-dAlbon_005-212x300.jpg 212w, https:\/\/www.si-franconville.fr\/wp-content\/uploads\/2019\/09\/Site2c-comte-dAlbon_005-768x1087.jpg 768w, https:\/\/www.si-franconville.fr\/wp-content\/uploads\/2019\/09\/Site2c-comte-dAlbon_005-424x600.jpg 424w, https:\/\/www.si-franconville.fr\/wp-content\/uploads\/2019\/09\/Site2c-comte-dAlbon_005-620x877.jpg 620w\" sizes=\"auto, (max-width: 793px) 100vw, 793px\" \/><\/p>\n<p><img loading=\"lazy\" decoding=\"async\" class=\"alignnone wp-image-917 size-full\" src=\"http:\/\/si-franconville.fr\/wp-content\/uploads\/2019\/09\/Site2c-comte-dAlbon_006.jpg\" alt=\"\" width=\"793\" height=\"1122\" srcset=\"https:\/\/www.si-franconville.fr\/wp-content\/uploads\/2019\/09\/Site2c-comte-dAlbon_006.jpg 793w, https:\/\/www.si-franconville.fr\/wp-content\/uploads\/2019\/09\/Site2c-comte-dAlbon_006-212x300.jpg 212w, https:\/\/www.si-franconville.fr\/wp-content\/uploads\/2019\/09\/Site2c-comte-dAlbon_006-768x1087.jpg 768w, https:\/\/www.si-franconville.fr\/wp-content\/uploads\/2019\/09\/Site2c-comte-dAlbon_006-424x600.jpg 424w, https:\/\/www.si-franconville.fr\/wp-content\/uploads\/2019\/09\/Site2c-comte-dAlbon_006-620x877.jpg 620w\" sizes=\"auto, (max-width: 793px) 100vw, 793px\" \/><\/p>\n<p>&nbsp;<\/p>\n<p>&nbsp;<\/p>\n<p>&nbsp;<\/p>\n<p>&nbsp;<\/p>\n<p>&nbsp;<\/p>\n<p>&nbsp;<\/p>\n<p>&nbsp;<\/p>\n<p>&nbsp;<\/p>\n","protected":false},"excerpt":{"rendered":"<p>\u00a0Le comte Claude Camille Fran\u00e7ois d&rsquo;Albon \u00e0 Franconville de 1781 \u00e0 1789 \u00a0 &nbsp; &nbsp; \u00a0l&rsquo;\u00e9tude sur le ballon du comte est \u00e0 part &nbsp; &nbsp; &nbsp; &nbsp; &nbsp; &nbsp; &nbsp; &nbsp; &nbsp;<\/p>\n","protected":false},"author":1,"featured_media":0,"parent":0,"menu_order":0,"comment_status":"closed","ping_status":"closed","template":"","meta":{"_monsterinsights_skip_tracking":false,"_monsterinsights_sitenote_active":false,"_monsterinsights_sitenote_note":"","_monsterinsights_sitenote_category":0,"footnotes":""},"class_list":["post-372","page","type-page","status-publish","hentry"],"aioseo_notices":[],"_links":{"self":[{"href":"https:\/\/www.si-franconville.fr\/index.php\/wp-json\/wp\/v2\/pages\/372","targetHints":{"allow":["GET"]}}],"collection":[{"href":"https:\/\/www.si-franconville.fr\/index.php\/wp-json\/wp\/v2\/pages"}],"about":[{"href":"https:\/\/www.si-franconville.fr\/index.php\/wp-json\/wp\/v2\/types\/page"}],"author":[{"embeddable":true,"href":"https:\/\/www.si-franconville.fr\/index.php\/wp-json\/wp\/v2\/users\/1"}],"replies":[{"embeddable":true,"href":"https:\/\/www.si-franconville.fr\/index.php\/wp-json\/wp\/v2\/comments?post=372"}],"version-history":[{"count":17,"href":"https:\/\/www.si-franconville.fr\/index.php\/wp-json\/wp\/v2\/pages\/372\/revisions"}],"predecessor-version":[{"id":3526,"href":"https:\/\/www.si-franconville.fr\/index.php\/wp-json\/wp\/v2\/pages\/372\/revisions\/3526"}],"wp:attachment":[{"href":"https:\/\/www.si-franconville.fr\/index.php\/wp-json\/wp\/v2\/media?parent=372"}],"curies":[{"name":"wp","href":"https:\/\/api.w.org\/{rel}","templated":true}]}}