{"id":370,"date":"2019-07-06T15:10:24","date_gmt":"2019-07-06T13:10:24","guid":{"rendered":"http:\/\/si-franconville.fr\/?page_id=370"},"modified":"2022-05-11T13:06:52","modified_gmt":"2022-05-11T11:06:52","slug":"cassini","status":"publish","type":"page","link":"https:\/\/www.si-franconville.fr\/index.php\/cassini\/","title":{"rendered":"Cassini"},"content":{"rendered":"<table style=\"border-collapse: collapse; width: 74.2725%;\">\n<tbody>\n<tr>\n<td style=\"width: 100%;\"><span style=\"font-family: arial, helvetica, sans-serif; font-size: 18pt; background-color: #ff9900;\">\u00a0Les id\u00e9es re\u00e7ues sur C\u00e9sar Fran\u00e7ois Cassini de Thury<\/span><\/td>\n<\/tr>\n<\/tbody>\n<\/table>\n<p><span style=\"font-family: arial, helvetica, sans-serif; font-size: 18pt;\">\u00a0<\/span><\/p>\n<p><img loading=\"lazy\" decoding=\"async\" class=\"alignnone wp-image-905 size-full\" src=\"http:\/\/si-franconville.fr\/wp-content\/uploads\/2019\/09\/Site2-Cassini_001-1.jpg\" alt=\"\" width=\"793\" height=\"1122\" srcset=\"https:\/\/www.si-franconville.fr\/wp-content\/uploads\/2019\/09\/Site2-Cassini_001-1.jpg 793w, https:\/\/www.si-franconville.fr\/wp-content\/uploads\/2019\/09\/Site2-Cassini_001-1-212x300.jpg 212w, https:\/\/www.si-franconville.fr\/wp-content\/uploads\/2019\/09\/Site2-Cassini_001-1-768x1087.jpg 768w, https:\/\/www.si-franconville.fr\/wp-content\/uploads\/2019\/09\/Site2-Cassini_001-1-424x600.jpg 424w, https:\/\/www.si-franconville.fr\/wp-content\/uploads\/2019\/09\/Site2-Cassini_001-1-620x877.jpg 620w\" sizes=\"auto, (max-width: 793px) 100vw, 793px\" \/><\/p>\n<p><img loading=\"lazy\" decoding=\"async\" class=\"alignnone wp-image-906 size-full\" src=\"http:\/\/si-franconville.fr\/wp-content\/uploads\/2019\/09\/Site2-Cassini_002-1.jpg\" alt=\"\" width=\"793\" height=\"1122\" srcset=\"https:\/\/www.si-franconville.fr\/wp-content\/uploads\/2019\/09\/Site2-Cassini_002-1.jpg 793w, https:\/\/www.si-franconville.fr\/wp-content\/uploads\/2019\/09\/Site2-Cassini_002-1-212x300.jpg 212w, https:\/\/www.si-franconville.fr\/wp-content\/uploads\/2019\/09\/Site2-Cassini_002-1-768x1087.jpg 768w, https:\/\/www.si-franconville.fr\/wp-content\/uploads\/2019\/09\/Site2-Cassini_002-1-424x600.jpg 424w, https:\/\/www.si-franconville.fr\/wp-content\/uploads\/2019\/09\/Site2-Cassini_002-1-620x877.jpg 620w\" sizes=\"auto, (max-width: 793px) 100vw, 793px\" \/><\/p>\n<p><img loading=\"lazy\" decoding=\"async\" class=\"alignnone wp-image-907 size-full\" src=\"http:\/\/si-franconville.fr\/wp-content\/uploads\/2019\/09\/Site2-Cassini_003-1.jpg\" alt=\"\" width=\"793\" height=\"1122\" srcset=\"https:\/\/www.si-franconville.fr\/wp-content\/uploads\/2019\/09\/Site2-Cassini_003-1.jpg 793w, https:\/\/www.si-franconville.fr\/wp-content\/uploads\/2019\/09\/Site2-Cassini_003-1-212x300.jpg 212w, https:\/\/www.si-franconville.fr\/wp-content\/uploads\/2019\/09\/Site2-Cassini_003-1-768x1087.jpg 768w, https:\/\/www.si-franconville.fr\/wp-content\/uploads\/2019\/09\/Site2-Cassini_003-1-424x600.jpg 424w, https:\/\/www.si-franconville.fr\/wp-content\/uploads\/2019\/09\/Site2-Cassini_003-1-620x877.jpg 620w\" sizes=\"auto, (max-width: 793px) 100vw, 793px\" \/><\/p>\n<p><img loading=\"lazy\" decoding=\"async\" class=\"alignnone wp-image-908 size-full\" src=\"http:\/\/si-franconville.fr\/wp-content\/uploads\/2019\/09\/Site2-Cassini_004-1.jpg\" alt=\"\" width=\"793\" height=\"1122\" srcset=\"https:\/\/www.si-franconville.fr\/wp-content\/uploads\/2019\/09\/Site2-Cassini_004-1.jpg 793w, https:\/\/www.si-franconville.fr\/wp-content\/uploads\/2019\/09\/Site2-Cassini_004-1-212x300.jpg 212w, https:\/\/www.si-franconville.fr\/wp-content\/uploads\/2019\/09\/Site2-Cassini_004-1-768x1087.jpg 768w, https:\/\/www.si-franconville.fr\/wp-content\/uploads\/2019\/09\/Site2-Cassini_004-1-424x600.jpg 424w, https:\/\/www.si-franconville.fr\/wp-content\/uploads\/2019\/09\/Site2-Cassini_004-1-620x877.jpg 620w\" sizes=\"auto, (max-width: 793px) 100vw, 793px\" \/><\/p>\n<p><img loading=\"lazy\" decoding=\"async\" class=\"alignnone wp-image-909 size-full\" src=\"http:\/\/si-franconville.fr\/wp-content\/uploads\/2019\/09\/Site2-Cassini_005-2.jpg\" alt=\"\" width=\"793\" height=\"1122\" srcset=\"https:\/\/www.si-franconville.fr\/wp-content\/uploads\/2019\/09\/Site2-Cassini_005-2.jpg 793w, https:\/\/www.si-franconville.fr\/wp-content\/uploads\/2019\/09\/Site2-Cassini_005-2-212x300.jpg 212w, https:\/\/www.si-franconville.fr\/wp-content\/uploads\/2019\/09\/Site2-Cassini_005-2-768x1087.jpg 768w, https:\/\/www.si-franconville.fr\/wp-content\/uploads\/2019\/09\/Site2-Cassini_005-2-424x600.jpg 424w, https:\/\/www.si-franconville.fr\/wp-content\/uploads\/2019\/09\/Site2-Cassini_005-2-620x877.jpg 620w\" sizes=\"auto, (max-width: 793px) 100vw, 793px\" \/><\/p>\n<p>&nbsp;<\/p>\n<p>&nbsp;<\/p>\n<p>&nbsp;<\/p>\n<p>&nbsp;<\/p>\n","protected":false},"excerpt":{"rendered":"<p>\u00a0Les id\u00e9es re\u00e7ues sur C\u00e9sar Fran\u00e7ois Cassini de Thury \u00a0 &nbsp; &nbsp; &nbsp; &nbsp;<\/p>\n","protected":false},"author":1,"featured_media":0,"parent":0,"menu_order":0,"comment_status":"closed","ping_status":"closed","template":"","meta":{"_monsterinsights_skip_tracking":false,"_monsterinsights_sitenote_active":false,"_monsterinsights_sitenote_note":"","_monsterinsights_sitenote_category":0,"footnotes":""},"class_list":["post-370","page","type-page","status-publish","hentry"],"aioseo_notices":[],"_links":{"self":[{"href":"https:\/\/www.si-franconville.fr\/index.php\/wp-json\/wp\/v2\/pages\/370","targetHints":{"allow":["GET"]}}],"collection":[{"href":"https:\/\/www.si-franconville.fr\/index.php\/wp-json\/wp\/v2\/pages"}],"about":[{"href":"https:\/\/www.si-franconville.fr\/index.php\/wp-json\/wp\/v2\/types\/page"}],"author":[{"embeddable":true,"href":"https:\/\/www.si-franconville.fr\/index.php\/wp-json\/wp\/v2\/users\/1"}],"replies":[{"embeddable":true,"href":"https:\/\/www.si-franconville.fr\/index.php\/wp-json\/wp\/v2\/comments?post=370"}],"version-history":[{"count":9,"href":"https:\/\/www.si-franconville.fr\/index.php\/wp-json\/wp\/v2\/pages\/370\/revisions"}],"predecessor-version":[{"id":3519,"href":"https:\/\/www.si-franconville.fr\/index.php\/wp-json\/wp\/v2\/pages\/370\/revisions\/3519"}],"wp:attachment":[{"href":"https:\/\/www.si-franconville.fr\/index.php\/wp-json\/wp\/v2\/media?parent=370"}],"curies":[{"name":"wp","href":"https:\/\/api.w.org\/{rel}","templated":true}]}}