{"id":3384,"date":"2022-05-04T09:42:36","date_gmt":"2022-05-04T07:42:36","guid":{"rendered":"https:\/\/www.si-franconville.fr\/?page_id=3384"},"modified":"2022-05-11T14:53:46","modified_gmt":"2022-05-11T12:53:46","slug":"hamelin","status":"publish","type":"page","link":"https:\/\/www.si-franconville.fr\/index.php\/hamelin\/","title":{"rendered":"Hamelin"},"content":{"rendered":"<p><span style=\"font-family: arial, helvetica, sans-serif; background-color: #ff9900;\"><span style=\"font-size: 14pt; background-color: #ff9900;\">\u00a0Sur le baron Jacques F\u00e9lix Emmanuel Hamelin<\/span><\/span><\/p>\n<p><span style=\"font-family: arial, helvetica, sans-serif;\"><span style=\"font-size: 14pt;\"> il existe beaucoup de documents dans les dictionnaires et encyclop\u00e9dies mais sur son passage \u00e0 Franconville&#8230;<\/span> <\/span><\/p>\n<p><img loading=\"lazy\" decoding=\"async\" class=\"alignnone wp-image-3385 size-full\" src=\"https:\/\/www.si-franconville.fr\/wp-content\/uploads\/2022\/05\/Les-Hamelin-site_001.jpg\" alt=\"\" width=\"793\" height=\"1122\" srcset=\"https:\/\/www.si-franconville.fr\/wp-content\/uploads\/2022\/05\/Les-Hamelin-site_001.jpg 793w, https:\/\/www.si-franconville.fr\/wp-content\/uploads\/2022\/05\/Les-Hamelin-site_001-212x300.jpg 212w, https:\/\/www.si-franconville.fr\/wp-content\/uploads\/2022\/05\/Les-Hamelin-site_001-424x600.jpg 424w, https:\/\/www.si-franconville.fr\/wp-content\/uploads\/2022\/05\/Les-Hamelin-site_001-768x1087.jpg 768w, https:\/\/www.si-franconville.fr\/wp-content\/uploads\/2022\/05\/Les-Hamelin-site_001-620x877.jpg 620w\" sizes=\"auto, (max-width: 793px) 100vw, 793px\" \/><\/p>\n<p><img loading=\"lazy\" decoding=\"async\" class=\"alignnone wp-image-3386 size-full\" src=\"https:\/\/www.si-franconville.fr\/wp-content\/uploads\/2022\/05\/Les-Hamelin-site_002.jpg\" alt=\"\" width=\"793\" height=\"1122\" srcset=\"https:\/\/www.si-franconville.fr\/wp-content\/uploads\/2022\/05\/Les-Hamelin-site_002.jpg 793w, https:\/\/www.si-franconville.fr\/wp-content\/uploads\/2022\/05\/Les-Hamelin-site_002-212x300.jpg 212w, https:\/\/www.si-franconville.fr\/wp-content\/uploads\/2022\/05\/Les-Hamelin-site_002-424x600.jpg 424w, https:\/\/www.si-franconville.fr\/wp-content\/uploads\/2022\/05\/Les-Hamelin-site_002-768x1087.jpg 768w, https:\/\/www.si-franconville.fr\/wp-content\/uploads\/2022\/05\/Les-Hamelin-site_002-620x877.jpg 620w\" sizes=\"auto, (max-width: 793px) 100vw, 793px\" \/><\/p>\n<p><img loading=\"lazy\" decoding=\"async\" class=\"alignnone wp-image-3387 size-full\" src=\"https:\/\/www.si-franconville.fr\/wp-content\/uploads\/2022\/05\/Les-Hamelin-site_003.jpg\" alt=\"\" width=\"793\" height=\"1122\" srcset=\"https:\/\/www.si-franconville.fr\/wp-content\/uploads\/2022\/05\/Les-Hamelin-site_003.jpg 793w, https:\/\/www.si-franconville.fr\/wp-content\/uploads\/2022\/05\/Les-Hamelin-site_003-212x300.jpg 212w, https:\/\/www.si-franconville.fr\/wp-content\/uploads\/2022\/05\/Les-Hamelin-site_003-424x600.jpg 424w, https:\/\/www.si-franconville.fr\/wp-content\/uploads\/2022\/05\/Les-Hamelin-site_003-768x1087.jpg 768w, https:\/\/www.si-franconville.fr\/wp-content\/uploads\/2022\/05\/Les-Hamelin-site_003-620x877.jpg 620w\" sizes=\"auto, (max-width: 793px) 100vw, 793px\" \/><\/p>\n<p><img loading=\"lazy\" decoding=\"async\" class=\"alignnone wp-image-3388 size-full\" src=\"https:\/\/www.si-franconville.fr\/wp-content\/uploads\/2022\/05\/Les-Hamelin-site_004.jpg\" alt=\"\" width=\"793\" height=\"1122\" srcset=\"https:\/\/www.si-franconville.fr\/wp-content\/uploads\/2022\/05\/Les-Hamelin-site_004.jpg 793w, https:\/\/www.si-franconville.fr\/wp-content\/uploads\/2022\/05\/Les-Hamelin-site_004-212x300.jpg 212w, https:\/\/www.si-franconville.fr\/wp-content\/uploads\/2022\/05\/Les-Hamelin-site_004-424x600.jpg 424w, https:\/\/www.si-franconville.fr\/wp-content\/uploads\/2022\/05\/Les-Hamelin-site_004-768x1087.jpg 768w, https:\/\/www.si-franconville.fr\/wp-content\/uploads\/2022\/05\/Les-Hamelin-site_004-620x877.jpg 620w\" sizes=\"auto, (max-width: 793px) 100vw, 793px\" \/><\/p>\n<p><img loading=\"lazy\" decoding=\"async\" class=\"alignnone wp-image-3389 size-full\" src=\"https:\/\/www.si-franconville.fr\/wp-content\/uploads\/2022\/05\/Les-Hamelin-site_005.jpg\" alt=\"\" width=\"793\" height=\"1122\" srcset=\"https:\/\/www.si-franconville.fr\/wp-content\/uploads\/2022\/05\/Les-Hamelin-site_005.jpg 793w, https:\/\/www.si-franconville.fr\/wp-content\/uploads\/2022\/05\/Les-Hamelin-site_005-212x300.jpg 212w, https:\/\/www.si-franconville.fr\/wp-content\/uploads\/2022\/05\/Les-Hamelin-site_005-424x600.jpg 424w, https:\/\/www.si-franconville.fr\/wp-content\/uploads\/2022\/05\/Les-Hamelin-site_005-768x1087.jpg 768w, https:\/\/www.si-franconville.fr\/wp-content\/uploads\/2022\/05\/Les-Hamelin-site_005-620x877.jpg 620w\" sizes=\"auto, (max-width: 793px) 100vw, 793px\" \/><\/p>\n<p><img loading=\"lazy\" decoding=\"async\" class=\"alignnone wp-image-3390 size-full\" src=\"https:\/\/www.si-franconville.fr\/wp-content\/uploads\/2022\/05\/Les-Hamelin-site_006.jpg\" alt=\"\" width=\"793\" height=\"1122\" srcset=\"https:\/\/www.si-franconville.fr\/wp-content\/uploads\/2022\/05\/Les-Hamelin-site_006.jpg 793w, https:\/\/www.si-franconville.fr\/wp-content\/uploads\/2022\/05\/Les-Hamelin-site_006-212x300.jpg 212w, https:\/\/www.si-franconville.fr\/wp-content\/uploads\/2022\/05\/Les-Hamelin-site_006-424x600.jpg 424w, https:\/\/www.si-franconville.fr\/wp-content\/uploads\/2022\/05\/Les-Hamelin-site_006-768x1087.jpg 768w, https:\/\/www.si-franconville.fr\/wp-content\/uploads\/2022\/05\/Les-Hamelin-site_006-620x877.jpg 620w\" sizes=\"auto, (max-width: 793px) 100vw, 793px\" \/><\/p>\n<p><img loading=\"lazy\" decoding=\"async\" class=\"alignnone wp-image-3391 size-full\" src=\"https:\/\/www.si-franconville.fr\/wp-content\/uploads\/2022\/05\/Les-Hamelin-site_007.jpg\" alt=\"\" width=\"793\" height=\"1122\" srcset=\"https:\/\/www.si-franconville.fr\/wp-content\/uploads\/2022\/05\/Les-Hamelin-site_007.jpg 793w, https:\/\/www.si-franconville.fr\/wp-content\/uploads\/2022\/05\/Les-Hamelin-site_007-212x300.jpg 212w, https:\/\/www.si-franconville.fr\/wp-content\/uploads\/2022\/05\/Les-Hamelin-site_007-424x600.jpg 424w, https:\/\/www.si-franconville.fr\/wp-content\/uploads\/2022\/05\/Les-Hamelin-site_007-768x1087.jpg 768w, https:\/\/www.si-franconville.fr\/wp-content\/uploads\/2022\/05\/Les-Hamelin-site_007-620x877.jpg 620w\" sizes=\"auto, (max-width: 793px) 100vw, 793px\" \/><\/p>\n<p><img loading=\"lazy\" decoding=\"async\" class=\"alignnone wp-image-3392 size-full\" src=\"https:\/\/www.si-franconville.fr\/wp-content\/uploads\/2022\/05\/Les-Hamelin-site_008.jpg\" alt=\"\" width=\"793\" height=\"1122\" srcset=\"https:\/\/www.si-franconville.fr\/wp-content\/uploads\/2022\/05\/Les-Hamelin-site_008.jpg 793w, https:\/\/www.si-franconville.fr\/wp-content\/uploads\/2022\/05\/Les-Hamelin-site_008-212x300.jpg 212w, https:\/\/www.si-franconville.fr\/wp-content\/uploads\/2022\/05\/Les-Hamelin-site_008-424x600.jpg 424w, https:\/\/www.si-franconville.fr\/wp-content\/uploads\/2022\/05\/Les-Hamelin-site_008-768x1087.jpg 768w, https:\/\/www.si-franconville.fr\/wp-content\/uploads\/2022\/05\/Les-Hamelin-site_008-620x877.jpg 620w\" sizes=\"auto, (max-width: 793px) 100vw, 793px\" \/><\/p>\n<p>Jacques F\u00e9lix Emmanuel Hamelin, Hamelin des Essarts, L\u00e9on Hamelin, Alphonse Hamelin, Leceine, Romeuf, Chamotte-Romeuf.<\/p>\n","protected":false},"excerpt":{"rendered":"<p>\u00a0Sur le baron Jacques F\u00e9lix Emmanuel Hamelin il existe beaucoup de documents dans les dictionnaires et encyclop\u00e9dies mais sur son passage \u00e0 Franconville&#8230; Jacques F\u00e9lix Emmanuel Hamelin, Hamelin des Essarts, L\u00e9on Hamelin, Alphonse Hamelin, Leceine, Romeuf, Chamotte-Romeuf.<\/p>\n","protected":false},"author":1,"featured_media":0,"parent":0,"menu_order":0,"comment_status":"closed","ping_status":"closed","template":"","meta":{"_monsterinsights_skip_tracking":false,"_monsterinsights_sitenote_active":false,"_monsterinsights_sitenote_note":"","_monsterinsights_sitenote_category":0,"footnotes":""},"class_list":["post-3384","page","type-page","status-publish","hentry"],"aioseo_notices":[],"_links":{"self":[{"href":"https:\/\/www.si-franconville.fr\/index.php\/wp-json\/wp\/v2\/pages\/3384","targetHints":{"allow":["GET"]}}],"collection":[{"href":"https:\/\/www.si-franconville.fr\/index.php\/wp-json\/wp\/v2\/pages"}],"about":[{"href":"https:\/\/www.si-franconville.fr\/index.php\/wp-json\/wp\/v2\/types\/page"}],"author":[{"embeddable":true,"href":"https:\/\/www.si-franconville.fr\/index.php\/wp-json\/wp\/v2\/users\/1"}],"replies":[{"embeddable":true,"href":"https:\/\/www.si-franconville.fr\/index.php\/wp-json\/wp\/v2\/comments?post=3384"}],"version-history":[{"count":3,"href":"https:\/\/www.si-franconville.fr\/index.php\/wp-json\/wp\/v2\/pages\/3384\/revisions"}],"predecessor-version":[{"id":3538,"href":"https:\/\/www.si-franconville.fr\/index.php\/wp-json\/wp\/v2\/pages\/3384\/revisions\/3538"}],"wp:attachment":[{"href":"https:\/\/www.si-franconville.fr\/index.php\/wp-json\/wp\/v2\/media?parent=3384"}],"curies":[{"name":"wp","href":"https:\/\/api.w.org\/{rel}","templated":true}]}}