{"id":3116,"date":"2021-12-31T10:40:49","date_gmt":"2021-12-31T09:40:49","guid":{"rendered":"https:\/\/www.si-franconville.fr\/?page_id=3116"},"modified":"2022-05-11T09:27:19","modified_gmt":"2022-05-11T07:27:19","slug":"83-rue-du-gal-leclerc","status":"publish","type":"page","link":"https:\/\/www.si-franconville.fr\/index.php\/83-rue-du-gal-leclerc\/","title":{"rendered":"Rue de Paris 11 ou Gal Leclerc 83"},"content":{"rendered":"<p><span style=\"font-family: arial, helvetica, sans-serif;\">11 rue de Paris ou 83 rue du g\u00e9n\u00e9ral Leclerc<\/span><\/p>\n<p><img loading=\"lazy\" decoding=\"async\" class=\"alignnone wp-image-3117 size-full\" src=\"https:\/\/www.si-franconville.fr\/wp-content\/uploads\/2021\/12\/Le-83-Gal-Leclerc_001.jpg\" alt=\"\" width=\"793\" height=\"1122\" srcset=\"https:\/\/www.si-franconville.fr\/wp-content\/uploads\/2021\/12\/Le-83-Gal-Leclerc_001.jpg 793w, https:\/\/www.si-franconville.fr\/wp-content\/uploads\/2021\/12\/Le-83-Gal-Leclerc_001-212x300.jpg 212w, https:\/\/www.si-franconville.fr\/wp-content\/uploads\/2021\/12\/Le-83-Gal-Leclerc_001-424x600.jpg 424w, https:\/\/www.si-franconville.fr\/wp-content\/uploads\/2021\/12\/Le-83-Gal-Leclerc_001-768x1087.jpg 768w, https:\/\/www.si-franconville.fr\/wp-content\/uploads\/2021\/12\/Le-83-Gal-Leclerc_001-620x877.jpg 620w\" sizes=\"auto, (max-width: 793px) 100vw, 793px\" \/><\/p>\n<p><img loading=\"lazy\" decoding=\"async\" class=\"alignnone wp-image-3118 size-full\" src=\"https:\/\/www.si-franconville.fr\/wp-content\/uploads\/2021\/12\/Le-83-Gal-Leclerc_002.jpg\" alt=\"\" width=\"793\" height=\"1122\" srcset=\"https:\/\/www.si-franconville.fr\/wp-content\/uploads\/2021\/12\/Le-83-Gal-Leclerc_002.jpg 793w, https:\/\/www.si-franconville.fr\/wp-content\/uploads\/2021\/12\/Le-83-Gal-Leclerc_002-212x300.jpg 212w, https:\/\/www.si-franconville.fr\/wp-content\/uploads\/2021\/12\/Le-83-Gal-Leclerc_002-424x600.jpg 424w, https:\/\/www.si-franconville.fr\/wp-content\/uploads\/2021\/12\/Le-83-Gal-Leclerc_002-768x1087.jpg 768w, https:\/\/www.si-franconville.fr\/wp-content\/uploads\/2021\/12\/Le-83-Gal-Leclerc_002-620x877.jpg 620w\" sizes=\"auto, (max-width: 793px) 100vw, 793px\" \/><\/p>\n<p><img loading=\"lazy\" decoding=\"async\" class=\"alignnone wp-image-3119 size-full\" src=\"https:\/\/www.si-franconville.fr\/wp-content\/uploads\/2021\/12\/Le-83-Gal-Leclerc_003.jpg\" alt=\"\" width=\"793\" height=\"1122\" srcset=\"https:\/\/www.si-franconville.fr\/wp-content\/uploads\/2021\/12\/Le-83-Gal-Leclerc_003.jpg 793w, https:\/\/www.si-franconville.fr\/wp-content\/uploads\/2021\/12\/Le-83-Gal-Leclerc_003-212x300.jpg 212w, https:\/\/www.si-franconville.fr\/wp-content\/uploads\/2021\/12\/Le-83-Gal-Leclerc_003-424x600.jpg 424w, https:\/\/www.si-franconville.fr\/wp-content\/uploads\/2021\/12\/Le-83-Gal-Leclerc_003-768x1087.jpg 768w, https:\/\/www.si-franconville.fr\/wp-content\/uploads\/2021\/12\/Le-83-Gal-Leclerc_003-620x877.jpg 620w\" sizes=\"auto, (max-width: 793px) 100vw, 793px\" \/><\/p>\n<p><img loading=\"lazy\" decoding=\"async\" class=\"alignnone wp-image-3120 size-full\" src=\"https:\/\/www.si-franconville.fr\/wp-content\/uploads\/2021\/12\/Le-83-Gal-Leclerc_004.jpg\" alt=\"\" width=\"793\" height=\"1122\" srcset=\"https:\/\/www.si-franconville.fr\/wp-content\/uploads\/2021\/12\/Le-83-Gal-Leclerc_004.jpg 793w, https:\/\/www.si-franconville.fr\/wp-content\/uploads\/2021\/12\/Le-83-Gal-Leclerc_004-212x300.jpg 212w, https:\/\/www.si-franconville.fr\/wp-content\/uploads\/2021\/12\/Le-83-Gal-Leclerc_004-424x600.jpg 424w, https:\/\/www.si-franconville.fr\/wp-content\/uploads\/2021\/12\/Le-83-Gal-Leclerc_004-768x1087.jpg 768w, https:\/\/www.si-franconville.fr\/wp-content\/uploads\/2021\/12\/Le-83-Gal-Leclerc_004-620x877.jpg 620w\" sizes=\"auto, (max-width: 793px) 100vw, 793px\" \/><\/p>\n<p><img loading=\"lazy\" decoding=\"async\" class=\"alignnone wp-image-3121 size-full\" src=\"https:\/\/www.si-franconville.fr\/wp-content\/uploads\/2021\/12\/Le-83-Gal-Leclerc_005.jpg\" alt=\"\" width=\"793\" height=\"1122\" srcset=\"https:\/\/www.si-franconville.fr\/wp-content\/uploads\/2021\/12\/Le-83-Gal-Leclerc_005.jpg 793w, https:\/\/www.si-franconville.fr\/wp-content\/uploads\/2021\/12\/Le-83-Gal-Leclerc_005-212x300.jpg 212w, https:\/\/www.si-franconville.fr\/wp-content\/uploads\/2021\/12\/Le-83-Gal-Leclerc_005-424x600.jpg 424w, https:\/\/www.si-franconville.fr\/wp-content\/uploads\/2021\/12\/Le-83-Gal-Leclerc_005-768x1087.jpg 768w, https:\/\/www.si-franconville.fr\/wp-content\/uploads\/2021\/12\/Le-83-Gal-Leclerc_005-620x877.jpg 620w\" sizes=\"auto, (max-width: 793px) 100vw, 793px\" \/><\/p>\n<p><img loading=\"lazy\" decoding=\"async\" class=\"alignnone wp-image-3126 size-full\" src=\"https:\/\/www.si-franconville.fr\/wp-content\/uploads\/2021\/12\/83-rue-du-Gal-Leclerc_006.jpg\" alt=\"\" width=\"793\" height=\"1122\" srcset=\"https:\/\/www.si-franconville.fr\/wp-content\/uploads\/2021\/12\/83-rue-du-Gal-Leclerc_006.jpg 793w, https:\/\/www.si-franconville.fr\/wp-content\/uploads\/2021\/12\/83-rue-du-Gal-Leclerc_006-212x300.jpg 212w, https:\/\/www.si-franconville.fr\/wp-content\/uploads\/2021\/12\/83-rue-du-Gal-Leclerc_006-424x600.jpg 424w, https:\/\/www.si-franconville.fr\/wp-content\/uploads\/2021\/12\/83-rue-du-Gal-Leclerc_006-768x1087.jpg 768w, https:\/\/www.si-franconville.fr\/wp-content\/uploads\/2021\/12\/83-rue-du-Gal-Leclerc_006-620x877.jpg 620w\" sizes=\"auto, (max-width: 793px) 100vw, 793px\" \/><\/p>\n<p>&nbsp;<\/p>\n<p>Salle Asile, maternelle, salle des f\u00eates, salle gymnastique, logements.<\/p>\n","protected":false},"excerpt":{"rendered":"<p>11 rue de Paris ou 83 rue du g\u00e9n\u00e9ral Leclerc &nbsp; Salle Asile, maternelle, salle des f\u00eates, salle gymnastique, logements.<\/p>\n","protected":false},"author":1,"featured_media":0,"parent":0,"menu_order":0,"comment_status":"closed","ping_status":"closed","template":"","meta":{"_monsterinsights_skip_tracking":false,"_monsterinsights_sitenote_active":false,"_monsterinsights_sitenote_note":"","_monsterinsights_sitenote_category":0,"footnotes":""},"class_list":["post-3116","page","type-page","status-publish","hentry"],"aioseo_notices":[],"_links":{"self":[{"href":"https:\/\/www.si-franconville.fr\/index.php\/wp-json\/wp\/v2\/pages\/3116","targetHints":{"allow":["GET"]}}],"collection":[{"href":"https:\/\/www.si-franconville.fr\/index.php\/wp-json\/wp\/v2\/pages"}],"about":[{"href":"https:\/\/www.si-franconville.fr\/index.php\/wp-json\/wp\/v2\/types\/page"}],"author":[{"embeddable":true,"href":"https:\/\/www.si-franconville.fr\/index.php\/wp-json\/wp\/v2\/users\/1"}],"replies":[{"embeddable":true,"href":"https:\/\/www.si-franconville.fr\/index.php\/wp-json\/wp\/v2\/comments?post=3116"}],"version-history":[{"count":5,"href":"https:\/\/www.si-franconville.fr\/index.php\/wp-json\/wp\/v2\/pages\/3116\/revisions"}],"predecessor-version":[{"id":3449,"href":"https:\/\/www.si-franconville.fr\/index.php\/wp-json\/wp\/v2\/pages\/3116\/revisions\/3449"}],"wp:attachment":[{"href":"https:\/\/www.si-franconville.fr\/index.php\/wp-json\/wp\/v2\/media?parent=3116"}],"curies":[{"name":"wp","href":"https:\/\/api.w.org\/{rel}","templated":true}]}}