{"id":2865,"date":"2021-05-13T19:48:04","date_gmt":"2021-05-13T17:48:04","guid":{"rendered":"https:\/\/www.si-franconville.fr\/?page_id=2865"},"modified":"2022-05-11T09:16:24","modified_gmt":"2022-05-11T07:16:24","slug":"46-rue-de-paris","status":"publish","type":"page","link":"https:\/\/www.si-franconville.fr\/index.php\/46-rue-de-paris\/","title":{"rendered":"Rue de Paris 46"},"content":{"rendered":"<table style=\"border-collapse: collapse; width: 53.8769%;\">\n<tbody>\n<tr>\n<td style=\"width: 100%;\"><span style=\"font-family: arial, helvetica, sans-serif; font-size: 14pt;\">Fautr\u00e9 -Ch\u00e9ron<\/span><\/td>\n<\/tr>\n<\/tbody>\n<\/table>\n<p><img loading=\"lazy\" decoding=\"async\" class=\"alignnone wp-image-2866 size-full\" src=\"https:\/\/www.si-franconville.fr\/wp-content\/uploads\/2021\/05\/46-rue-de-Paris_001.jpg\" alt=\"\" width=\"793\" height=\"1122\" srcset=\"https:\/\/www.si-franconville.fr\/wp-content\/uploads\/2021\/05\/46-rue-de-Paris_001.jpg 793w, https:\/\/www.si-franconville.fr\/wp-content\/uploads\/2021\/05\/46-rue-de-Paris_001-212x300.jpg 212w, https:\/\/www.si-franconville.fr\/wp-content\/uploads\/2021\/05\/46-rue-de-Paris_001-424x600.jpg 424w, https:\/\/www.si-franconville.fr\/wp-content\/uploads\/2021\/05\/46-rue-de-Paris_001-768x1087.jpg 768w, https:\/\/www.si-franconville.fr\/wp-content\/uploads\/2021\/05\/46-rue-de-Paris_001-620x877.jpg 620w\" sizes=\"auto, (max-width: 793px) 100vw, 793px\" \/><\/p>\n<p><img loading=\"lazy\" decoding=\"async\" class=\"alignnone wp-image-2867 size-full\" src=\"https:\/\/www.si-franconville.fr\/wp-content\/uploads\/2021\/05\/46-rue-de-Paris_002.jpg\" alt=\"\" width=\"793\" height=\"1122\" srcset=\"https:\/\/www.si-franconville.fr\/wp-content\/uploads\/2021\/05\/46-rue-de-Paris_002.jpg 793w, https:\/\/www.si-franconville.fr\/wp-content\/uploads\/2021\/05\/46-rue-de-Paris_002-212x300.jpg 212w, https:\/\/www.si-franconville.fr\/wp-content\/uploads\/2021\/05\/46-rue-de-Paris_002-424x600.jpg 424w, https:\/\/www.si-franconville.fr\/wp-content\/uploads\/2021\/05\/46-rue-de-Paris_002-768x1087.jpg 768w, https:\/\/www.si-franconville.fr\/wp-content\/uploads\/2021\/05\/46-rue-de-Paris_002-620x877.jpg 620w\" sizes=\"auto, (max-width: 793px) 100vw, 793px\" \/><\/p>\n<p>Fautr\u00e9, Ch\u00e9ron, 46 rue de Paris<\/p>\n","protected":false},"excerpt":{"rendered":"<p>Fautr\u00e9 -Ch\u00e9ron Fautr\u00e9, Ch\u00e9ron, 46 rue de Paris<\/p>\n","protected":false},"author":1,"featured_media":0,"parent":0,"menu_order":0,"comment_status":"closed","ping_status":"closed","template":"","meta":{"_monsterinsights_skip_tracking":false,"_monsterinsights_sitenote_active":false,"_monsterinsights_sitenote_note":"","_monsterinsights_sitenote_category":0,"footnotes":""},"class_list":["post-2865","page","type-page","status-publish","hentry"],"aioseo_notices":[],"_links":{"self":[{"href":"https:\/\/www.si-franconville.fr\/index.php\/wp-json\/wp\/v2\/pages\/2865","targetHints":{"allow":["GET"]}}],"collection":[{"href":"https:\/\/www.si-franconville.fr\/index.php\/wp-json\/wp\/v2\/pages"}],"about":[{"href":"https:\/\/www.si-franconville.fr\/index.php\/wp-json\/wp\/v2\/types\/page"}],"author":[{"embeddable":true,"href":"https:\/\/www.si-franconville.fr\/index.php\/wp-json\/wp\/v2\/users\/1"}],"replies":[{"embeddable":true,"href":"https:\/\/www.si-franconville.fr\/index.php\/wp-json\/wp\/v2\/comments?post=2865"}],"version-history":[{"count":2,"href":"https:\/\/www.si-franconville.fr\/index.php\/wp-json\/wp\/v2\/pages\/2865\/revisions"}],"predecessor-version":[{"id":3445,"href":"https:\/\/www.si-franconville.fr\/index.php\/wp-json\/wp\/v2\/pages\/2865\/revisions\/3445"}],"wp:attachment":[{"href":"https:\/\/www.si-franconville.fr\/index.php\/wp-json\/wp\/v2\/media?parent=2865"}],"curies":[{"name":"wp","href":"https:\/\/api.w.org\/{rel}","templated":true}]}}