{"id":2825,"date":"2021-04-11T09:41:20","date_gmt":"2021-04-11T07:41:20","guid":{"rendered":"https:\/\/www.si-franconville.fr\/?page_id=2825"},"modified":"2022-05-11T15:35:05","modified_gmt":"2022-05-11T13:35:05","slug":"le-chateau-du-xviiieme","status":"publish","type":"page","link":"https:\/\/www.si-franconville.fr\/index.php\/le-chateau-du-xviiieme\/","title":{"rendered":"Le Ch\u00e2teau du XVIII\u00e8me"},"content":{"rendered":"<table style=\"border-collapse: collapse; width: 61.231%;\">\n<tbody>\n<tr>\n<td style=\"width: 100%;\"><span style=\"font-family: arial, helvetica, sans-serif; font-size: 14pt; background-color: #ff9900;\">Le Ch\u00e2teau du XVIII\u00e8me <\/span><\/td>\n<\/tr>\n<\/tbody>\n<\/table>\n<p><img loading=\"lazy\" decoding=\"async\" class=\"alignnone wp-image-2826 size-full\" src=\"https:\/\/www.si-franconville.fr\/wp-content\/uploads\/2021\/04\/Le-chateau-du-XVIIIeme_001.jpg\" alt=\"\" width=\"793\" height=\"1122\" srcset=\"https:\/\/www.si-franconville.fr\/wp-content\/uploads\/2021\/04\/Le-chateau-du-XVIIIeme_001.jpg 793w, https:\/\/www.si-franconville.fr\/wp-content\/uploads\/2021\/04\/Le-chateau-du-XVIIIeme_001-212x300.jpg 212w, https:\/\/www.si-franconville.fr\/wp-content\/uploads\/2021\/04\/Le-chateau-du-XVIIIeme_001-424x600.jpg 424w, https:\/\/www.si-franconville.fr\/wp-content\/uploads\/2021\/04\/Le-chateau-du-XVIIIeme_001-768x1087.jpg 768w, https:\/\/www.si-franconville.fr\/wp-content\/uploads\/2021\/04\/Le-chateau-du-XVIIIeme_001-620x877.jpg 620w\" sizes=\"auto, (max-width: 793px) 100vw, 793px\" \/><\/p>\n<p><img loading=\"lazy\" decoding=\"async\" class=\"alignnone wp-image-2827 size-full\" src=\"https:\/\/www.si-franconville.fr\/wp-content\/uploads\/2021\/04\/Le-chateau-du-XVIIIeme_002.jpg\" alt=\"\" width=\"793\" height=\"1122\" srcset=\"https:\/\/www.si-franconville.fr\/wp-content\/uploads\/2021\/04\/Le-chateau-du-XVIIIeme_002.jpg 793w, https:\/\/www.si-franconville.fr\/wp-content\/uploads\/2021\/04\/Le-chateau-du-XVIIIeme_002-212x300.jpg 212w, https:\/\/www.si-franconville.fr\/wp-content\/uploads\/2021\/04\/Le-chateau-du-XVIIIeme_002-424x600.jpg 424w, https:\/\/www.si-franconville.fr\/wp-content\/uploads\/2021\/04\/Le-chateau-du-XVIIIeme_002-768x1087.jpg 768w, https:\/\/www.si-franconville.fr\/wp-content\/uploads\/2021\/04\/Le-chateau-du-XVIIIeme_002-620x877.jpg 620w\" sizes=\"auto, (max-width: 793px) 100vw, 793px\" \/><\/p>\n<p><img loading=\"lazy\" decoding=\"async\" class=\"alignnone wp-image-2828 size-full\" src=\"https:\/\/www.si-franconville.fr\/wp-content\/uploads\/2021\/04\/Le-chateau-du-XVIIIeme_003.jpg\" alt=\"\" width=\"793\" height=\"1122\" srcset=\"https:\/\/www.si-franconville.fr\/wp-content\/uploads\/2021\/04\/Le-chateau-du-XVIIIeme_003.jpg 793w, https:\/\/www.si-franconville.fr\/wp-content\/uploads\/2021\/04\/Le-chateau-du-XVIIIeme_003-212x300.jpg 212w, https:\/\/www.si-franconville.fr\/wp-content\/uploads\/2021\/04\/Le-chateau-du-XVIIIeme_003-424x600.jpg 424w, https:\/\/www.si-franconville.fr\/wp-content\/uploads\/2021\/04\/Le-chateau-du-XVIIIeme_003-768x1087.jpg 768w, https:\/\/www.si-franconville.fr\/wp-content\/uploads\/2021\/04\/Le-chateau-du-XVIIIeme_003-620x877.jpg 620w\" sizes=\"auto, (max-width: 793px) 100vw, 793px\" \/><\/p>\n<p><img loading=\"lazy\" decoding=\"async\" class=\"alignnone wp-image-2829 size-full\" src=\"https:\/\/www.si-franconville.fr\/wp-content\/uploads\/2021\/04\/Le-chateau-du-XVIIIeme_004.jpg\" alt=\"\" width=\"793\" height=\"1122\" srcset=\"https:\/\/www.si-franconville.fr\/wp-content\/uploads\/2021\/04\/Le-chateau-du-XVIIIeme_004.jpg 793w, https:\/\/www.si-franconville.fr\/wp-content\/uploads\/2021\/04\/Le-chateau-du-XVIIIeme_004-212x300.jpg 212w, https:\/\/www.si-franconville.fr\/wp-content\/uploads\/2021\/04\/Le-chateau-du-XVIIIeme_004-424x600.jpg 424w, https:\/\/www.si-franconville.fr\/wp-content\/uploads\/2021\/04\/Le-chateau-du-XVIIIeme_004-768x1087.jpg 768w, https:\/\/www.si-franconville.fr\/wp-content\/uploads\/2021\/04\/Le-chateau-du-XVIIIeme_004-620x877.jpg 620w\" sizes=\"auto, (max-width: 793px) 100vw, 793px\" \/><\/p>\n<p><img loading=\"lazy\" decoding=\"async\" class=\"alignnone wp-image-2830 size-full\" src=\"https:\/\/www.si-franconville.fr\/wp-content\/uploads\/2021\/04\/Le-chateau-du-XVIIIeme_005.jpg\" alt=\"\" width=\"793\" height=\"1122\" srcset=\"https:\/\/www.si-franconville.fr\/wp-content\/uploads\/2021\/04\/Le-chateau-du-XVIIIeme_005.jpg 793w, https:\/\/www.si-franconville.fr\/wp-content\/uploads\/2021\/04\/Le-chateau-du-XVIIIeme_005-212x300.jpg 212w, https:\/\/www.si-franconville.fr\/wp-content\/uploads\/2021\/04\/Le-chateau-du-XVIIIeme_005-424x600.jpg 424w, https:\/\/www.si-franconville.fr\/wp-content\/uploads\/2021\/04\/Le-chateau-du-XVIIIeme_005-768x1087.jpg 768w, https:\/\/www.si-franconville.fr\/wp-content\/uploads\/2021\/04\/Le-chateau-du-XVIIIeme_005-620x877.jpg 620w\" sizes=\"auto, (max-width: 793px) 100vw, 793px\" \/><\/p>\n<p><img loading=\"lazy\" decoding=\"async\" class=\"alignnone wp-image-2831 size-full\" src=\"https:\/\/www.si-franconville.fr\/wp-content\/uploads\/2021\/04\/Le-chateau-du-XVIIIeme_006.jpg\" alt=\"\" width=\"793\" height=\"1122\" srcset=\"https:\/\/www.si-franconville.fr\/wp-content\/uploads\/2021\/04\/Le-chateau-du-XVIIIeme_006.jpg 793w, https:\/\/www.si-franconville.fr\/wp-content\/uploads\/2021\/04\/Le-chateau-du-XVIIIeme_006-212x300.jpg 212w, https:\/\/www.si-franconville.fr\/wp-content\/uploads\/2021\/04\/Le-chateau-du-XVIIIeme_006-424x600.jpg 424w, https:\/\/www.si-franconville.fr\/wp-content\/uploads\/2021\/04\/Le-chateau-du-XVIIIeme_006-768x1087.jpg 768w, https:\/\/www.si-franconville.fr\/wp-content\/uploads\/2021\/04\/Le-chateau-du-XVIIIeme_006-620x877.jpg 620w\" sizes=\"auto, (max-width: 793px) 100vw, 793px\" \/><\/p>\n<p>Ch\u00e2teau, Porret, Bouju, Soldini, Longaunay, Longaulnay, Julliet, de Ricouart, De Mailly, Boutet<\/p>\n<table style=\"border-collapse: collapse; width: 0%; height: 9px;\">\n<tbody>\n<tr>\n<td style=\"width: 100%;\"><\/td>\n<\/tr>\n<\/tbody>\n<\/table>\n","protected":false},"excerpt":{"rendered":"<p>Le Ch\u00e2teau du XVIII\u00e8me Ch\u00e2teau, Porret, Bouju, Soldini, Longaunay, Longaulnay, Julliet, de Ricouart, De Mailly, Boutet<\/p>\n","protected":false},"author":1,"featured_media":0,"parent":0,"menu_order":0,"comment_status":"closed","ping_status":"closed","template":"","meta":{"_monsterinsights_skip_tracking":false,"_monsterinsights_sitenote_active":false,"_monsterinsights_sitenote_note":"","_monsterinsights_sitenote_category":0,"footnotes":""},"class_list":["post-2825","page","type-page","status-publish","hentry"],"aioseo_notices":[],"_links":{"self":[{"href":"https:\/\/www.si-franconville.fr\/index.php\/wp-json\/wp\/v2\/pages\/2825","targetHints":{"allow":["GET"]}}],"collection":[{"href":"https:\/\/www.si-franconville.fr\/index.php\/wp-json\/wp\/v2\/pages"}],"about":[{"href":"https:\/\/www.si-franconville.fr\/index.php\/wp-json\/wp\/v2\/types\/page"}],"author":[{"embeddable":true,"href":"https:\/\/www.si-franconville.fr\/index.php\/wp-json\/wp\/v2\/users\/1"}],"replies":[{"embeddable":true,"href":"https:\/\/www.si-franconville.fr\/index.php\/wp-json\/wp\/v2\/comments?post=2825"}],"version-history":[{"count":2,"href":"https:\/\/www.si-franconville.fr\/index.php\/wp-json\/wp\/v2\/pages\/2825\/revisions"}],"predecessor-version":[{"id":3566,"href":"https:\/\/www.si-franconville.fr\/index.php\/wp-json\/wp\/v2\/pages\/2825\/revisions\/3566"}],"wp:attachment":[{"href":"https:\/\/www.si-franconville.fr\/index.php\/wp-json\/wp\/v2\/media?parent=2825"}],"curies":[{"name":"wp","href":"https:\/\/api.w.org\/{rel}","templated":true}]}}