{"id":2799,"date":"2021-02-12T17:52:47","date_gmt":"2021-02-12T16:52:47","guid":{"rendered":"https:\/\/www.si-franconville.fr\/?page_id=2799"},"modified":"2022-05-11T13:17:30","modified_gmt":"2022-05-11T11:17:30","slug":"chaussee-jules-cesar","status":"publish","type":"page","link":"https:\/\/www.si-franconville.fr\/index.php\/chaussee-jules-cesar\/","title":{"rendered":"Chauss\u00e9e Jules C\u00e9sar"},"content":{"rendered":"<table style=\"border-collapse: collapse; width: 60.1563%;\">\n<tbody>\n<tr>\n<td style=\"width: 100%;\"><span style=\"font-family: arial, helvetica, sans-serif; font-size: 14pt; background-color: #ff9900;\">La chauss\u00e9e Jules C\u00e9sar ou chemin ferr\u00e9<\/span><\/td>\n<\/tr>\n<\/tbody>\n<\/table>\n<p><img loading=\"lazy\" decoding=\"async\" class=\"alignnone wp-image-2805 size-full\" src=\"https:\/\/www.si-franconville.fr\/wp-content\/uploads\/2021\/02\/La-Chaussee-Jules-Cesar_001.jpg\" alt=\"\" width=\"793\" height=\"1122\" srcset=\"https:\/\/www.si-franconville.fr\/wp-content\/uploads\/2021\/02\/La-Chaussee-Jules-Cesar_001.jpg 793w, https:\/\/www.si-franconville.fr\/wp-content\/uploads\/2021\/02\/La-Chaussee-Jules-Cesar_001-212x300.jpg 212w, https:\/\/www.si-franconville.fr\/wp-content\/uploads\/2021\/02\/La-Chaussee-Jules-Cesar_001-424x600.jpg 424w, https:\/\/www.si-franconville.fr\/wp-content\/uploads\/2021\/02\/La-Chaussee-Jules-Cesar_001-768x1087.jpg 768w, https:\/\/www.si-franconville.fr\/wp-content\/uploads\/2021\/02\/La-Chaussee-Jules-Cesar_001-620x877.jpg 620w\" sizes=\"auto, (max-width: 793px) 100vw, 793px\" \/><\/p>\n<p><img loading=\"lazy\" decoding=\"async\" class=\"alignnone wp-image-2806 size-full\" src=\"https:\/\/www.si-franconville.fr\/wp-content\/uploads\/2021\/02\/La-Chaussee-Jules-Cesar_002.jpg\" alt=\"\" width=\"793\" height=\"1122\" srcset=\"https:\/\/www.si-franconville.fr\/wp-content\/uploads\/2021\/02\/La-Chaussee-Jules-Cesar_002.jpg 793w, https:\/\/www.si-franconville.fr\/wp-content\/uploads\/2021\/02\/La-Chaussee-Jules-Cesar_002-212x300.jpg 212w, https:\/\/www.si-franconville.fr\/wp-content\/uploads\/2021\/02\/La-Chaussee-Jules-Cesar_002-424x600.jpg 424w, https:\/\/www.si-franconville.fr\/wp-content\/uploads\/2021\/02\/La-Chaussee-Jules-Cesar_002-768x1087.jpg 768w, https:\/\/www.si-franconville.fr\/wp-content\/uploads\/2021\/02\/La-Chaussee-Jules-Cesar_002-620x877.jpg 620w\" sizes=\"auto, (max-width: 793px) 100vw, 793px\" \/><\/p>\n<p><img loading=\"lazy\" decoding=\"async\" class=\"alignnone wp-image-2807 size-full\" src=\"https:\/\/www.si-franconville.fr\/wp-content\/uploads\/2021\/02\/La-Chaussee-Jules-Cesar_003.jpg\" alt=\"\" width=\"793\" height=\"1122\" srcset=\"https:\/\/www.si-franconville.fr\/wp-content\/uploads\/2021\/02\/La-Chaussee-Jules-Cesar_003.jpg 793w, https:\/\/www.si-franconville.fr\/wp-content\/uploads\/2021\/02\/La-Chaussee-Jules-Cesar_003-212x300.jpg 212w, https:\/\/www.si-franconville.fr\/wp-content\/uploads\/2021\/02\/La-Chaussee-Jules-Cesar_003-424x600.jpg 424w, https:\/\/www.si-franconville.fr\/wp-content\/uploads\/2021\/02\/La-Chaussee-Jules-Cesar_003-768x1087.jpg 768w, https:\/\/www.si-franconville.fr\/wp-content\/uploads\/2021\/02\/La-Chaussee-Jules-Cesar_003-620x877.jpg 620w\" sizes=\"auto, (max-width: 793px) 100vw, 793px\" \/><\/p>\n<p><img loading=\"lazy\" decoding=\"async\" class=\"alignnone wp-image-2808 size-full\" src=\"https:\/\/www.si-franconville.fr\/wp-content\/uploads\/2021\/02\/La-Chaussee-Jules-Cesar_004.jpg\" alt=\"\" width=\"793\" height=\"1122\" srcset=\"https:\/\/www.si-franconville.fr\/wp-content\/uploads\/2021\/02\/La-Chaussee-Jules-Cesar_004.jpg 793w, https:\/\/www.si-franconville.fr\/wp-content\/uploads\/2021\/02\/La-Chaussee-Jules-Cesar_004-212x300.jpg 212w, https:\/\/www.si-franconville.fr\/wp-content\/uploads\/2021\/02\/La-Chaussee-Jules-Cesar_004-424x600.jpg 424w, https:\/\/www.si-franconville.fr\/wp-content\/uploads\/2021\/02\/La-Chaussee-Jules-Cesar_004-768x1087.jpg 768w, https:\/\/www.si-franconville.fr\/wp-content\/uploads\/2021\/02\/La-Chaussee-Jules-Cesar_004-620x877.jpg 620w\" sizes=\"auto, (max-width: 793px) 100vw, 793px\" \/><\/p>\n<p><img loading=\"lazy\" decoding=\"async\" class=\"alignnone wp-image-2809 size-full\" src=\"https:\/\/www.si-franconville.fr\/wp-content\/uploads\/2021\/02\/La-Chaussee-Jules-Cesar_005.jpg\" alt=\"\" width=\"793\" height=\"1122\" srcset=\"https:\/\/www.si-franconville.fr\/wp-content\/uploads\/2021\/02\/La-Chaussee-Jules-Cesar_005.jpg 793w, https:\/\/www.si-franconville.fr\/wp-content\/uploads\/2021\/02\/La-Chaussee-Jules-Cesar_005-212x300.jpg 212w, https:\/\/www.si-franconville.fr\/wp-content\/uploads\/2021\/02\/La-Chaussee-Jules-Cesar_005-424x600.jpg 424w, https:\/\/www.si-franconville.fr\/wp-content\/uploads\/2021\/02\/La-Chaussee-Jules-Cesar_005-768x1087.jpg 768w, https:\/\/www.si-franconville.fr\/wp-content\/uploads\/2021\/02\/La-Chaussee-Jules-Cesar_005-620x877.jpg 620w\" sizes=\"auto, (max-width: 793px) 100vw, 793px\" \/><\/p>\n<p>La chauss\u00e9e Jules C\u00e9sar, le chemin ferr\u00e9<\/p>\n","protected":false},"excerpt":{"rendered":"<p>La chauss\u00e9e Jules C\u00e9sar ou chemin ferr\u00e9 La chauss\u00e9e Jules C\u00e9sar, le chemin ferr\u00e9<\/p>\n","protected":false},"author":1,"featured_media":0,"parent":0,"menu_order":0,"comment_status":"closed","ping_status":"closed","template":"","meta":{"_monsterinsights_skip_tracking":false,"_monsterinsights_sitenote_active":false,"_monsterinsights_sitenote_note":"","_monsterinsights_sitenote_category":0,"footnotes":""},"class_list":["post-2799","page","type-page","status-publish","hentry"],"aioseo_notices":[],"_links":{"self":[{"href":"https:\/\/www.si-franconville.fr\/index.php\/wp-json\/wp\/v2\/pages\/2799","targetHints":{"allow":["GET"]}}],"collection":[{"href":"https:\/\/www.si-franconville.fr\/index.php\/wp-json\/wp\/v2\/pages"}],"about":[{"href":"https:\/\/www.si-franconville.fr\/index.php\/wp-json\/wp\/v2\/types\/page"}],"author":[{"embeddable":true,"href":"https:\/\/www.si-franconville.fr\/index.php\/wp-json\/wp\/v2\/users\/1"}],"replies":[{"embeddable":true,"href":"https:\/\/www.si-franconville.fr\/index.php\/wp-json\/wp\/v2\/comments?post=2799"}],"version-history":[{"count":2,"href":"https:\/\/www.si-franconville.fr\/index.php\/wp-json\/wp\/v2\/pages\/2799\/revisions"}],"predecessor-version":[{"id":3523,"href":"https:\/\/www.si-franconville.fr\/index.php\/wp-json\/wp\/v2\/pages\/2799\/revisions\/3523"}],"wp:attachment":[{"href":"https:\/\/www.si-franconville.fr\/index.php\/wp-json\/wp\/v2\/media?parent=2799"}],"curies":[{"name":"wp","href":"https:\/\/api.w.org\/{rel}","templated":true}]}}