{"id":2734,"date":"2021-02-02T13:09:29","date_gmt":"2021-02-02T12:09:29","guid":{"rendered":"https:\/\/www.si-franconville.fr\/?page_id=2734"},"modified":"2022-09-26T14:57:43","modified_gmt":"2022-09-26T12:57:43","slug":"les-habitations-a-franconville","status":"publish","type":"page","link":"https:\/\/www.si-franconville.fr\/index.php\/les-habitations-a-franconville\/","title":{"rendered":"Les Habitations"},"content":{"rendered":"<table style=\"border-collapse: collapse; width: 58.5156%;\">\n<tbody>\n<tr>\n<td style=\"width: 100%;\"><span style=\"font-family: arial, helvetica, sans-serif; font-size: 14pt; background-color: #ff9900; color: #000000;\">\u00a0Les habitations avant la r\u00e9novation \u00e0 Franconville<br \/>\n<\/span><\/td>\n<\/tr>\n<\/tbody>\n<\/table>\n<table style=\"border-collapse: collapse; width: 100%; height: 84px;\">\n<tbody>\n<tr style=\"height: 28px;\">\n<td style=\"width: 33.3333%; height: 28px;\"><span style=\"font-family: arial, helvetica, sans-serif; font-size: 14pt; background-color: #ff9900; color: #000000;\"><a style=\"background-color: #ff9900; color: #000000;\" href=\"https:\/\/www.si-franconville.fr\/index.php\/lhabitat\/\">\u00a0L&rsquo;habitat .<\/a><\/span><\/td>\n<td style=\"width: 33.3333%; height: 28px;\"><span style=\"font-family: arial, helvetica, sans-serif; font-size: 14pt; background-color: #ff9900; color: #000000;\">\u00a0<a style=\"background-color: #ff9900; color: #000000;\" href=\"https:\/\/www.si-franconville.fr\/index.php\/les-auberges-cabarets\/\">Auberges et cabarets .<\/a><\/span><\/td>\n<td style=\"width: 33.3333%; height: 28px;\"><span style=\"font-family: arial, helvetica, sans-serif; font-size: 14pt; background-color: #ff9900; color: #000000;\">\u00a0<a style=\"background-color: #ff9900; color: #000000;\" href=\"https:\/\/www.si-franconville.fr\/index.php\/residence-leclerc\/\">R\u00e9sidence Leclerc .<\/a><\/span><\/td>\n<\/tr>\n<tr style=\"height: 28px;\">\n<td style=\"width: 33.3333%; height: 28px;\"><span style=\"font-family: arial, helvetica, sans-serif; font-size: 14pt; background-color: #ff9900; color: #000000;\"><a style=\"background-color: #ff9900; color: #000000;\" href=\"https:\/\/www.si-franconville.fr\/index.php\/residence-les-sources\/\">\u00a0R\u00e9sidence des Sources .<\/a><\/span><\/td>\n<td style=\"width: 33.3333%; height: 28px;\"><span style=\"font-family: arial, helvetica, sans-serif; font-size: 14pt; background-color: #ff9900; color: #000000;\">\u00a0<a style=\"background-color: #ff9900; color: #000000;\" href=\"https:\/\/www.si-franconville.fr\/index.php\/residence-du-parc\/\">R\u00e9sidence du Parc .<\/a><\/span><\/td>\n<td style=\"width: 33.3333%; height: 28px;\"><span style=\"font-family: arial, helvetica, sans-serif; font-size: 14pt; background-color: #ff9900; color: #000000;\">\u00a0Les villas s\u00e9rie 1 .<\/span><\/td>\n<\/tr>\n<tr style=\"height: 28px;\">\n<td style=\"width: 33.3333%; height: 28px;\"><span style=\"font-family: arial, helvetica, sans-serif; font-size: 14pt; background-color: #ff9900; color: #000000;\"><a style=\"background-color: #ff9900; color: #000000;\" href=\"https:\/\/www.si-franconville.fr\/index.php\/les-villas-2\/\">\u00a0Les villas s\u00e9rie 2 .<\/a><\/span><\/td>\n<td style=\"width: 33.3333%; height: 28px;\"><span style=\"font-family: arial, helvetica, sans-serif; font-size: 14pt; background-color: #ff9900; color: #000000;\"><a style=\"background-color: #ff9900; color: #000000;\" href=\"https:\/\/www.si-franconville.fr\/index.php\/maison-rouge-2\/\">La Maison-Rouge .<\/a><\/span><\/td>\n<td style=\"width: 33.3333%; height: 28px;\"><span style=\"font-family: arial, helvetica, sans-serif; font-size: 14pt; background-color: #ff9900; color: #000000;\">\u00a0<a style=\"background-color: #ff9900; color: #000000;\" href=\"https:\/\/www.si-franconville.fr\/index.php\/maison-suger-2\/\">La maison Suger .<\/a><\/span><\/td>\n<\/tr>\n<\/tbody>\n<\/table>\n<table style=\"border-collapse: collapse; width: 100%; height: 28px;\">\n<tbody>\n<tr style=\"height: 28px;\">\n<td style=\"width: 33.3333%; height: 28px;\"><span style=\"font-family: arial, helvetica, sans-serif; font-size: 14pt; background-color: #ff9900; color: #000000;\">\u00a0<a style=\"color: #000000;\" href=\"https:\/\/www.si-franconville.fr\/index.php\/pavillon-dalbon\/\">Pavillon du comte d&rsquo;Albon .<\/a><\/span><\/td>\n<td style=\"width: 33.3333%; height: 28px;\"><span style=\"font-family: arial, helvetica, sans-serif; font-size: 14pt; background-color: #ff9900; color: #000000;\">\u00a0<a style=\"color: #000000;\" href=\"https:\/\/www.si-franconville.fr\/index.php\/le-chateau-du-xviiieme\/\">Ch\u00e2teau du XVIII\u00e8me .<\/a><\/span><\/td>\n<td style=\"width: 33.3333%; height: 28px;\"><span style=\"color: #000000;\"><a style=\"color: #000000;\" href=\"https:\/\/www.si-franconville.fr\/index.php\/chateau-du-xviii-complement\/\"><span style=\"font-family: arial, helvetica, sans-serif; font-size: 14pt; background-color: #ff9900;\">Ch\u00e2teau du XVIII\u00e8me compl\u00e9ment .<\/span><\/a><\/span><\/td>\n<\/tr>\n<\/tbody>\n<\/table>\n<table style=\"border-collapse: collapse; width: 100%;\">\n<tbody>\n<tr>\n<td style=\"width: 33.3333%;\"><span style=\"color: #000000;\"><a style=\"color: #000000;\" href=\"https:\/\/www.si-franconville.fr\/index.php\/la-coudray\/\"><span style=\"font-family: arial, helvetica, sans-serif; font-size: 14pt; background-color: #ff9900;\">\u00a0La Coudray .<\/span><\/a><\/span><\/td>\n<td style=\"width: 33.3333%;\"><\/td>\n<td style=\"width: 33.3333%;\"><\/td>\n<\/tr>\n<\/tbody>\n<\/table>\n<p>&nbsp;<\/p>\n<p>&nbsp;<\/p>\n<p>&nbsp;<\/p>\n<p>&nbsp;<\/p>\n<table style=\"border-collapse: collapse; width: 74.7427%;\">\n<tbody>\n<tr>\n<td style=\"width: 100%;\"><span style=\"font-family: arial, helvetica, sans-serif; font-size: 14pt; background-color: #ff9900; color: #000000;\">Habitations, maisons, r\u00e9sidences, Maison-Rouge, la maison Suger.<br \/>\n<\/span><\/td>\n<\/tr>\n<\/tbody>\n<\/table>\n","protected":false},"excerpt":{"rendered":"<p>\u00a0Les habitations avant la r\u00e9novation \u00e0 Franconville \u00a0L&rsquo;habitat . \u00a0Auberges et cabarets . \u00a0R\u00e9sidence Leclerc . \u00a0R\u00e9sidence des Sources . \u00a0R\u00e9sidence du Parc . \u00a0Les villas s\u00e9rie 1 . \u00a0Les villas s\u00e9rie 2 . La Maison-Rouge . \u00a0La maison Suger . \u00a0Pavillon du comte d&rsquo;Albon . \u00a0Ch\u00e2teau du XVIII\u00e8me . Ch\u00e2teau du XVIII\u00e8me compl\u00e9ment . [&hellip;]<\/p>\n","protected":false},"author":1,"featured_media":0,"parent":0,"menu_order":0,"comment_status":"closed","ping_status":"closed","template":"","meta":{"_monsterinsights_skip_tracking":false,"_monsterinsights_sitenote_active":false,"_monsterinsights_sitenote_note":"","_monsterinsights_sitenote_category":0,"footnotes":""},"class_list":["post-2734","page","type-page","status-publish","hentry"],"aioseo_notices":[],"_links":{"self":[{"href":"https:\/\/www.si-franconville.fr\/index.php\/wp-json\/wp\/v2\/pages\/2734","targetHints":{"allow":["GET"]}}],"collection":[{"href":"https:\/\/www.si-franconville.fr\/index.php\/wp-json\/wp\/v2\/pages"}],"about":[{"href":"https:\/\/www.si-franconville.fr\/index.php\/wp-json\/wp\/v2\/types\/page"}],"author":[{"embeddable":true,"href":"https:\/\/www.si-franconville.fr\/index.php\/wp-json\/wp\/v2\/users\/1"}],"replies":[{"embeddable":true,"href":"https:\/\/www.si-franconville.fr\/index.php\/wp-json\/wp\/v2\/comments?post=2734"}],"version-history":[{"count":8,"href":"https:\/\/www.si-franconville.fr\/index.php\/wp-json\/wp\/v2\/pages\/2734\/revisions"}],"predecessor-version":[{"id":3887,"href":"https:\/\/www.si-franconville.fr\/index.php\/wp-json\/wp\/v2\/pages\/2734\/revisions\/3887"}],"wp:attachment":[{"href":"https:\/\/www.si-franconville.fr\/index.php\/wp-json\/wp\/v2\/media?parent=2734"}],"curies":[{"name":"wp","href":"https:\/\/api.w.org\/{rel}","templated":true}]}}