{"id":2556,"date":"2020-12-21T09:51:38","date_gmt":"2020-12-21T08:51:38","guid":{"rendered":"https:\/\/www.si-franconville.fr\/?page_id=2556"},"modified":"2022-05-11T18:27:58","modified_gmt":"2022-05-11T16:27:58","slug":"les-pretres-apres-1800","status":"publish","type":"page","link":"https:\/\/www.si-franconville.fr\/index.php\/les-pretres-apres-1800\/","title":{"rendered":"Les pr\u00eatres apr\u00e8s 1800"},"content":{"rendered":"<table style=\"border-collapse: collapse; width: 65.8472%;\">\n<tbody>\n<tr>\n<td style=\"width: 100%;\"><span style=\"font-family: arial, helvetica, sans-serif; font-size: 14pt; background-color: #ff9900;\">\u00a0Les pr\u00eatres p\u00e9riode 1800 \u00e0 nos jours<\/span><\/td>\n<\/tr>\n<\/tbody>\n<\/table>\n<p><img loading=\"lazy\" decoding=\"async\" class=\"alignnone wp-image-2560 size-full\" src=\"https:\/\/www.si-franconville.fr\/wp-content\/uploads\/2020\/12\/Les-Pretres-apres-1800-site_001.jpg\" alt=\"\" width=\"793\" height=\"1122\" srcset=\"https:\/\/www.si-franconville.fr\/wp-content\/uploads\/2020\/12\/Les-Pretres-apres-1800-site_001.jpg 793w, https:\/\/www.si-franconville.fr\/wp-content\/uploads\/2020\/12\/Les-Pretres-apres-1800-site_001-212x300.jpg 212w, https:\/\/www.si-franconville.fr\/wp-content\/uploads\/2020\/12\/Les-Pretres-apres-1800-site_001-424x600.jpg 424w, https:\/\/www.si-franconville.fr\/wp-content\/uploads\/2020\/12\/Les-Pretres-apres-1800-site_001-768x1087.jpg 768w, https:\/\/www.si-franconville.fr\/wp-content\/uploads\/2020\/12\/Les-Pretres-apres-1800-site_001-620x877.jpg 620w\" sizes=\"auto, (max-width: 793px) 100vw, 793px\" \/><\/p>\n<p><img loading=\"lazy\" decoding=\"async\" class=\"alignnone wp-image-2561 size-full\" src=\"https:\/\/www.si-franconville.fr\/wp-content\/uploads\/2020\/12\/Les-Pretres-apres-1800-site_002.jpg\" alt=\"\" width=\"793\" height=\"1122\" srcset=\"https:\/\/www.si-franconville.fr\/wp-content\/uploads\/2020\/12\/Les-Pretres-apres-1800-site_002.jpg 793w, https:\/\/www.si-franconville.fr\/wp-content\/uploads\/2020\/12\/Les-Pretres-apres-1800-site_002-212x300.jpg 212w, https:\/\/www.si-franconville.fr\/wp-content\/uploads\/2020\/12\/Les-Pretres-apres-1800-site_002-424x600.jpg 424w, https:\/\/www.si-franconville.fr\/wp-content\/uploads\/2020\/12\/Les-Pretres-apres-1800-site_002-768x1087.jpg 768w, https:\/\/www.si-franconville.fr\/wp-content\/uploads\/2020\/12\/Les-Pretres-apres-1800-site_002-620x877.jpg 620w\" sizes=\"auto, (max-width: 793px) 100vw, 793px\" \/><\/p>\n<p><img loading=\"lazy\" decoding=\"async\" class=\"alignnone wp-image-2562 size-full\" src=\"https:\/\/www.si-franconville.fr\/wp-content\/uploads\/2020\/12\/Les-Pretres-apres-1800-site_003.jpg\" alt=\"\" width=\"793\" height=\"1122\" srcset=\"https:\/\/www.si-franconville.fr\/wp-content\/uploads\/2020\/12\/Les-Pretres-apres-1800-site_003.jpg 793w, https:\/\/www.si-franconville.fr\/wp-content\/uploads\/2020\/12\/Les-Pretres-apres-1800-site_003-212x300.jpg 212w, https:\/\/www.si-franconville.fr\/wp-content\/uploads\/2020\/12\/Les-Pretres-apres-1800-site_003-424x600.jpg 424w, https:\/\/www.si-franconville.fr\/wp-content\/uploads\/2020\/12\/Les-Pretres-apres-1800-site_003-768x1087.jpg 768w, https:\/\/www.si-franconville.fr\/wp-content\/uploads\/2020\/12\/Les-Pretres-apres-1800-site_003-620x877.jpg 620w\" sizes=\"auto, (max-width: 793px) 100vw, 793px\" \/><\/p>\n<p><img loading=\"lazy\" decoding=\"async\" class=\"alignnone wp-image-2563 size-full\" src=\"https:\/\/www.si-franconville.fr\/wp-content\/uploads\/2020\/12\/Les-Pretres-apres-1800-site_004.jpg\" alt=\"\" width=\"793\" height=\"1122\" srcset=\"https:\/\/www.si-franconville.fr\/wp-content\/uploads\/2020\/12\/Les-Pretres-apres-1800-site_004.jpg 793w, https:\/\/www.si-franconville.fr\/wp-content\/uploads\/2020\/12\/Les-Pretres-apres-1800-site_004-212x300.jpg 212w, https:\/\/www.si-franconville.fr\/wp-content\/uploads\/2020\/12\/Les-Pretres-apres-1800-site_004-424x600.jpg 424w, https:\/\/www.si-franconville.fr\/wp-content\/uploads\/2020\/12\/Les-Pretres-apres-1800-site_004-768x1087.jpg 768w, https:\/\/www.si-franconville.fr\/wp-content\/uploads\/2020\/12\/Les-Pretres-apres-1800-site_004-620x877.jpg 620w\" sizes=\"auto, (max-width: 793px) 100vw, 793px\" \/><\/p>\n<p><img loading=\"lazy\" decoding=\"async\" class=\"alignnone wp-image-2564 size-full\" src=\"https:\/\/www.si-franconville.fr\/wp-content\/uploads\/2020\/12\/Les-Pretres-apres-1800-site_005.jpg\" alt=\"\" width=\"793\" height=\"1122\" srcset=\"https:\/\/www.si-franconville.fr\/wp-content\/uploads\/2020\/12\/Les-Pretres-apres-1800-site_005.jpg 793w, https:\/\/www.si-franconville.fr\/wp-content\/uploads\/2020\/12\/Les-Pretres-apres-1800-site_005-212x300.jpg 212w, https:\/\/www.si-franconville.fr\/wp-content\/uploads\/2020\/12\/Les-Pretres-apres-1800-site_005-424x600.jpg 424w, https:\/\/www.si-franconville.fr\/wp-content\/uploads\/2020\/12\/Les-Pretres-apres-1800-site_005-768x1087.jpg 768w, https:\/\/www.si-franconville.fr\/wp-content\/uploads\/2020\/12\/Les-Pretres-apres-1800-site_005-620x877.jpg 620w\" sizes=\"auto, (max-width: 793px) 100vw, 793px\" \/><\/p>\n<p><img loading=\"lazy\" decoding=\"async\" class=\"alignnone wp-image-2592 size-full\" src=\"https:\/\/www.si-franconville.fr\/wp-content\/uploads\/2021\/01\/Les-Pretres-apres-1800-site2_006.jpg\" alt=\"\" width=\"793\" height=\"1122\" srcset=\"https:\/\/www.si-franconville.fr\/wp-content\/uploads\/2021\/01\/Les-Pretres-apres-1800-site2_006.jpg 793w, https:\/\/www.si-franconville.fr\/wp-content\/uploads\/2021\/01\/Les-Pretres-apres-1800-site2_006-212x300.jpg 212w, https:\/\/www.si-franconville.fr\/wp-content\/uploads\/2021\/01\/Les-Pretres-apres-1800-site2_006-424x600.jpg 424w, https:\/\/www.si-franconville.fr\/wp-content\/uploads\/2021\/01\/Les-Pretres-apres-1800-site2_006-768x1087.jpg 768w, https:\/\/www.si-franconville.fr\/wp-content\/uploads\/2021\/01\/Les-Pretres-apres-1800-site2_006-620x877.jpg 620w\" sizes=\"auto, (max-width: 793px) 100vw, 793px\" \/><\/p>\n<p><img loading=\"lazy\" decoding=\"async\" class=\"alignnone wp-image-3262 size-full\" src=\"https:\/\/www.si-franconville.fr\/wp-content\/uploads\/2022\/01\/Les-Pretres-apres-1800-site4_007.jpg\" alt=\"\" width=\"793\" height=\"1122\" srcset=\"https:\/\/www.si-franconville.fr\/wp-content\/uploads\/2022\/01\/Les-Pretres-apres-1800-site4_007.jpg 793w, https:\/\/www.si-franconville.fr\/wp-content\/uploads\/2022\/01\/Les-Pretres-apres-1800-site4_007-212x300.jpg 212w, https:\/\/www.si-franconville.fr\/wp-content\/uploads\/2022\/01\/Les-Pretres-apres-1800-site4_007-424x600.jpg 424w, https:\/\/www.si-franconville.fr\/wp-content\/uploads\/2022\/01\/Les-Pretres-apres-1800-site4_007-768x1087.jpg 768w, https:\/\/www.si-franconville.fr\/wp-content\/uploads\/2022\/01\/Les-Pretres-apres-1800-site4_007-620x877.jpg 620w\" sizes=\"auto, (max-width: 793px) 100vw, 793px\" \/><\/p>\n<p><img loading=\"lazy\" decoding=\"async\" class=\"alignnone wp-image-3263 size-full\" src=\"https:\/\/www.si-franconville.fr\/wp-content\/uploads\/2022\/01\/Les-Pretres-apres-1800-site4_008.jpg\" alt=\"\" width=\"793\" height=\"1122\" srcset=\"https:\/\/www.si-franconville.fr\/wp-content\/uploads\/2022\/01\/Les-Pretres-apres-1800-site4_008.jpg 793w, https:\/\/www.si-franconville.fr\/wp-content\/uploads\/2022\/01\/Les-Pretres-apres-1800-site4_008-212x300.jpg 212w, https:\/\/www.si-franconville.fr\/wp-content\/uploads\/2022\/01\/Les-Pretres-apres-1800-site4_008-424x600.jpg 424w, https:\/\/www.si-franconville.fr\/wp-content\/uploads\/2022\/01\/Les-Pretres-apres-1800-site4_008-768x1087.jpg 768w, https:\/\/www.si-franconville.fr\/wp-content\/uploads\/2022\/01\/Les-Pretres-apres-1800-site4_008-620x877.jpg 620w\" sizes=\"auto, (max-width: 793px) 100vw, 793px\" \/><\/p>\n<p><img loading=\"lazy\" decoding=\"async\" class=\"alignnone wp-image-3264 size-full\" src=\"https:\/\/www.si-franconville.fr\/wp-content\/uploads\/2022\/01\/Les-Pretres-apres-1800-site4_009.jpg\" alt=\"\" width=\"793\" height=\"1122\" srcset=\"https:\/\/www.si-franconville.fr\/wp-content\/uploads\/2022\/01\/Les-Pretres-apres-1800-site4_009.jpg 793w, https:\/\/www.si-franconville.fr\/wp-content\/uploads\/2022\/01\/Les-Pretres-apres-1800-site4_009-212x300.jpg 212w, https:\/\/www.si-franconville.fr\/wp-content\/uploads\/2022\/01\/Les-Pretres-apres-1800-site4_009-424x600.jpg 424w, https:\/\/www.si-franconville.fr\/wp-content\/uploads\/2022\/01\/Les-Pretres-apres-1800-site4_009-768x1087.jpg 768w, https:\/\/www.si-franconville.fr\/wp-content\/uploads\/2022\/01\/Les-Pretres-apres-1800-site4_009-620x877.jpg 620w\" sizes=\"auto, (max-width: 793px) 100vw, 793px\" \/><\/p>\n<p><img loading=\"lazy\" decoding=\"async\" class=\"alignnone wp-image-3265 size-full\" src=\"https:\/\/www.si-franconville.fr\/wp-content\/uploads\/2022\/01\/Les-Pretres-apres-1800-site4_010.jpg\" alt=\"\" width=\"793\" height=\"1122\" srcset=\"https:\/\/www.si-franconville.fr\/wp-content\/uploads\/2022\/01\/Les-Pretres-apres-1800-site4_010.jpg 793w, https:\/\/www.si-franconville.fr\/wp-content\/uploads\/2022\/01\/Les-Pretres-apres-1800-site4_010-212x300.jpg 212w, https:\/\/www.si-franconville.fr\/wp-content\/uploads\/2022\/01\/Les-Pretres-apres-1800-site4_010-424x600.jpg 424w, https:\/\/www.si-franconville.fr\/wp-content\/uploads\/2022\/01\/Les-Pretres-apres-1800-site4_010-768x1087.jpg 768w, https:\/\/www.si-franconville.fr\/wp-content\/uploads\/2022\/01\/Les-Pretres-apres-1800-site4_010-620x877.jpg 620w\" sizes=\"auto, (max-width: 793px) 100vw, 793px\" \/><\/p>\n<p><img loading=\"lazy\" decoding=\"async\" class=\"alignnone wp-image-3266 size-full\" src=\"https:\/\/www.si-franconville.fr\/wp-content\/uploads\/2022\/01\/Les-Pretres-apres-1800-site4_011.jpg\" alt=\"\" width=\"793\" height=\"1122\" srcset=\"https:\/\/www.si-franconville.fr\/wp-content\/uploads\/2022\/01\/Les-Pretres-apres-1800-site4_011.jpg 793w, https:\/\/www.si-franconville.fr\/wp-content\/uploads\/2022\/01\/Les-Pretres-apres-1800-site4_011-212x300.jpg 212w, https:\/\/www.si-franconville.fr\/wp-content\/uploads\/2022\/01\/Les-Pretres-apres-1800-site4_011-424x600.jpg 424w, https:\/\/www.si-franconville.fr\/wp-content\/uploads\/2022\/01\/Les-Pretres-apres-1800-site4_011-768x1087.jpg 768w, https:\/\/www.si-franconville.fr\/wp-content\/uploads\/2022\/01\/Les-Pretres-apres-1800-site4_011-620x877.jpg 620w\" sizes=\"auto, (max-width: 793px) 100vw, 793px\" \/><\/p>\n<p><img loading=\"lazy\" decoding=\"async\" class=\"alignnone wp-image-3267 size-full\" src=\"https:\/\/www.si-franconville.fr\/wp-content\/uploads\/2022\/01\/Les-Pretres-apres-1800-site4_012.jpg\" alt=\"\" width=\"793\" height=\"1122\" srcset=\"https:\/\/www.si-franconville.fr\/wp-content\/uploads\/2022\/01\/Les-Pretres-apres-1800-site4_012.jpg 793w, https:\/\/www.si-franconville.fr\/wp-content\/uploads\/2022\/01\/Les-Pretres-apres-1800-site4_012-212x300.jpg 212w, https:\/\/www.si-franconville.fr\/wp-content\/uploads\/2022\/01\/Les-Pretres-apres-1800-site4_012-424x600.jpg 424w, https:\/\/www.si-franconville.fr\/wp-content\/uploads\/2022\/01\/Les-Pretres-apres-1800-site4_012-768x1087.jpg 768w, https:\/\/www.si-franconville.fr\/wp-content\/uploads\/2022\/01\/Les-Pretres-apres-1800-site4_012-620x877.jpg 620w\" sizes=\"auto, (max-width: 793px) 100vw, 793px\" \/><\/p>\n<p>&nbsp;<\/p>\n<p><img loading=\"lazy\" decoding=\"async\" class=\"alignnone wp-image-3272 size-full\" src=\"https:\/\/www.si-franconville.fr\/wp-content\/uploads\/2022\/01\/Les-Pretres-apres-1800-site4_013.jpg\" alt=\"\" width=\"793\" height=\"1122\" srcset=\"https:\/\/www.si-franconville.fr\/wp-content\/uploads\/2022\/01\/Les-Pretres-apres-1800-site4_013.jpg 793w, https:\/\/www.si-franconville.fr\/wp-content\/uploads\/2022\/01\/Les-Pretres-apres-1800-site4_013-212x300.jpg 212w, https:\/\/www.si-franconville.fr\/wp-content\/uploads\/2022\/01\/Les-Pretres-apres-1800-site4_013-424x600.jpg 424w, https:\/\/www.si-franconville.fr\/wp-content\/uploads\/2022\/01\/Les-Pretres-apres-1800-site4_013-768x1087.jpg 768w, https:\/\/www.si-franconville.fr\/wp-content\/uploads\/2022\/01\/Les-Pretres-apres-1800-site4_013-620x877.jpg 620w\" sizes=\"auto, (max-width: 793px) 100vw, 793px\" \/><\/p>\n<p><img loading=\"lazy\" decoding=\"async\" class=\"alignnone wp-image-3273 size-full\" src=\"https:\/\/www.si-franconville.fr\/wp-content\/uploads\/2022\/01\/Les-Pretres-apres-1800-site4_014.jpg\" alt=\"\" width=\"793\" height=\"1122\" srcset=\"https:\/\/www.si-franconville.fr\/wp-content\/uploads\/2022\/01\/Les-Pretres-apres-1800-site4_014.jpg 793w, https:\/\/www.si-franconville.fr\/wp-content\/uploads\/2022\/01\/Les-Pretres-apres-1800-site4_014-212x300.jpg 212w, https:\/\/www.si-franconville.fr\/wp-content\/uploads\/2022\/01\/Les-Pretres-apres-1800-site4_014-424x600.jpg 424w, https:\/\/www.si-franconville.fr\/wp-content\/uploads\/2022\/01\/Les-Pretres-apres-1800-site4_014-768x1087.jpg 768w, https:\/\/www.si-franconville.fr\/wp-content\/uploads\/2022\/01\/Les-Pretres-apres-1800-site4_014-620x877.jpg 620w\" sizes=\"auto, (max-width: 793px) 100vw, 793px\" \/><\/p>\n<p>&nbsp;<\/p>\n<p>&nbsp;<\/p>\n<p>&nbsp;<\/p>\n<p>&nbsp;<\/p>\n<p>&nbsp;<\/p>\n<p>&nbsp;<\/p>\n<p>&nbsp;<\/p>\n<p>&nbsp;<\/p>\n<table style=\"border-collapse: collapse; width: 66.6374%;\">\n<tbody>\n<tr>\n<td style=\"width: 100%;\"><span style=\"font-family: arial, helvetica, sans-serif;\">Eug\u00e8ne Delle; Hubert Faivre;Maurice Nassoy;Pierre Callewaert;Pierre Thang;Jean Aoudia, Pr\u00eatres de la Fraternit\u00e9,<br \/>\n<\/span><\/td>\n<\/tr>\n<\/tbody>\n<\/table>\n","protected":false},"excerpt":{"rendered":"<p>\u00a0Les pr\u00eatres p\u00e9riode 1800 \u00e0 nos jours &nbsp; &nbsp; &nbsp; &nbsp; &nbsp; &nbsp; &nbsp; &nbsp; &nbsp; Eug\u00e8ne Delle; Hubert Faivre;Maurice Nassoy;Pierre Callewaert;Pierre Thang;Jean Aoudia, Pr\u00eatres de la Fraternit\u00e9,<\/p>\n","protected":false},"author":1,"featured_media":0,"parent":0,"menu_order":0,"comment_status":"closed","ping_status":"closed","template":"","meta":{"_monsterinsights_skip_tracking":false,"_monsterinsights_sitenote_active":false,"_monsterinsights_sitenote_note":"","_monsterinsights_sitenote_category":0,"footnotes":""},"class_list":["post-2556","page","type-page","status-publish","hentry"],"aioseo_notices":[],"_links":{"self":[{"href":"https:\/\/www.si-franconville.fr\/index.php\/wp-json\/wp\/v2\/pages\/2556","targetHints":{"allow":["GET"]}}],"collection":[{"href":"https:\/\/www.si-franconville.fr\/index.php\/wp-json\/wp\/v2\/pages"}],"about":[{"href":"https:\/\/www.si-franconville.fr\/index.php\/wp-json\/wp\/v2\/types\/page"}],"author":[{"embeddable":true,"href":"https:\/\/www.si-franconville.fr\/index.php\/wp-json\/wp\/v2\/users\/1"}],"replies":[{"embeddable":true,"href":"https:\/\/www.si-franconville.fr\/index.php\/wp-json\/wp\/v2\/comments?post=2556"}],"version-history":[{"count":8,"href":"https:\/\/www.si-franconville.fr\/index.php\/wp-json\/wp\/v2\/pages\/2556\/revisions"}],"predecessor-version":[{"id":3614,"href":"https:\/\/www.si-franconville.fr\/index.php\/wp-json\/wp\/v2\/pages\/2556\/revisions\/3614"}],"wp:attachment":[{"href":"https:\/\/www.si-franconville.fr\/index.php\/wp-json\/wp\/v2\/media?parent=2556"}],"curies":[{"name":"wp","href":"https:\/\/api.w.org\/{rel}","templated":true}]}}