{"id":2502,"date":"2020-12-14T12:49:09","date_gmt":"2020-12-14T11:49:09","guid":{"rendered":"https:\/\/www.si-franconville.fr\/?page_id=2502"},"modified":"2022-05-11T19:39:19","modified_gmt":"2022-05-11T17:39:19","slug":"periode-1921-1930","status":"publish","type":"page","link":"https:\/\/www.si-franconville.fr\/index.php\/periode-1921-1930\/","title":{"rendered":"P\u00e9riode 1921-1930"},"content":{"rendered":"<table style=\"border-collapse: collapse; width: 55.3117%;\">\n<tbody>\n<tr>\n<td style=\"width: 100%;\"><span style=\"font-family: arial, helvetica, sans-serif; font-size: 14pt; background-color: #ff9900;\">\u00a0Ce qui c&rsquo;est pass\u00e9 ces ann\u00e9es l\u00e0<\/span><\/td>\n<\/tr>\n<\/tbody>\n<\/table>\n<p>&nbsp;<\/p>\n<p><img loading=\"lazy\" decoding=\"async\" class=\"alignnone wp-image-2522 size-full\" src=\"https:\/\/www.si-franconville.fr\/wp-content\/uploads\/2020\/12\/Le-saviez-vous-7-site-1921-1930_001.jpg\" alt=\"\" width=\"793\" height=\"1122\" srcset=\"https:\/\/www.si-franconville.fr\/wp-content\/uploads\/2020\/12\/Le-saviez-vous-7-site-1921-1930_001.jpg 793w, https:\/\/www.si-franconville.fr\/wp-content\/uploads\/2020\/12\/Le-saviez-vous-7-site-1921-1930_001-212x300.jpg 212w, https:\/\/www.si-franconville.fr\/wp-content\/uploads\/2020\/12\/Le-saviez-vous-7-site-1921-1930_001-424x600.jpg 424w, https:\/\/www.si-franconville.fr\/wp-content\/uploads\/2020\/12\/Le-saviez-vous-7-site-1921-1930_001-768x1087.jpg 768w, https:\/\/www.si-franconville.fr\/wp-content\/uploads\/2020\/12\/Le-saviez-vous-7-site-1921-1930_001-620x877.jpg 620w\" sizes=\"auto, (max-width: 793px) 100vw, 793px\" \/><\/p>\n<p><img loading=\"lazy\" decoding=\"async\" class=\"alignnone wp-image-2523 size-full\" src=\"https:\/\/www.si-franconville.fr\/wp-content\/uploads\/2020\/12\/Le-saviez-vous-7-site-1921-1930_002.jpg\" alt=\"\" width=\"793\" height=\"1122\" srcset=\"https:\/\/www.si-franconville.fr\/wp-content\/uploads\/2020\/12\/Le-saviez-vous-7-site-1921-1930_002.jpg 793w, https:\/\/www.si-franconville.fr\/wp-content\/uploads\/2020\/12\/Le-saviez-vous-7-site-1921-1930_002-212x300.jpg 212w, https:\/\/www.si-franconville.fr\/wp-content\/uploads\/2020\/12\/Le-saviez-vous-7-site-1921-1930_002-424x600.jpg 424w, https:\/\/www.si-franconville.fr\/wp-content\/uploads\/2020\/12\/Le-saviez-vous-7-site-1921-1930_002-768x1087.jpg 768w, https:\/\/www.si-franconville.fr\/wp-content\/uploads\/2020\/12\/Le-saviez-vous-7-site-1921-1930_002-620x877.jpg 620w\" sizes=\"auto, (max-width: 793px) 100vw, 793px\" \/><\/p>\n<p><img loading=\"lazy\" decoding=\"async\" class=\"alignnone wp-image-2524 size-full\" src=\"https:\/\/www.si-franconville.fr\/wp-content\/uploads\/2020\/12\/Le-saviez-vous-7-site-1921-1930_003.jpg\" alt=\"\" width=\"793\" height=\"1122\" srcset=\"https:\/\/www.si-franconville.fr\/wp-content\/uploads\/2020\/12\/Le-saviez-vous-7-site-1921-1930_003.jpg 793w, https:\/\/www.si-franconville.fr\/wp-content\/uploads\/2020\/12\/Le-saviez-vous-7-site-1921-1930_003-212x300.jpg 212w, https:\/\/www.si-franconville.fr\/wp-content\/uploads\/2020\/12\/Le-saviez-vous-7-site-1921-1930_003-424x600.jpg 424w, https:\/\/www.si-franconville.fr\/wp-content\/uploads\/2020\/12\/Le-saviez-vous-7-site-1921-1930_003-768x1087.jpg 768w, https:\/\/www.si-franconville.fr\/wp-content\/uploads\/2020\/12\/Le-saviez-vous-7-site-1921-1930_003-620x877.jpg 620w\" sizes=\"auto, (max-width: 793px) 100vw, 793px\" \/><\/p>\n<p><img loading=\"lazy\" decoding=\"async\" class=\"alignnone wp-image-2525 size-full\" src=\"https:\/\/www.si-franconville.fr\/wp-content\/uploads\/2020\/12\/Le-saviez-vous-7-site-1921-1930_004.jpg\" alt=\"\" width=\"793\" height=\"1122\" srcset=\"https:\/\/www.si-franconville.fr\/wp-content\/uploads\/2020\/12\/Le-saviez-vous-7-site-1921-1930_004.jpg 793w, https:\/\/www.si-franconville.fr\/wp-content\/uploads\/2020\/12\/Le-saviez-vous-7-site-1921-1930_004-212x300.jpg 212w, https:\/\/www.si-franconville.fr\/wp-content\/uploads\/2020\/12\/Le-saviez-vous-7-site-1921-1930_004-424x600.jpg 424w, https:\/\/www.si-franconville.fr\/wp-content\/uploads\/2020\/12\/Le-saviez-vous-7-site-1921-1930_004-768x1087.jpg 768w, https:\/\/www.si-franconville.fr\/wp-content\/uploads\/2020\/12\/Le-saviez-vous-7-site-1921-1930_004-620x877.jpg 620w\" sizes=\"auto, (max-width: 793px) 100vw, 793px\" \/><\/p>\n<p><img loading=\"lazy\" decoding=\"async\" class=\"alignnone wp-image-2526 size-full\" src=\"https:\/\/www.si-franconville.fr\/wp-content\/uploads\/2020\/12\/Le-saviez-vous-7-site-1921-1930_005.jpg\" alt=\"\" width=\"793\" height=\"1122\" srcset=\"https:\/\/www.si-franconville.fr\/wp-content\/uploads\/2020\/12\/Le-saviez-vous-7-site-1921-1930_005.jpg 793w, https:\/\/www.si-franconville.fr\/wp-content\/uploads\/2020\/12\/Le-saviez-vous-7-site-1921-1930_005-212x300.jpg 212w, https:\/\/www.si-franconville.fr\/wp-content\/uploads\/2020\/12\/Le-saviez-vous-7-site-1921-1930_005-424x600.jpg 424w, https:\/\/www.si-franconville.fr\/wp-content\/uploads\/2020\/12\/Le-saviez-vous-7-site-1921-1930_005-768x1087.jpg 768w, https:\/\/www.si-franconville.fr\/wp-content\/uploads\/2020\/12\/Le-saviez-vous-7-site-1921-1930_005-620x877.jpg 620w\" sizes=\"auto, (max-width: 793px) 100vw, 793px\" \/><\/p>\n<p><img loading=\"lazy\" decoding=\"async\" class=\"alignnone wp-image-2527 size-full\" src=\"https:\/\/www.si-franconville.fr\/wp-content\/uploads\/2020\/12\/Le-saviez-vous-7-site-1921-1930_006.jpg\" alt=\"\" width=\"793\" height=\"1122\" srcset=\"https:\/\/www.si-franconville.fr\/wp-content\/uploads\/2020\/12\/Le-saviez-vous-7-site-1921-1930_006.jpg 793w, https:\/\/www.si-franconville.fr\/wp-content\/uploads\/2020\/12\/Le-saviez-vous-7-site-1921-1930_006-212x300.jpg 212w, https:\/\/www.si-franconville.fr\/wp-content\/uploads\/2020\/12\/Le-saviez-vous-7-site-1921-1930_006-424x600.jpg 424w, https:\/\/www.si-franconville.fr\/wp-content\/uploads\/2020\/12\/Le-saviez-vous-7-site-1921-1930_006-768x1087.jpg 768w, https:\/\/www.si-franconville.fr\/wp-content\/uploads\/2020\/12\/Le-saviez-vous-7-site-1921-1930_006-620x877.jpg 620w\" sizes=\"auto, (max-width: 793px) 100vw, 793px\" \/><\/p>\n<p><img loading=\"lazy\" decoding=\"async\" class=\"alignnone wp-image-2528 size-full\" src=\"https:\/\/www.si-franconville.fr\/wp-content\/uploads\/2020\/12\/Le-saviez-vous-7-site-1921-1930_007.jpg\" alt=\"\" width=\"793\" height=\"1122\" srcset=\"https:\/\/www.si-franconville.fr\/wp-content\/uploads\/2020\/12\/Le-saviez-vous-7-site-1921-1930_007.jpg 793w, https:\/\/www.si-franconville.fr\/wp-content\/uploads\/2020\/12\/Le-saviez-vous-7-site-1921-1930_007-212x300.jpg 212w, https:\/\/www.si-franconville.fr\/wp-content\/uploads\/2020\/12\/Le-saviez-vous-7-site-1921-1930_007-424x600.jpg 424w, https:\/\/www.si-franconville.fr\/wp-content\/uploads\/2020\/12\/Le-saviez-vous-7-site-1921-1930_007-768x1087.jpg 768w, https:\/\/www.si-franconville.fr\/wp-content\/uploads\/2020\/12\/Le-saviez-vous-7-site-1921-1930_007-620x877.jpg 620w\" sizes=\"auto, (max-width: 793px) 100vw, 793px\" \/><\/p>\n<p>&nbsp;<\/p>\n<p>&nbsp;<\/p>\n<p>&nbsp;<\/p>\n<p>&nbsp;<\/p>\n<p>&nbsp;<\/p>\n<p>&nbsp;<\/p>\n<p>&nbsp;<\/p>\n<p>&nbsp;<\/p>\n","protected":false},"excerpt":{"rendered":"<p>\u00a0Ce qui c&rsquo;est pass\u00e9 ces ann\u00e9es l\u00e0 &nbsp; &nbsp; &nbsp; &nbsp; &nbsp; &nbsp; &nbsp; &nbsp; &nbsp;<\/p>\n","protected":false},"author":1,"featured_media":0,"parent":0,"menu_order":0,"comment_status":"closed","ping_status":"closed","template":"","meta":{"_monsterinsights_skip_tracking":false,"_monsterinsights_sitenote_active":false,"_monsterinsights_sitenote_note":"","_monsterinsights_sitenote_category":0,"footnotes":""},"class_list":["post-2502","page","type-page","status-publish","hentry"],"aioseo_notices":[],"_links":{"self":[{"href":"https:\/\/www.si-franconville.fr\/index.php\/wp-json\/wp\/v2\/pages\/2502","targetHints":{"allow":["GET"]}}],"collection":[{"href":"https:\/\/www.si-franconville.fr\/index.php\/wp-json\/wp\/v2\/pages"}],"about":[{"href":"https:\/\/www.si-franconville.fr\/index.php\/wp-json\/wp\/v2\/types\/page"}],"author":[{"embeddable":true,"href":"https:\/\/www.si-franconville.fr\/index.php\/wp-json\/wp\/v2\/users\/1"}],"replies":[{"embeddable":true,"href":"https:\/\/www.si-franconville.fr\/index.php\/wp-json\/wp\/v2\/comments?post=2502"}],"version-history":[{"count":9,"href":"https:\/\/www.si-franconville.fr\/index.php\/wp-json\/wp\/v2\/pages\/2502\/revisions"}],"predecessor-version":[{"id":3641,"href":"https:\/\/www.si-franconville.fr\/index.php\/wp-json\/wp\/v2\/pages\/2502\/revisions\/3641"}],"wp:attachment":[{"href":"https:\/\/www.si-franconville.fr\/index.php\/wp-json\/wp\/v2\/media?parent=2502"}],"curies":[{"name":"wp","href":"https:\/\/api.w.org\/{rel}","templated":true}]}}