{"id":2476,"date":"2020-12-07T16:58:22","date_gmt":"2020-12-07T15:58:22","guid":{"rendered":"https:\/\/www.si-franconville.fr\/?page_id=2476"},"modified":"2022-05-11T13:16:28","modified_gmt":"2022-05-11T11:16:28","slug":"chateau-du-xviii-complement","status":"publish","type":"page","link":"https:\/\/www.si-franconville.fr\/index.php\/chateau-du-xviii-complement\/","title":{"rendered":"Ch\u00e2teau du XVIII compl\u00e9ment"},"content":{"rendered":"<table style=\"border-collapse: collapse; width: 55.7093%;\">\n<tbody>\n<tr>\n<td style=\"width: 100%;\"><span style=\"font-family: arial, helvetica, sans-serif; font-size: 14pt; background-color: #ff9900;\">\u00a0Compl\u00e9ment au ch\u00e2teau, d\u00e9molition<\/span><\/td>\n<\/tr>\n<\/tbody>\n<\/table>\n<p><img loading=\"lazy\" decoding=\"async\" class=\"alignnone wp-image-2477 size-full\" src=\"https:\/\/www.si-franconville.fr\/wp-content\/uploads\/2020\/12\/Chateau-demolition.jpg\" alt=\"\" width=\"793\" height=\"1122\" srcset=\"https:\/\/www.si-franconville.fr\/wp-content\/uploads\/2020\/12\/Chateau-demolition.jpg 793w, https:\/\/www.si-franconville.fr\/wp-content\/uploads\/2020\/12\/Chateau-demolition-212x300.jpg 212w, https:\/\/www.si-franconville.fr\/wp-content\/uploads\/2020\/12\/Chateau-demolition-424x600.jpg 424w, https:\/\/www.si-franconville.fr\/wp-content\/uploads\/2020\/12\/Chateau-demolition-768x1087.jpg 768w, https:\/\/www.si-franconville.fr\/wp-content\/uploads\/2020\/12\/Chateau-demolition-620x877.jpg 620w\" sizes=\"auto, (max-width: 793px) 100vw, 793px\" \/><\/p>\n<table style=\"border-collapse: collapse; width: 65.6716%;\">\n<tbody>\n<tr>\n<td style=\"width: 100%;\">Ch\u00e2teau, Bouju, Parc, Philippe, Porret<\/td>\n<\/tr>\n<\/tbody>\n<\/table>\n<p>&nbsp;<\/p>\n","protected":false},"excerpt":{"rendered":"<p>\u00a0Compl\u00e9ment au ch\u00e2teau, d\u00e9molition Ch\u00e2teau, Bouju, Parc, Philippe, Porret &nbsp;<\/p>\n","protected":false},"author":1,"featured_media":0,"parent":0,"menu_order":0,"comment_status":"closed","ping_status":"closed","template":"","meta":{"_monsterinsights_skip_tracking":false,"_monsterinsights_sitenote_active":false,"_monsterinsights_sitenote_note":"","_monsterinsights_sitenote_category":0,"footnotes":""},"class_list":["post-2476","page","type-page","status-publish","hentry"],"aioseo_notices":[],"_links":{"self":[{"href":"https:\/\/www.si-franconville.fr\/index.php\/wp-json\/wp\/v2\/pages\/2476","targetHints":{"allow":["GET"]}}],"collection":[{"href":"https:\/\/www.si-franconville.fr\/index.php\/wp-json\/wp\/v2\/pages"}],"about":[{"href":"https:\/\/www.si-franconville.fr\/index.php\/wp-json\/wp\/v2\/types\/page"}],"author":[{"embeddable":true,"href":"https:\/\/www.si-franconville.fr\/index.php\/wp-json\/wp\/v2\/users\/1"}],"replies":[{"embeddable":true,"href":"https:\/\/www.si-franconville.fr\/index.php\/wp-json\/wp\/v2\/comments?post=2476"}],"version-history":[{"count":4,"href":"https:\/\/www.si-franconville.fr\/index.php\/wp-json\/wp\/v2\/pages\/2476\/revisions"}],"predecessor-version":[{"id":3522,"href":"https:\/\/www.si-franconville.fr\/index.php\/wp-json\/wp\/v2\/pages\/2476\/revisions\/3522"}],"wp:attachment":[{"href":"https:\/\/www.si-franconville.fr\/index.php\/wp-json\/wp\/v2\/media?parent=2476"}],"curies":[{"name":"wp","href":"https:\/\/api.w.org\/{rel}","templated":true}]}}