{"id":2390,"date":"2020-10-20T14:10:21","date_gmt":"2020-10-20T12:10:21","guid":{"rendered":"https:\/\/www.si-franconville.fr\/?page_id=2390"},"modified":"2022-05-11T09:28:55","modified_gmt":"2022-05-11T07:28:55","slug":"89-rue-de-paris","status":"publish","type":"page","link":"https:\/\/www.si-franconville.fr\/index.php\/89-rue-de-paris\/","title":{"rendered":"Rue de Paris 89"},"content":{"rendered":"<table style=\"border-collapse: collapse; width: 63.9273%;\">\n<tbody>\n<tr>\n<td style=\"width: 100%;\"><span style=\"font-family: arial, helvetica, sans-serif; font-size: 14pt; background-color: #ffffff;\">89 rue de Paris<\/span><\/td>\n<\/tr>\n<\/tbody>\n<\/table>\n<p><img loading=\"lazy\" decoding=\"async\" class=\"alignnone wp-image-2391 size-full\" src=\"https:\/\/www.si-franconville.fr\/wp-content\/uploads\/2020\/10\/89-rue-de-Paris_001.jpg\" alt=\"\" width=\"793\" height=\"1122\" srcset=\"https:\/\/www.si-franconville.fr\/wp-content\/uploads\/2020\/10\/89-rue-de-Paris_001.jpg 793w, https:\/\/www.si-franconville.fr\/wp-content\/uploads\/2020\/10\/89-rue-de-Paris_001-212x300.jpg 212w, https:\/\/www.si-franconville.fr\/wp-content\/uploads\/2020\/10\/89-rue-de-Paris_001-424x600.jpg 424w, https:\/\/www.si-franconville.fr\/wp-content\/uploads\/2020\/10\/89-rue-de-Paris_001-768x1087.jpg 768w, https:\/\/www.si-franconville.fr\/wp-content\/uploads\/2020\/10\/89-rue-de-Paris_001-620x877.jpg 620w\" sizes=\"auto, (max-width: 793px) 100vw, 793px\" \/><\/p>\n<p><img loading=\"lazy\" decoding=\"async\" class=\"alignnone wp-image-2392 size-full\" src=\"https:\/\/www.si-franconville.fr\/wp-content\/uploads\/2020\/10\/89-rue-de-Paris_002.jpg\" alt=\"\" width=\"793\" height=\"1122\" srcset=\"https:\/\/www.si-franconville.fr\/wp-content\/uploads\/2020\/10\/89-rue-de-Paris_002.jpg 793w, https:\/\/www.si-franconville.fr\/wp-content\/uploads\/2020\/10\/89-rue-de-Paris_002-212x300.jpg 212w, https:\/\/www.si-franconville.fr\/wp-content\/uploads\/2020\/10\/89-rue-de-Paris_002-424x600.jpg 424w, https:\/\/www.si-franconville.fr\/wp-content\/uploads\/2020\/10\/89-rue-de-Paris_002-768x1087.jpg 768w, https:\/\/www.si-franconville.fr\/wp-content\/uploads\/2020\/10\/89-rue-de-Paris_002-620x877.jpg 620w\" sizes=\"auto, (max-width: 793px) 100vw, 793px\" \/><\/p>\n<p><img loading=\"lazy\" decoding=\"async\" class=\"alignnone wp-image-2393 size-full\" src=\"https:\/\/www.si-franconville.fr\/wp-content\/uploads\/2020\/10\/89-rue-de-Paris_003.jpg\" alt=\"\" width=\"793\" height=\"1122\" srcset=\"https:\/\/www.si-franconville.fr\/wp-content\/uploads\/2020\/10\/89-rue-de-Paris_003.jpg 793w, https:\/\/www.si-franconville.fr\/wp-content\/uploads\/2020\/10\/89-rue-de-Paris_003-212x300.jpg 212w, https:\/\/www.si-franconville.fr\/wp-content\/uploads\/2020\/10\/89-rue-de-Paris_003-424x600.jpg 424w, https:\/\/www.si-franconville.fr\/wp-content\/uploads\/2020\/10\/89-rue-de-Paris_003-768x1087.jpg 768w, https:\/\/www.si-franconville.fr\/wp-content\/uploads\/2020\/10\/89-rue-de-Paris_003-620x877.jpg 620w\" sizes=\"auto, (max-width: 793px) 100vw, 793px\" \/><\/p>\n<table style=\"border-collapse: collapse; width: 74.1001%;\">\n<tbody>\n<tr>\n<td style=\"width: 100%;\"><span style=\"font-family: arial, helvetica, sans-serif;\">Histoire des rue de Franconville le 89 rue de Paris \u00e0 une \u00e9poque, car a chang\u00e9 souvent de num\u00e9ro au fils du temps<\/span><\/td>\n<\/tr>\n<\/tbody>\n<\/table>\n","protected":false},"excerpt":{"rendered":"<p>89 rue de Paris Histoire des rue de Franconville le 89 rue de Paris \u00e0 une \u00e9poque, car a chang\u00e9 souvent de num\u00e9ro au fils du temps<\/p>\n","protected":false},"author":1,"featured_media":0,"parent":0,"menu_order":0,"comment_status":"closed","ping_status":"closed","template":"","meta":{"_monsterinsights_skip_tracking":false,"_monsterinsights_sitenote_active":false,"_monsterinsights_sitenote_note":"","_monsterinsights_sitenote_category":0,"footnotes":""},"class_list":["post-2390","page","type-page","status-publish","hentry"],"aioseo_notices":[],"_links":{"self":[{"href":"https:\/\/www.si-franconville.fr\/index.php\/wp-json\/wp\/v2\/pages\/2390","targetHints":{"allow":["GET"]}}],"collection":[{"href":"https:\/\/www.si-franconville.fr\/index.php\/wp-json\/wp\/v2\/pages"}],"about":[{"href":"https:\/\/www.si-franconville.fr\/index.php\/wp-json\/wp\/v2\/types\/page"}],"author":[{"embeddable":true,"href":"https:\/\/www.si-franconville.fr\/index.php\/wp-json\/wp\/v2\/users\/1"}],"replies":[{"embeddable":true,"href":"https:\/\/www.si-franconville.fr\/index.php\/wp-json\/wp\/v2\/comments?post=2390"}],"version-history":[{"count":2,"href":"https:\/\/www.si-franconville.fr\/index.php\/wp-json\/wp\/v2\/pages\/2390\/revisions"}],"predecessor-version":[{"id":3450,"href":"https:\/\/www.si-franconville.fr\/index.php\/wp-json\/wp\/v2\/pages\/2390\/revisions\/3450"}],"wp:attachment":[{"href":"https:\/\/www.si-franconville.fr\/index.php\/wp-json\/wp\/v2\/media?parent=2390"}],"curies":[{"name":"wp","href":"https:\/\/api.w.org\/{rel}","templated":true}]}}