{"id":2374,"date":"2020-10-17T18:10:48","date_gmt":"2020-10-17T16:10:48","guid":{"rendered":"https:\/\/www.si-franconville.fr\/?page_id=2374"},"modified":"2022-05-11T19:53:19","modified_gmt":"2022-05-11T17:53:19","slug":"residence-du-parc","status":"publish","type":"page","link":"https:\/\/www.si-franconville.fr\/index.php\/residence-du-parc\/","title":{"rendered":"R\u00e9sidence du Parc"},"content":{"rendered":"<table style=\"border-collapse: collapse; width: 43.1661%;\">\n<tbody>\n<tr>\n<td style=\"width: 100%;\"><span style=\"font-family: arial, helvetica, sans-serif; font-size: 14pt; background-color: #ff9900;\">La R\u00e9sidence dans l&rsquo;ancien parc de la Crosni\u00e8re<\/span><\/td>\n<\/tr>\n<\/tbody>\n<\/table>\n<p><img loading=\"lazy\" decoding=\"async\" class=\"alignnone wp-image-2375 size-full\" src=\"https:\/\/www.si-franconville.fr\/wp-content\/uploads\/2020\/10\/La-residence-du-parc_001.jpg\" alt=\"\" width=\"793\" height=\"1122\" srcset=\"https:\/\/www.si-franconville.fr\/wp-content\/uploads\/2020\/10\/La-residence-du-parc_001.jpg 793w, https:\/\/www.si-franconville.fr\/wp-content\/uploads\/2020\/10\/La-residence-du-parc_001-212x300.jpg 212w, https:\/\/www.si-franconville.fr\/wp-content\/uploads\/2020\/10\/La-residence-du-parc_001-424x600.jpg 424w, https:\/\/www.si-franconville.fr\/wp-content\/uploads\/2020\/10\/La-residence-du-parc_001-768x1087.jpg 768w, https:\/\/www.si-franconville.fr\/wp-content\/uploads\/2020\/10\/La-residence-du-parc_001-620x877.jpg 620w\" sizes=\"auto, (max-width: 793px) 100vw, 793px\" \/><\/p>\n<p><img loading=\"lazy\" decoding=\"async\" class=\"alignnone wp-image-2376 size-full\" src=\"https:\/\/www.si-franconville.fr\/wp-content\/uploads\/2020\/10\/La-residence-du-parc_002.jpg\" alt=\"\" width=\"793\" height=\"1122\" srcset=\"https:\/\/www.si-franconville.fr\/wp-content\/uploads\/2020\/10\/La-residence-du-parc_002.jpg 793w, https:\/\/www.si-franconville.fr\/wp-content\/uploads\/2020\/10\/La-residence-du-parc_002-212x300.jpg 212w, https:\/\/www.si-franconville.fr\/wp-content\/uploads\/2020\/10\/La-residence-du-parc_002-424x600.jpg 424w, https:\/\/www.si-franconville.fr\/wp-content\/uploads\/2020\/10\/La-residence-du-parc_002-768x1087.jpg 768w, https:\/\/www.si-franconville.fr\/wp-content\/uploads\/2020\/10\/La-residence-du-parc_002-620x877.jpg 620w\" sizes=\"auto, (max-width: 793px) 100vw, 793px\" \/><\/p>\n<p><img loading=\"lazy\" decoding=\"async\" class=\"alignnone wp-image-2377 size-full\" src=\"https:\/\/www.si-franconville.fr\/wp-content\/uploads\/2020\/10\/La-residence-du-parc_003.jpg\" alt=\"\" width=\"793\" height=\"1122\" srcset=\"https:\/\/www.si-franconville.fr\/wp-content\/uploads\/2020\/10\/La-residence-du-parc_003.jpg 793w, https:\/\/www.si-franconville.fr\/wp-content\/uploads\/2020\/10\/La-residence-du-parc_003-212x300.jpg 212w, https:\/\/www.si-franconville.fr\/wp-content\/uploads\/2020\/10\/La-residence-du-parc_003-424x600.jpg 424w, https:\/\/www.si-franconville.fr\/wp-content\/uploads\/2020\/10\/La-residence-du-parc_003-768x1087.jpg 768w, https:\/\/www.si-franconville.fr\/wp-content\/uploads\/2020\/10\/La-residence-du-parc_003-620x877.jpg 620w\" sizes=\"auto, (max-width: 793px) 100vw, 793px\" \/><\/p>\n<p><img loading=\"lazy\" decoding=\"async\" class=\"alignnone wp-image-2378 size-full\" src=\"https:\/\/www.si-franconville.fr\/wp-content\/uploads\/2020\/10\/La-residence-du-parc_004.jpg\" alt=\"\" width=\"793\" height=\"1122\" srcset=\"https:\/\/www.si-franconville.fr\/wp-content\/uploads\/2020\/10\/La-residence-du-parc_004.jpg 793w, https:\/\/www.si-franconville.fr\/wp-content\/uploads\/2020\/10\/La-residence-du-parc_004-212x300.jpg 212w, https:\/\/www.si-franconville.fr\/wp-content\/uploads\/2020\/10\/La-residence-du-parc_004-424x600.jpg 424w, https:\/\/www.si-franconville.fr\/wp-content\/uploads\/2020\/10\/La-residence-du-parc_004-768x1087.jpg 768w, https:\/\/www.si-franconville.fr\/wp-content\/uploads\/2020\/10\/La-residence-du-parc_004-620x877.jpg 620w\" sizes=\"auto, (max-width: 793px) 100vw, 793px\" \/><\/p>\n<p><img loading=\"lazy\" decoding=\"async\" class=\"alignnone wp-image-2379 size-full\" src=\"https:\/\/www.si-franconville.fr\/wp-content\/uploads\/2020\/10\/La-residence-du-parc_005.jpg\" alt=\"\" width=\"793\" height=\"1122\" srcset=\"https:\/\/www.si-franconville.fr\/wp-content\/uploads\/2020\/10\/La-residence-du-parc_005.jpg 793w, https:\/\/www.si-franconville.fr\/wp-content\/uploads\/2020\/10\/La-residence-du-parc_005-212x300.jpg 212w, https:\/\/www.si-franconville.fr\/wp-content\/uploads\/2020\/10\/La-residence-du-parc_005-424x600.jpg 424w, https:\/\/www.si-franconville.fr\/wp-content\/uploads\/2020\/10\/La-residence-du-parc_005-768x1087.jpg 768w, https:\/\/www.si-franconville.fr\/wp-content\/uploads\/2020\/10\/La-residence-du-parc_005-620x877.jpg 620w\" sizes=\"auto, (max-width: 793px) 100vw, 793px\" \/><\/p>\n<p><img loading=\"lazy\" decoding=\"async\" class=\"alignnone wp-image-2380 size-full\" src=\"https:\/\/www.si-franconville.fr\/wp-content\/uploads\/2020\/10\/La-residence-du-parc_006.jpg\" alt=\"\" width=\"793\" height=\"1122\" srcset=\"https:\/\/www.si-franconville.fr\/wp-content\/uploads\/2020\/10\/La-residence-du-parc_006.jpg 793w, https:\/\/www.si-franconville.fr\/wp-content\/uploads\/2020\/10\/La-residence-du-parc_006-212x300.jpg 212w, https:\/\/www.si-franconville.fr\/wp-content\/uploads\/2020\/10\/La-residence-du-parc_006-424x600.jpg 424w, https:\/\/www.si-franconville.fr\/wp-content\/uploads\/2020\/10\/La-residence-du-parc_006-768x1087.jpg 768w, https:\/\/www.si-franconville.fr\/wp-content\/uploads\/2020\/10\/La-residence-du-parc_006-620x877.jpg 620w\" sizes=\"auto, (max-width: 793px) 100vw, 793px\" \/><\/p>\n<p><span style=\"font-family: arial, helvetica, sans-serif; font-size: 14pt;\">le P\u00e8re de Popin, Velut de la Crosni\u00e8re, Passy, Massion, Suger<\/span><\/p>\n","protected":false},"excerpt":{"rendered":"<p>La R\u00e9sidence dans l&rsquo;ancien parc de la Crosni\u00e8re le P\u00e8re de Popin, Velut de la Crosni\u00e8re, Passy, Massion, Suger<\/p>\n","protected":false},"author":1,"featured_media":0,"parent":0,"menu_order":0,"comment_status":"closed","ping_status":"closed","template":"","meta":{"_monsterinsights_skip_tracking":false,"_monsterinsights_sitenote_active":false,"_monsterinsights_sitenote_note":"","_monsterinsights_sitenote_category":0,"footnotes":""},"class_list":["post-2374","page","type-page","status-publish","hentry"],"aioseo_notices":[],"_links":{"self":[{"href":"https:\/\/www.si-franconville.fr\/index.php\/wp-json\/wp\/v2\/pages\/2374","targetHints":{"allow":["GET"]}}],"collection":[{"href":"https:\/\/www.si-franconville.fr\/index.php\/wp-json\/wp\/v2\/pages"}],"about":[{"href":"https:\/\/www.si-franconville.fr\/index.php\/wp-json\/wp\/v2\/types\/page"}],"author":[{"embeddable":true,"href":"https:\/\/www.si-franconville.fr\/index.php\/wp-json\/wp\/v2\/users\/1"}],"replies":[{"embeddable":true,"href":"https:\/\/www.si-franconville.fr\/index.php\/wp-json\/wp\/v2\/comments?post=2374"}],"version-history":[{"count":4,"href":"https:\/\/www.si-franconville.fr\/index.php\/wp-json\/wp\/v2\/pages\/2374\/revisions"}],"predecessor-version":[{"id":3652,"href":"https:\/\/www.si-franconville.fr\/index.php\/wp-json\/wp\/v2\/pages\/2374\/revisions\/3652"}],"wp:attachment":[{"href":"https:\/\/www.si-franconville.fr\/index.php\/wp-json\/wp\/v2\/media?parent=2374"}],"curies":[{"name":"wp","href":"https:\/\/api.w.org\/{rel}","templated":true}]}}