{"id":2355,"date":"2020-10-12T12:53:20","date_gmt":"2020-10-12T10:53:20","guid":{"rendered":"https:\/\/www.si-franconville.fr\/?page_id=2355"},"modified":"2022-05-11T19:54:31","modified_gmt":"2022-05-11T17:54:31","slug":"residence-leclerc","status":"publish","type":"page","link":"https:\/\/www.si-franconville.fr\/index.php\/residence-leclerc\/","title":{"rendered":"R\u00e9sidence Leclerc"},"content":{"rendered":"<table style=\"border-collapse: collapse; width: 57.0069%;\">\n<tbody>\n<tr>\n<td style=\"width: 100%;\"><span style=\"font-family: arial, helvetica, sans-serif; font-size: 14pt; background-color: #ff9900;\">\u00a0La r\u00e9sidence Leclerc <\/span><\/td>\n<\/tr>\n<\/tbody>\n<\/table>\n<p><img loading=\"lazy\" decoding=\"async\" class=\"alignnone wp-image-2358 size-full\" src=\"https:\/\/www.si-franconville.fr\/wp-content\/uploads\/2020\/10\/La-residence-Leclerc_001.jpg\" alt=\"\" width=\"793\" height=\"1122\" srcset=\"https:\/\/www.si-franconville.fr\/wp-content\/uploads\/2020\/10\/La-residence-Leclerc_001.jpg 793w, https:\/\/www.si-franconville.fr\/wp-content\/uploads\/2020\/10\/La-residence-Leclerc_001-212x300.jpg 212w, https:\/\/www.si-franconville.fr\/wp-content\/uploads\/2020\/10\/La-residence-Leclerc_001-424x600.jpg 424w, https:\/\/www.si-franconville.fr\/wp-content\/uploads\/2020\/10\/La-residence-Leclerc_001-768x1087.jpg 768w, https:\/\/www.si-franconville.fr\/wp-content\/uploads\/2020\/10\/La-residence-Leclerc_001-620x877.jpg 620w\" sizes=\"auto, (max-width: 793px) 100vw, 793px\" \/><\/p>\n<p><img loading=\"lazy\" decoding=\"async\" class=\"alignnone wp-image-2433 size-full\" src=\"https:\/\/www.si-franconville.fr\/wp-content\/uploads\/2020\/11\/La-residence-Leclerc2_002.jpg\" alt=\"\" width=\"793\" height=\"1122\" srcset=\"https:\/\/www.si-franconville.fr\/wp-content\/uploads\/2020\/11\/La-residence-Leclerc2_002.jpg 793w, https:\/\/www.si-franconville.fr\/wp-content\/uploads\/2020\/11\/La-residence-Leclerc2_002-212x300.jpg 212w, https:\/\/www.si-franconville.fr\/wp-content\/uploads\/2020\/11\/La-residence-Leclerc2_002-424x600.jpg 424w, https:\/\/www.si-franconville.fr\/wp-content\/uploads\/2020\/11\/La-residence-Leclerc2_002-768x1087.jpg 768w, https:\/\/www.si-franconville.fr\/wp-content\/uploads\/2020\/11\/La-residence-Leclerc2_002-620x877.jpg 620w\" sizes=\"auto, (max-width: 793px) 100vw, 793px\" \/><\/p>\n<p><img loading=\"lazy\" decoding=\"async\" class=\"alignnone wp-image-2359 size-full\" src=\"https:\/\/www.si-franconville.fr\/wp-content\/uploads\/2020\/10\/La-residence-Leclerc_002.jpg\" alt=\"\" width=\"793\" height=\"1122\" srcset=\"https:\/\/www.si-franconville.fr\/wp-content\/uploads\/2020\/10\/La-residence-Leclerc_002.jpg 793w, https:\/\/www.si-franconville.fr\/wp-content\/uploads\/2020\/10\/La-residence-Leclerc_002-212x300.jpg 212w, https:\/\/www.si-franconville.fr\/wp-content\/uploads\/2020\/10\/La-residence-Leclerc_002-424x600.jpg 424w, https:\/\/www.si-franconville.fr\/wp-content\/uploads\/2020\/10\/La-residence-Leclerc_002-768x1087.jpg 768w, https:\/\/www.si-franconville.fr\/wp-content\/uploads\/2020\/10\/La-residence-Leclerc_002-620x877.jpg 620w\" sizes=\"auto, (max-width: 793px) 100vw, 793px\" \/><\/p>\n<p><img loading=\"lazy\" decoding=\"async\" class=\"alignnone wp-image-2356 size-full\" src=\"https:\/\/www.si-franconville.fr\/wp-content\/uploads\/2020\/10\/La-residence-Leclerc_003.jpg\" alt=\"\" width=\"793\" height=\"1122\" srcset=\"https:\/\/www.si-franconville.fr\/wp-content\/uploads\/2020\/10\/La-residence-Leclerc_003.jpg 793w, https:\/\/www.si-franconville.fr\/wp-content\/uploads\/2020\/10\/La-residence-Leclerc_003-212x300.jpg 212w, https:\/\/www.si-franconville.fr\/wp-content\/uploads\/2020\/10\/La-residence-Leclerc_003-424x600.jpg 424w, https:\/\/www.si-franconville.fr\/wp-content\/uploads\/2020\/10\/La-residence-Leclerc_003-768x1087.jpg 768w, https:\/\/www.si-franconville.fr\/wp-content\/uploads\/2020\/10\/La-residence-Leclerc_003-620x877.jpg 620w\" sizes=\"auto, (max-width: 793px) 100vw, 793px\" \/><\/p>\n<p><img loading=\"lazy\" decoding=\"async\" class=\"alignnone wp-image-2357 size-full\" src=\"https:\/\/www.si-franconville.fr\/wp-content\/uploads\/2020\/10\/La-residence-Leclerc_004.jpg\" alt=\"\" width=\"793\" height=\"1122\" srcset=\"https:\/\/www.si-franconville.fr\/wp-content\/uploads\/2020\/10\/La-residence-Leclerc_004.jpg 793w, https:\/\/www.si-franconville.fr\/wp-content\/uploads\/2020\/10\/La-residence-Leclerc_004-212x300.jpg 212w, https:\/\/www.si-franconville.fr\/wp-content\/uploads\/2020\/10\/La-residence-Leclerc_004-424x600.jpg 424w, https:\/\/www.si-franconville.fr\/wp-content\/uploads\/2020\/10\/La-residence-Leclerc_004-768x1087.jpg 768w, https:\/\/www.si-franconville.fr\/wp-content\/uploads\/2020\/10\/La-residence-Leclerc_004-620x877.jpg 620w\" sizes=\"auto, (max-width: 793px) 100vw, 793px\" \/><\/p>\n<table style=\"border-collapse: collapse; width: 100%; height: 24px;\">\n<tbody>\n<tr style=\"height: 24px;\">\n<td style=\"width: 100%; height: 24px;\">Concerne Fran\u00e7ois, L\u00e9oty, Pinet, Bucher, Boucher, Cathala, Cr\u00e9tt\u00e9, Becquet.<\/td>\n<\/tr>\n<\/tbody>\n<\/table>\n","protected":false},"excerpt":{"rendered":"<p>\u00a0La r\u00e9sidence Leclerc Concerne Fran\u00e7ois, L\u00e9oty, Pinet, Bucher, Boucher, Cathala, Cr\u00e9tt\u00e9, Becquet.<\/p>\n","protected":false},"author":1,"featured_media":0,"parent":0,"menu_order":0,"comment_status":"closed","ping_status":"closed","template":"","meta":{"_monsterinsights_skip_tracking":false,"_monsterinsights_sitenote_active":false,"_monsterinsights_sitenote_note":"","_monsterinsights_sitenote_category":0,"footnotes":""},"class_list":["post-2355","page","type-page","status-publish","hentry"],"aioseo_notices":[],"_links":{"self":[{"href":"https:\/\/www.si-franconville.fr\/index.php\/wp-json\/wp\/v2\/pages\/2355","targetHints":{"allow":["GET"]}}],"collection":[{"href":"https:\/\/www.si-franconville.fr\/index.php\/wp-json\/wp\/v2\/pages"}],"about":[{"href":"https:\/\/www.si-franconville.fr\/index.php\/wp-json\/wp\/v2\/types\/page"}],"author":[{"embeddable":true,"href":"https:\/\/www.si-franconville.fr\/index.php\/wp-json\/wp\/v2\/users\/1"}],"replies":[{"embeddable":true,"href":"https:\/\/www.si-franconville.fr\/index.php\/wp-json\/wp\/v2\/comments?post=2355"}],"version-history":[{"count":5,"href":"https:\/\/www.si-franconville.fr\/index.php\/wp-json\/wp\/v2\/pages\/2355\/revisions"}],"predecessor-version":[{"id":3653,"href":"https:\/\/www.si-franconville.fr\/index.php\/wp-json\/wp\/v2\/pages\/2355\/revisions\/3653"}],"wp:attachment":[{"href":"https:\/\/www.si-franconville.fr\/index.php\/wp-json\/wp\/v2\/media?parent=2355"}],"curies":[{"name":"wp","href":"https:\/\/api.w.org\/{rel}","templated":true}]}}