{"id":2303,"date":"2020-08-28T10:52:31","date_gmt":"2020-08-28T08:52:31","guid":{"rendered":"https:\/\/www.si-franconville.fr\/?page_id=2303"},"modified":"2022-05-11T19:36:02","modified_gmt":"2022-05-11T17:36:02","slug":"les-pretres-preambule","status":"publish","type":"page","link":"https:\/\/www.si-franconville.fr\/index.php\/les-pretres-preambule\/","title":{"rendered":"les Pr\u00eatres pr\u00e9ambule"},"content":{"rendered":"<p><img loading=\"lazy\" decoding=\"async\" class=\"alignnone wp-image-2304 size-full\" src=\"https:\/\/www.si-franconville.fr\/wp-content\/uploads\/2020\/08\/Les-PRETRES-Preambules.jpg\" alt=\"\" width=\"793\" height=\"1122\" srcset=\"https:\/\/www.si-franconville.fr\/wp-content\/uploads\/2020\/08\/Les-PRETRES-Preambules.jpg 793w, https:\/\/www.si-franconville.fr\/wp-content\/uploads\/2020\/08\/Les-PRETRES-Preambules-212x300.jpg 212w, https:\/\/www.si-franconville.fr\/wp-content\/uploads\/2020\/08\/Les-PRETRES-Preambules-424x600.jpg 424w, https:\/\/www.si-franconville.fr\/wp-content\/uploads\/2020\/08\/Les-PRETRES-Preambules-768x1087.jpg 768w, https:\/\/www.si-franconville.fr\/wp-content\/uploads\/2020\/08\/Les-PRETRES-Preambules-620x877.jpg 620w\" sizes=\"auto, (max-width: 793px) 100vw, 793px\" \/><\/p>\n<table style=\"border-collapse: collapse; width: 100%;\">\n<tbody>\n<tr>\n<td style=\"width: 100%;\"><span style=\"font-family: arial, helvetica, sans-serif;\">Pr\u00eatres; Cure; \u00e9v\u00each\u00e9s;<\/span><\/td>\n<\/tr>\n<\/tbody>\n<\/table>\n","protected":false},"excerpt":{"rendered":"<p>Pr\u00eatres; Cure; \u00e9v\u00each\u00e9s;<\/p>\n","protected":false},"author":1,"featured_media":0,"parent":0,"menu_order":0,"comment_status":"closed","ping_status":"closed","template":"","meta":{"_monsterinsights_skip_tracking":false,"_monsterinsights_sitenote_active":false,"_monsterinsights_sitenote_note":"","_monsterinsights_sitenote_category":0,"footnotes":""},"class_list":["post-2303","page","type-page","status-publish","hentry"],"aioseo_notices":[],"_links":{"self":[{"href":"https:\/\/www.si-franconville.fr\/index.php\/wp-json\/wp\/v2\/pages\/2303","targetHints":{"allow":["GET"]}}],"collection":[{"href":"https:\/\/www.si-franconville.fr\/index.php\/wp-json\/wp\/v2\/pages"}],"about":[{"href":"https:\/\/www.si-franconville.fr\/index.php\/wp-json\/wp\/v2\/types\/page"}],"author":[{"embeddable":true,"href":"https:\/\/www.si-franconville.fr\/index.php\/wp-json\/wp\/v2\/users\/1"}],"replies":[{"embeddable":true,"href":"https:\/\/www.si-franconville.fr\/index.php\/wp-json\/wp\/v2\/comments?post=2303"}],"version-history":[{"count":4,"href":"https:\/\/www.si-franconville.fr\/index.php\/wp-json\/wp\/v2\/pages\/2303\/revisions"}],"predecessor-version":[{"id":3638,"href":"https:\/\/www.si-franconville.fr\/index.php\/wp-json\/wp\/v2\/pages\/2303\/revisions\/3638"}],"wp:attachment":[{"href":"https:\/\/www.si-franconville.fr\/index.php\/wp-json\/wp\/v2\/media?parent=2303"}],"curies":[{"name":"wp","href":"https:\/\/api.w.org\/{rel}","templated":true}]}}