{"id":1864,"date":"2020-03-04T19:56:50","date_gmt":"2020-03-04T18:56:50","guid":{"rendered":"http:\/\/www.si-franconville.fr\/?page_id=1864"},"modified":"2023-12-05T11:09:30","modified_gmt":"2023-12-05T10:09:30","slug":"le-saviez-vous-2","status":"publish","type":"page","link":"https:\/\/www.si-franconville.fr\/index.php\/le-saviez-vous-2\/","title":{"rendered":"Le saviez vous?"},"content":{"rendered":"<table style=\"width: 100%; border-collapse: collapse; background-color: #ffffff;\">\n<tbody>\n<tr>\n<td style=\"width: 100%;\">\n<table style=\"height: 64px; width: 95.3177%; border-collapse: collapse; background-color: #ffffff;\">\n<tbody>\n<tr>\n<td style=\"width: 100%;\"><span style=\"font-family: arial, helvetica, sans-serif; font-size: 18pt; background-color: #ff9900;\">\u00a0Ici vous trouverez un r\u00e9capitulatif des \u00e9v\u00e9nements\u00a0 et anecdotes qui se sont pass\u00e9s \u00e0 Franconville.<\/span><\/td>\n<\/tr>\n<\/tbody>\n<\/table>\n<table style=\"height: 244px; width: 37.3135%; border-collapse: collapse; background-color: #ffffff;\">\n<tbody>\n<tr style=\"height: 24px;\">\n<td style=\"width: 100%; height: 24px;\"><span style=\"font-family: arial, helvetica, sans-serif; color: #000000; font-size: 14pt; background-color: #ffff99;\"><a style=\"color: #000000; background-color: #ffff99;\" href=\"https:\/\/www.si-franconville.fr\/index.php\/1787-1806\/\">P\u00e9riode r\u00e9volutionnaire 1787-1806 .<\/a><\/span><\/td>\n<\/tr>\n<tr style=\"height: 24px;\">\n<td style=\"width: 100%; height: 24px;\"><span style=\"color: #000000; font-family: arial, helvetica, sans-serif; font-size: 14pt; background-color: #ffff99;\"><a style=\"color: #000000; background-color: #ffff99;\" href=\"https:\/\/www.si-franconville.fr\/index.php\/periode-1806-1814\/\">P\u00e9riode 1806-1814 .<\/a><\/span><\/td>\n<\/tr>\n<tr style=\"height: 24px;\">\n<td style=\"width: 100%; height: 24px;\"><span style=\"color: #000000; font-family: arial, helvetica, sans-serif; font-size: 14pt; background-color: #ffff99;\"><a style=\"color: #000000; background-color: #ffff99;\" href=\"https:\/\/www.si-franconville.fr\/index.php\/periode-1815-1859\/\">P\u00e9riode 1815-1859 .<\/a><\/span><\/td>\n<\/tr>\n<tr style=\"height: 24px;\">\n<td style=\"width: 100%; height: 24px;\"><span style=\"color: #000000; font-family: arial, helvetica, sans-serif; font-size: 14pt; background-color: #ffff99;\"><a style=\"color: #000000; background-color: #ffff99;\" href=\"https:\/\/www.si-franconville.fr\/index.php\/periode-1860-1899\/\">\u00a0P\u00e9riode 1860-1899 .<\/a><\/span><\/td>\n<\/tr>\n<tr style=\"height: 21px;\">\n<td style=\"width: 100%; height: 21px;\"><span style=\"color: #000000; font-family: arial, helvetica, sans-serif; font-size: 14pt; background-color: #ffff99;\"><a style=\"color: #000000; background-color: #ffff99;\" href=\"https:\/\/www.si-franconville.fr\/index.php\/periode-1900-1913\/\">\u00a0P\u00e9riode\u00a0 1900-1913 .<\/a><\/span><\/td>\n<\/tr>\n<tr style=\"height: 24px;\">\n<td style=\"width: 100%; height: 24px;\"><span style=\"color: #000000; font-family: arial, helvetica, sans-serif; font-size: 14pt; background-color: #ffff99;\"><a style=\"color: #000000; background-color: #ffff99;\" href=\"https:\/\/www.si-franconville.fr\/index.php\/periode-1914-1920\/\">\u00a0P\u00e9riode 1914-1920 .<\/a><\/span><\/td>\n<\/tr>\n<tr style=\"height: 24px;\">\n<td style=\"width: 100%; height: 24px;\"><span style=\"color: #000000; font-family: arial, helvetica, sans-serif; font-size: 14pt; background-color: #ffff99;\"><a style=\"color: #000000; background-color: #ffff99;\" href=\"https:\/\/www.si-franconville.fr\/index.php\/periode-1921-1930\/\">\u00a0P\u00e9riode 1921-1930 .<\/a><\/span><\/td>\n<\/tr>\n<tr style=\"height: 24px;\">\n<td style=\"width: 100%; height: 24px;\"><span style=\"color: #000000; font-family: arial, helvetica, sans-serif; font-size: 14pt; background-color: #ffff99;\"><a style=\"color: #000000; background-color: #ffff99;\" href=\"https:\/\/www.si-franconville.fr\/index.php\/periode-1931-1950\/\">\u00a0P\u00e9riode 1931-1950 .<\/a><\/span><\/td>\n<\/tr>\n<\/tbody>\n<\/table>\n<\/td>\n<\/tr>\n<\/tbody>\n<\/table>\n<p>&nbsp;<\/p>\n","protected":false},"excerpt":{"rendered":"<p>\u00a0Ici vous trouverez un r\u00e9capitulatif des \u00e9v\u00e9nements\u00a0 et anecdotes qui se sont pass\u00e9s \u00e0 Franconville. P\u00e9riode r\u00e9volutionnaire 1787-1806 . P\u00e9riode 1806-1814 . P\u00e9riode 1815-1859 . \u00a0P\u00e9riode 1860-1899 . \u00a0P\u00e9riode\u00a0 1900-1913 . \u00a0P\u00e9riode 1914-1920 . \u00a0P\u00e9riode 1921-1930 . \u00a0P\u00e9riode 1931-1950 . &nbsp;<\/p>\n","protected":false},"author":1,"featured_media":0,"parent":0,"menu_order":0,"comment_status":"closed","ping_status":"closed","template":"","meta":{"_monsterinsights_skip_tracking":false,"_monsterinsights_sitenote_active":false,"_monsterinsights_sitenote_note":"","_monsterinsights_sitenote_category":0,"footnotes":""},"class_list":["post-1864","page","type-page","status-publish","hentry"],"aioseo_notices":[],"_links":{"self":[{"href":"https:\/\/www.si-franconville.fr\/index.php\/wp-json\/wp\/v2\/pages\/1864","targetHints":{"allow":["GET"]}}],"collection":[{"href":"https:\/\/www.si-franconville.fr\/index.php\/wp-json\/wp\/v2\/pages"}],"about":[{"href":"https:\/\/www.si-franconville.fr\/index.php\/wp-json\/wp\/v2\/types\/page"}],"author":[{"embeddable":true,"href":"https:\/\/www.si-franconville.fr\/index.php\/wp-json\/wp\/v2\/users\/1"}],"replies":[{"embeddable":true,"href":"https:\/\/www.si-franconville.fr\/index.php\/wp-json\/wp\/v2\/comments?post=1864"}],"version-history":[{"count":16,"href":"https:\/\/www.si-franconville.fr\/index.php\/wp-json\/wp\/v2\/pages\/1864\/revisions"}],"predecessor-version":[{"id":4350,"href":"https:\/\/www.si-franconville.fr\/index.php\/wp-json\/wp\/v2\/pages\/1864\/revisions\/4350"}],"wp:attachment":[{"href":"https:\/\/www.si-franconville.fr\/index.php\/wp-json\/wp\/v2\/media?parent=1864"}],"curies":[{"name":"wp","href":"https:\/\/api.w.org\/{rel}","templated":true}]}}