{"id":1840,"date":"2020-02-29T10:22:29","date_gmt":"2020-02-29T09:22:29","guid":{"rendered":"http:\/\/www.si-franconville.fr\/?page_id=1840"},"modified":"2022-05-11T17:30:38","modified_gmt":"2022-05-11T15:30:38","slug":"telephone","status":"publish","type":"page","link":"https:\/\/www.si-franconville.fr\/index.php\/telephone\/","title":{"rendered":"T\u00e9l\u00e9phone"},"content":{"rendered":"<table style=\"border-collapse: collapse; width: 49.2215%;\">\n<tbody>\n<tr>\n<td style=\"width: 100%;\"><span style=\"font-family: arial, helvetica, sans-serif; font-size: 14pt; background-color: #ffffff;\"><span style=\"background-color: #ff9900;\">\u00a0T\u00e9l\u00e9graphe et le T\u00e9l\u00e9phone\u00a0\u00a0\u00a0\u00a0\u00a0\u00a0<\/span> <\/span><\/td>\n<\/tr>\n<\/tbody>\n<\/table>\n<p><img loading=\"lazy\" decoding=\"async\" class=\"alignnone wp-image-1847 size-full\" src=\"http:\/\/www.si-franconville.fr\/wp-content\/uploads\/2020\/02\/T\u00e9l\u00e9graphe-T\u00e9l\u00e9phone_001.jpg\" alt=\"\" width=\"793\" height=\"1122\" srcset=\"https:\/\/www.si-franconville.fr\/wp-content\/uploads\/2020\/02\/T\u00e9l\u00e9graphe-T\u00e9l\u00e9phone_001.jpg 793w, https:\/\/www.si-franconville.fr\/wp-content\/uploads\/2020\/02\/T\u00e9l\u00e9graphe-T\u00e9l\u00e9phone_001-212x300.jpg 212w, https:\/\/www.si-franconville.fr\/wp-content\/uploads\/2020\/02\/T\u00e9l\u00e9graphe-T\u00e9l\u00e9phone_001-424x600.jpg 424w, https:\/\/www.si-franconville.fr\/wp-content\/uploads\/2020\/02\/T\u00e9l\u00e9graphe-T\u00e9l\u00e9phone_001-768x1087.jpg 768w, https:\/\/www.si-franconville.fr\/wp-content\/uploads\/2020\/02\/T\u00e9l\u00e9graphe-T\u00e9l\u00e9phone_001-620x877.jpg 620w\" sizes=\"auto, (max-width: 793px) 100vw, 793px\" \/><\/p>\n<p><img loading=\"lazy\" decoding=\"async\" class=\"alignnone wp-image-1851 size-full\" src=\"http:\/\/www.si-franconville.fr\/wp-content\/uploads\/2020\/02\/T\u00e9l\u00e9graphe-T\u00e9l\u00e9phone_002-1.jpg\" alt=\"\" width=\"793\" height=\"1122\" srcset=\"https:\/\/www.si-franconville.fr\/wp-content\/uploads\/2020\/02\/T\u00e9l\u00e9graphe-T\u00e9l\u00e9phone_002-1.jpg 793w, https:\/\/www.si-franconville.fr\/wp-content\/uploads\/2020\/02\/T\u00e9l\u00e9graphe-T\u00e9l\u00e9phone_002-1-212x300.jpg 212w, https:\/\/www.si-franconville.fr\/wp-content\/uploads\/2020\/02\/T\u00e9l\u00e9graphe-T\u00e9l\u00e9phone_002-1-424x600.jpg 424w, https:\/\/www.si-franconville.fr\/wp-content\/uploads\/2020\/02\/T\u00e9l\u00e9graphe-T\u00e9l\u00e9phone_002-1-768x1087.jpg 768w, https:\/\/www.si-franconville.fr\/wp-content\/uploads\/2020\/02\/T\u00e9l\u00e9graphe-T\u00e9l\u00e9phone_002-1-620x877.jpg 620w\" sizes=\"auto, (max-width: 793px) 100vw, 793px\" \/><\/p>\n<p>&nbsp;<\/p>\n<p><img loading=\"lazy\" decoding=\"async\" class=\"alignnone wp-image-1842 size-full\" src=\"http:\/\/www.si-franconville.fr\/wp-content\/uploads\/2020\/02\/T\u00e9l\u00e9graphe-T\u00e9l\u00e9phone_003.jpg\" alt=\"\" width=\"793\" height=\"1122\" srcset=\"https:\/\/www.si-franconville.fr\/wp-content\/uploads\/2020\/02\/T\u00e9l\u00e9graphe-T\u00e9l\u00e9phone_003.jpg 793w, https:\/\/www.si-franconville.fr\/wp-content\/uploads\/2020\/02\/T\u00e9l\u00e9graphe-T\u00e9l\u00e9phone_003-212x300.jpg 212w, https:\/\/www.si-franconville.fr\/wp-content\/uploads\/2020\/02\/T\u00e9l\u00e9graphe-T\u00e9l\u00e9phone_003-424x600.jpg 424w, https:\/\/www.si-franconville.fr\/wp-content\/uploads\/2020\/02\/T\u00e9l\u00e9graphe-T\u00e9l\u00e9phone_003-768x1087.jpg 768w, https:\/\/www.si-franconville.fr\/wp-content\/uploads\/2020\/02\/T\u00e9l\u00e9graphe-T\u00e9l\u00e9phone_003-620x877.jpg 620w\" sizes=\"auto, (max-width: 793px) 100vw, 793px\" \/><\/p>\n<p><img loading=\"lazy\" decoding=\"async\" class=\"alignnone wp-image-1843 size-full\" src=\"http:\/\/www.si-franconville.fr\/wp-content\/uploads\/2020\/02\/T\u00e9l\u00e9graphe-T\u00e9l\u00e9phone_004.jpg\" alt=\"\" width=\"793\" height=\"1122\" srcset=\"https:\/\/www.si-franconville.fr\/wp-content\/uploads\/2020\/02\/T\u00e9l\u00e9graphe-T\u00e9l\u00e9phone_004.jpg 793w, https:\/\/www.si-franconville.fr\/wp-content\/uploads\/2020\/02\/T\u00e9l\u00e9graphe-T\u00e9l\u00e9phone_004-212x300.jpg 212w, https:\/\/www.si-franconville.fr\/wp-content\/uploads\/2020\/02\/T\u00e9l\u00e9graphe-T\u00e9l\u00e9phone_004-424x600.jpg 424w, https:\/\/www.si-franconville.fr\/wp-content\/uploads\/2020\/02\/T\u00e9l\u00e9graphe-T\u00e9l\u00e9phone_004-768x1087.jpg 768w, https:\/\/www.si-franconville.fr\/wp-content\/uploads\/2020\/02\/T\u00e9l\u00e9graphe-T\u00e9l\u00e9phone_004-620x877.jpg 620w\" sizes=\"auto, (max-width: 793px) 100vw, 793px\" \/><\/p>\n<p><img loading=\"lazy\" decoding=\"async\" class=\"alignnone wp-image-1844 size-full\" src=\"http:\/\/www.si-franconville.fr\/wp-content\/uploads\/2020\/02\/T\u00e9l\u00e9graphe-T\u00e9l\u00e9phone_005.jpg\" alt=\"\" width=\"793\" height=\"1122\" srcset=\"https:\/\/www.si-franconville.fr\/wp-content\/uploads\/2020\/02\/T\u00e9l\u00e9graphe-T\u00e9l\u00e9phone_005.jpg 793w, https:\/\/www.si-franconville.fr\/wp-content\/uploads\/2020\/02\/T\u00e9l\u00e9graphe-T\u00e9l\u00e9phone_005-212x300.jpg 212w, https:\/\/www.si-franconville.fr\/wp-content\/uploads\/2020\/02\/T\u00e9l\u00e9graphe-T\u00e9l\u00e9phone_005-424x600.jpg 424w, https:\/\/www.si-franconville.fr\/wp-content\/uploads\/2020\/02\/T\u00e9l\u00e9graphe-T\u00e9l\u00e9phone_005-768x1087.jpg 768w, https:\/\/www.si-franconville.fr\/wp-content\/uploads\/2020\/02\/T\u00e9l\u00e9graphe-T\u00e9l\u00e9phone_005-620x877.jpg 620w\" sizes=\"auto, (max-width: 793px) 100vw, 793px\" \/><\/p>\n<p><img loading=\"lazy\" decoding=\"async\" class=\"alignnone wp-image-1845 size-full\" src=\"http:\/\/www.si-franconville.fr\/wp-content\/uploads\/2020\/02\/T\u00e9l\u00e9graphe-T\u00e9l\u00e9phone_006.jpg\" alt=\"\" width=\"793\" height=\"1122\" srcset=\"https:\/\/www.si-franconville.fr\/wp-content\/uploads\/2020\/02\/T\u00e9l\u00e9graphe-T\u00e9l\u00e9phone_006.jpg 793w, https:\/\/www.si-franconville.fr\/wp-content\/uploads\/2020\/02\/T\u00e9l\u00e9graphe-T\u00e9l\u00e9phone_006-212x300.jpg 212w, https:\/\/www.si-franconville.fr\/wp-content\/uploads\/2020\/02\/T\u00e9l\u00e9graphe-T\u00e9l\u00e9phone_006-424x600.jpg 424w, https:\/\/www.si-franconville.fr\/wp-content\/uploads\/2020\/02\/T\u00e9l\u00e9graphe-T\u00e9l\u00e9phone_006-768x1087.jpg 768w, https:\/\/www.si-franconville.fr\/wp-content\/uploads\/2020\/02\/T\u00e9l\u00e9graphe-T\u00e9l\u00e9phone_006-620x877.jpg 620w\" sizes=\"auto, (max-width: 793px) 100vw, 793px\" \/><\/p>\n<p>&nbsp;<\/p>\n<p><img loading=\"lazy\" decoding=\"async\" class=\"alignnone wp-image-1846 size-full\" src=\"http:\/\/www.si-franconville.fr\/wp-content\/uploads\/2020\/02\/T\u00e9l\u00e9graphe-T\u00e9l\u00e9phone_007.jpg\" alt=\"\" width=\"793\" height=\"1122\" srcset=\"https:\/\/www.si-franconville.fr\/wp-content\/uploads\/2020\/02\/T\u00e9l\u00e9graphe-T\u00e9l\u00e9phone_007.jpg 793w, https:\/\/www.si-franconville.fr\/wp-content\/uploads\/2020\/02\/T\u00e9l\u00e9graphe-T\u00e9l\u00e9phone_007-212x300.jpg 212w, https:\/\/www.si-franconville.fr\/wp-content\/uploads\/2020\/02\/T\u00e9l\u00e9graphe-T\u00e9l\u00e9phone_007-424x600.jpg 424w, https:\/\/www.si-franconville.fr\/wp-content\/uploads\/2020\/02\/T\u00e9l\u00e9graphe-T\u00e9l\u00e9phone_007-768x1087.jpg 768w, https:\/\/www.si-franconville.fr\/wp-content\/uploads\/2020\/02\/T\u00e9l\u00e9graphe-T\u00e9l\u00e9phone_007-620x877.jpg 620w\" sizes=\"auto, (max-width: 793px) 100vw, 793px\" \/><\/p>\n<table style=\"border-collapse: collapse; width: 70.8516%;\">\n<tbody>\n<tr>\n<td style=\"width: 100%;\"><span style=\"font-family: arial, helvetica, sans-serif; font-size: 14pt;\">T\u00e9l\u00e9graphe<\/span><\/td>\n<\/tr>\n<\/tbody>\n<\/table>\n<table style=\"border-collapse: collapse; width: 100%;\">\n<tbody>\n<tr>\n<td style=\"width: 100%;\"><span style=\"font-family: arial, helvetica, sans-serif; font-size: 14pt;\">T\u00e9l\u00e9phone<\/span><\/td>\n<\/tr>\n<\/tbody>\n<\/table>\n","protected":false},"excerpt":{"rendered":"<p>\u00a0T\u00e9l\u00e9graphe et le T\u00e9l\u00e9phone\u00a0\u00a0\u00a0\u00a0\u00a0\u00a0 &nbsp; &nbsp; T\u00e9l\u00e9graphe T\u00e9l\u00e9phone<\/p>\n","protected":false},"author":1,"featured_media":0,"parent":0,"menu_order":0,"comment_status":"closed","ping_status":"closed","template":"","meta":{"_monsterinsights_skip_tracking":false,"_monsterinsights_sitenote_active":false,"_monsterinsights_sitenote_note":"","_monsterinsights_sitenote_category":0,"footnotes":""},"class_list":["post-1840","page","type-page","status-publish","hentry"],"aioseo_notices":[],"_links":{"self":[{"href":"https:\/\/www.si-franconville.fr\/index.php\/wp-json\/wp\/v2\/pages\/1840","targetHints":{"allow":["GET"]}}],"collection":[{"href":"https:\/\/www.si-franconville.fr\/index.php\/wp-json\/wp\/v2\/pages"}],"about":[{"href":"https:\/\/www.si-franconville.fr\/index.php\/wp-json\/wp\/v2\/types\/page"}],"author":[{"embeddable":true,"href":"https:\/\/www.si-franconville.fr\/index.php\/wp-json\/wp\/v2\/users\/1"}],"replies":[{"embeddable":true,"href":"https:\/\/www.si-franconville.fr\/index.php\/wp-json\/wp\/v2\/comments?post=1840"}],"version-history":[{"count":5,"href":"https:\/\/www.si-franconville.fr\/index.php\/wp-json\/wp\/v2\/pages\/1840\/revisions"}],"predecessor-version":[{"id":3590,"href":"https:\/\/www.si-franconville.fr\/index.php\/wp-json\/wp\/v2\/pages\/1840\/revisions\/3590"}],"wp:attachment":[{"href":"https:\/\/www.si-franconville.fr\/index.php\/wp-json\/wp\/v2\/media?parent=1840"}],"curies":[{"name":"wp","href":"https:\/\/api.w.org\/{rel}","templated":true}]}}