{"id":1105,"date":"2019-10-25T13:21:12","date_gmt":"2019-10-25T11:21:12","guid":{"rendered":"http:\/\/si-franconville.fr\/?page_id=1105"},"modified":"2022-05-11T11:44:10","modified_gmt":"2022-05-11T09:44:10","slug":"carre-militaire","status":"publish","type":"page","link":"https:\/\/www.si-franconville.fr\/index.php\/carre-militaire\/","title":{"rendered":"Carr\u00e9 militaire"},"content":{"rendered":"<table style=\"border-collapse: collapse; width: 74.1999%;\">\n<tbody>\n<tr>\n<td style=\"width: 100%;\"><span style=\"font-family: arial, helvetica, sans-serif; font-size: 14pt; background-color: #ff9900;\">\u00a0Le carr\u00e9 militaire fut cr\u00e9\u00e9 apr\u00e8s la demande de Mme Viraveau en avril 1926<\/span><\/td>\n<\/tr>\n<\/tbody>\n<\/table>\n<p><span style=\"font-family: arial, helvetica, sans-serif;\"><span style=\"font-size: 18pt;\">\u00a0<\/span><\/span><\/p>\n<p><img loading=\"lazy\" decoding=\"async\" class=\"alignnone wp-image-786 size-full\" src=\"http:\/\/si-franconville.fr\/wp-content\/uploads\/2019\/09\/Site-le-carr\u00e9-militaire_001.jpg\" alt=\"\" width=\"793\" height=\"1122\" srcset=\"https:\/\/www.si-franconville.fr\/wp-content\/uploads\/2019\/09\/Site-le-carr\u00e9-militaire_001.jpg 793w, https:\/\/www.si-franconville.fr\/wp-content\/uploads\/2019\/09\/Site-le-carr\u00e9-militaire_001-212x300.jpg 212w, https:\/\/www.si-franconville.fr\/wp-content\/uploads\/2019\/09\/Site-le-carr\u00e9-militaire_001-768x1087.jpg 768w, https:\/\/www.si-franconville.fr\/wp-content\/uploads\/2019\/09\/Site-le-carr\u00e9-militaire_001-424x600.jpg 424w, https:\/\/www.si-franconville.fr\/wp-content\/uploads\/2019\/09\/Site-le-carr\u00e9-militaire_001-620x877.jpg 620w\" sizes=\"auto, (max-width: 793px) 100vw, 793px\" \/><\/p>\n<p><img loading=\"lazy\" decoding=\"async\" class=\"alignnone wp-image-787 size-full\" src=\"http:\/\/si-franconville.fr\/wp-content\/uploads\/2019\/09\/Site-le-carr\u00e9-militaire_002.jpg\" alt=\"\" width=\"793\" height=\"1122\" srcset=\"https:\/\/www.si-franconville.fr\/wp-content\/uploads\/2019\/09\/Site-le-carr\u00e9-militaire_002.jpg 793w, https:\/\/www.si-franconville.fr\/wp-content\/uploads\/2019\/09\/Site-le-carr\u00e9-militaire_002-212x300.jpg 212w, https:\/\/www.si-franconville.fr\/wp-content\/uploads\/2019\/09\/Site-le-carr\u00e9-militaire_002-768x1087.jpg 768w, https:\/\/www.si-franconville.fr\/wp-content\/uploads\/2019\/09\/Site-le-carr\u00e9-militaire_002-424x600.jpg 424w, https:\/\/www.si-franconville.fr\/wp-content\/uploads\/2019\/09\/Site-le-carr\u00e9-militaire_002-620x877.jpg 620w\" sizes=\"auto, (max-width: 793px) 100vw, 793px\" \/><\/p>\n<p><img loading=\"lazy\" decoding=\"async\" class=\"alignnone wp-image-788 size-full\" src=\"http:\/\/si-franconville.fr\/wp-content\/uploads\/2019\/09\/Site-le-carr\u00e9-militaire_003.jpg\" alt=\"\" width=\"793\" height=\"1122\" srcset=\"https:\/\/www.si-franconville.fr\/wp-content\/uploads\/2019\/09\/Site-le-carr\u00e9-militaire_003.jpg 793w, https:\/\/www.si-franconville.fr\/wp-content\/uploads\/2019\/09\/Site-le-carr\u00e9-militaire_003-212x300.jpg 212w, https:\/\/www.si-franconville.fr\/wp-content\/uploads\/2019\/09\/Site-le-carr\u00e9-militaire_003-768x1087.jpg 768w, https:\/\/www.si-franconville.fr\/wp-content\/uploads\/2019\/09\/Site-le-carr\u00e9-militaire_003-424x600.jpg 424w, https:\/\/www.si-franconville.fr\/wp-content\/uploads\/2019\/09\/Site-le-carr\u00e9-militaire_003-620x877.jpg 620w\" sizes=\"auto, (max-width: 793px) 100vw, 793px\" \/><\/p>\n<p><img loading=\"lazy\" decoding=\"async\" class=\"alignnone wp-image-789 size-full\" src=\"http:\/\/si-franconville.fr\/wp-content\/uploads\/2019\/09\/Site-le-carr\u00e9-militaire_004.jpg\" alt=\"\" width=\"793\" height=\"1122\" srcset=\"https:\/\/www.si-franconville.fr\/wp-content\/uploads\/2019\/09\/Site-le-carr\u00e9-militaire_004.jpg 793w, https:\/\/www.si-franconville.fr\/wp-content\/uploads\/2019\/09\/Site-le-carr\u00e9-militaire_004-212x300.jpg 212w, https:\/\/www.si-franconville.fr\/wp-content\/uploads\/2019\/09\/Site-le-carr\u00e9-militaire_004-768x1087.jpg 768w, https:\/\/www.si-franconville.fr\/wp-content\/uploads\/2019\/09\/Site-le-carr\u00e9-militaire_004-424x600.jpg 424w, https:\/\/www.si-franconville.fr\/wp-content\/uploads\/2019\/09\/Site-le-carr\u00e9-militaire_004-620x877.jpg 620w\" sizes=\"auto, (max-width: 793px) 100vw, 793px\" \/><\/p>\n<p><img loading=\"lazy\" decoding=\"async\" class=\"alignnone wp-image-790 size-full\" src=\"http:\/\/si-franconville.fr\/wp-content\/uploads\/2019\/09\/Site-le-carr\u00e9-militaire_005.jpg\" alt=\"\" width=\"793\" height=\"1122\" srcset=\"https:\/\/www.si-franconville.fr\/wp-content\/uploads\/2019\/09\/Site-le-carr\u00e9-militaire_005.jpg 793w, https:\/\/www.si-franconville.fr\/wp-content\/uploads\/2019\/09\/Site-le-carr\u00e9-militaire_005-212x300.jpg 212w, https:\/\/www.si-franconville.fr\/wp-content\/uploads\/2019\/09\/Site-le-carr\u00e9-militaire_005-768x1087.jpg 768w, https:\/\/www.si-franconville.fr\/wp-content\/uploads\/2019\/09\/Site-le-carr\u00e9-militaire_005-424x600.jpg 424w, https:\/\/www.si-franconville.fr\/wp-content\/uploads\/2019\/09\/Site-le-carr\u00e9-militaire_005-620x877.jpg 620w\" sizes=\"auto, (max-width: 793px) 100vw, 793px\" \/><\/p>\n<p>Carr\u00e9 militaire<\/p>\n","protected":false},"excerpt":{"rendered":"<p>\u00a0Le carr\u00e9 militaire fut cr\u00e9\u00e9 apr\u00e8s la demande de Mme Viraveau en avril 1926 \u00a0 Carr\u00e9 militaire<\/p>\n","protected":false},"author":1,"featured_media":0,"parent":0,"menu_order":0,"comment_status":"closed","ping_status":"closed","template":"","meta":{"_monsterinsights_skip_tracking":false,"_monsterinsights_sitenote_active":false,"_monsterinsights_sitenote_note":"","_monsterinsights_sitenote_category":0,"footnotes":""},"class_list":["post-1105","page","type-page","status-publish","hentry"],"aioseo_notices":[],"_links":{"self":[{"href":"https:\/\/www.si-franconville.fr\/index.php\/wp-json\/wp\/v2\/pages\/1105","targetHints":{"allow":["GET"]}}],"collection":[{"href":"https:\/\/www.si-franconville.fr\/index.php\/wp-json\/wp\/v2\/pages"}],"about":[{"href":"https:\/\/www.si-franconville.fr\/index.php\/wp-json\/wp\/v2\/types\/page"}],"author":[{"embeddable":true,"href":"https:\/\/www.si-franconville.fr\/index.php\/wp-json\/wp\/v2\/users\/1"}],"replies":[{"embeddable":true,"href":"https:\/\/www.si-franconville.fr\/index.php\/wp-json\/wp\/v2\/comments?post=1105"}],"version-history":[{"count":8,"href":"https:\/\/www.si-franconville.fr\/index.php\/wp-json\/wp\/v2\/pages\/1105\/revisions"}],"predecessor-version":[{"id":3489,"href":"https:\/\/www.si-franconville.fr\/index.php\/wp-json\/wp\/v2\/pages\/1105\/revisions\/3489"}],"wp:attachment":[{"href":"https:\/\/www.si-franconville.fr\/index.php\/wp-json\/wp\/v2\/media?parent=1105"}],"curies":[{"name":"wp","href":"https:\/\/api.w.org\/{rel}","templated":true}]}}